{"id":5035,"date":"2025-10-24T16:15:33","date_gmt":"2025-10-24T08:15:33","guid":{"rendered":"https:\/\/issrsensor.com\/?post_type=product&#038;p=5035"},"modified":"2026-01-22T16:24:01","modified_gmt":"2026-01-22T08:24:01","slug":"uav-microwave-radar-altimeter-isu60hr","status":"publish","type":"product","link":"https:\/\/issrsensor.com\/de\/products\/uav-microwave-radar-altimeter-isu60hr\/","title":{"rendered":"ISSR UAV-H\u00f6henmesser Mikrowellenradar"},"content":{"rendered":"","protected":false},"excerpt":{"rendered":"","protected":false},"featured_media":5036,"template":"","meta":{"_acf_changed":false},"product_brand":[],"product_cat":[72,24],"product_tag":[],"class_list":{"0":"post-5035","1":"product","2":"type-product","3":"status-publish","4":"has-post-thumbnail","6":"product_cat-finished-radar-products","7":"product_cat-microwave-radars","9":"first","10":"instock","11":"featured","12":"shipping-taxable","13":"product-type-simple"},"acf":[],"yoast_head":"<!-- This site is optimized with the Yoast SEO Premium plugin v26.8 (Yoast SEO v26.8) - https:\/\/yoast.com\/product\/yoast-seo-premium-wordpress\/ -->\n<title>Precision UAV Microwave Radar Altimeter for Drones<\/title>\n<meta name=\"description\" content=\"Enhance drone stability with our industrial UAV microwave radar altimeter. W-band technology ensures precise terrain following over water, grass, and dust.\" \/>\n<meta name=\"robots\" content=\"index, follow, max-snippet:-1, max-image-preview:large, max-video-preview:-1\" \/>\n<link rel=\"canonical\" href=\"https:\/\/issrsensor.com\/de\/products\/uav-microwave-radar-altimeter-isu60hr\/\" \/>\n<meta property=\"og:locale\" content=\"de_DE\" \/>\n<meta property=\"og:type\" content=\"article\" \/>\n<meta property=\"og:title\" content=\"ISSR UAV Altimeter Microwave Radar\" \/>\n<meta property=\"og:description\" content=\"Enhance drone stability with our industrial UAV microwave radar altimeter. W-band technology ensures precise terrain following over water, grass, and dust.\" \/>\n<meta property=\"og:url\" content=\"https:\/\/issrsensor.com\/de\/products\/uav-microwave-radar-altimeter-isu60hr\/\" \/>\n<meta property=\"og:site_name\" content=\"ISSR\" \/>\n<meta property=\"article:publisher\" content=\"https:\/\/www.facebook.com\/profile.php?id=61576721946113\" \/>\n<meta property=\"article:modified_time\" content=\"2026-01-22T08:24:01+00:00\" \/>\n<meta property=\"og:image\" content=\"https:\/\/issrsensor.com\/wp-content\/uploads\/2025\/10\/ISU60HR-Drone-altimeter-microwave-radar-1.png\" \/>\n\t<meta property=\"og:image:width\" content=\"800\" \/>\n\t<meta property=\"og:image:height\" content=\"800\" \/>\n\t<meta property=\"og:image:type\" content=\"image\/png\" \/>\n<meta name=\"twitter:card\" content=\"summary_large_image\" \/>\n<meta name=\"twitter:site\" content=\"@issrsensor\" \/>\n<meta name=\"twitter:label1\" content=\"Preis\" \/>\n\t<meta name=\"twitter:data1\" content=\"\" \/>\n\t<meta name=\"twitter:label2\" content=\"Verf\u00fcgbarkeit\" \/>\n\t<meta name=\"twitter:data2\" content=\"Auf Lager\" \/>\n<script type=\"application\/ld+json\" class=\"yoast-schema-graph\">{\"@context\":\"https:\/\/schema.org\",\"@graph\":[{\"@type\":\"WebPage\",\"@id\":\"https:\/\/issrsensor.com\/products\/uav-microwave-radar-altimeter-isu60hr\/\",\"url\":\"https:\/\/issrsensor.com\/products\/uav-microwave-radar-altimeter-isu60hr\/\",\"name\":\"Precision UAV Microwave Radar Altimeter for Drones\",\"isPartOf\":{\"@id\":\"https:\/\/issrsensor.com\/#website\"},\"primaryImageOfPage\":{\"@id\":\"https:\/\/issrsensor.com\/products\/uav-microwave-radar-altimeter-isu60hr\/#primaryimage\"},\"image\":{\"@id\":\"https:\/\/issrsensor.com\/products\/uav-microwave-radar-altimeter-isu60hr\/#primaryimage\"},\"thumbnailUrl\":\"https:\/\/issrsensor.com\/wp-content\/uploads\/2025\/10\/ISU60HR-Drone-altimeter-microwave-radar-1.png\",\"datePublished\":\"2025-10-24T08:15:33+00:00\",\"dateModified\":\"2026-01-22T08:24:01+00:00\",\"description\":\"Enhance drone stability with our industrial UAV microwave radar altimeter. W-band technology ensures precise terrain following over water, grass, and dust.\",\"breadcrumb\":{\"@id\":\"https:\/\/issrsensor.com\/products\/uav-microwave-radar-altimeter-isu60hr\/#breadcrumb\"},\"inLanguage\":\"de\",\"potentialAction\":[{\"@type\":\"ReadAction\",\"target\":[\"https:\/\/issrsensor.com\/products\/uav-microwave-radar-altimeter-isu60hr\/\"]}]},{\"@type\":\"ImageObject\",\"inLanguage\":\"de\",\"@id\":\"https:\/\/issrsensor.com\/products\/uav-microwave-radar-altimeter-isu60hr\/#primaryimage\",\"url\":\"https:\/\/issrsensor.com\/wp-content\/uploads\/2025\/10\/ISU60HR-Drone-altimeter-microwave-radar-1.png\",\"contentUrl\":\"https:\/\/issrsensor.com\/wp-content\/uploads\/2025\/10\/ISU60HR-Drone-altimeter-microwave-radar-1.png\",\"width\":800,\"height\":800,\"caption\":\"ISU60HR-Drone altimeter microwave radar-1\"},{\"@type\":\"BreadcrumbList\",\"@id\":\"https:\/\/issrsensor.com\/products\/uav-microwave-radar-altimeter-isu60hr\/#breadcrumb\",\"itemListElement\":[{\"@type\":\"ListItem\",\"position\":1,\"name\":\"Home\",\"item\":\"https:\/\/issrsensor.com\/\"},{\"@type\":\"ListItem\",\"position\":2,\"name\":\"Products\",\"item\":\"https:\/\/issrsensor.com\/shop-page\/\"},{\"@type\":\"ListItem\",\"position\":3,\"name\":\"Microwave Radars\",\"item\":\"https:\/\/issrsensor.com\/product-category\/microwave-radars\/\"},{\"@type\":\"ListItem\",\"position\":4,\"name\":\"Finished Radar Products\",\"item\":\"https:\/\/issrsensor.com\/product-category\/microwave-radars\/finished-radar-products\/\"},{\"@type\":\"ListItem\",\"position\":5,\"name\":\"ISSR UAV Altimeter Microwave Radar\"}]},{\"@type\":\"WebSite\",\"@id\":\"https:\/\/issrsensor.com\/#website\",\"url\":\"https:\/\/issrsensor.com\/\",\"name\":\"ISSR-Ultrasonic Sensor Transducer Microwave Radar Piezoelectric Ceramics Manufacturer\",\"description\":\"Ultrasonic Sensor Manufacturer\",\"publisher\":{\"@id\":\"https:\/\/issrsensor.com\/#organization\"},\"alternateName\":\"ISSR\",\"potentialAction\":[{\"@type\":\"SearchAction\",\"target\":{\"@type\":\"EntryPoint\",\"urlTemplate\":\"https:\/\/issrsensor.com\/?s={search_term_string}\"},\"query-input\":{\"@type\":\"PropertyValueSpecification\",\"valueRequired\":true,\"valueName\":\"search_term_string\"}}],\"inLanguage\":\"de\"},{\"@type\":\"Organization\",\"@id\":\"https:\/\/issrsensor.com\/#organization\",\"name\":\"ISSR-Ultrasonic Sensor Transducer Microwave Radar Piezoelectric Ceramic Manufacturer\",\"alternateName\":\"ISSR\",\"url\":\"https:\/\/issrsensor.com\/\",\"logo\":{\"@type\":\"ImageObject\",\"inLanguage\":\"de\",\"@id\":\"https:\/\/issrsensor.com\/#\/schema\/logo\/image\/\",\"url\":\"https:\/\/issrsensor.com\/wp-content\/uploads\/2025\/10\/cropped-icon.jpg\",\"contentUrl\":\"https:\/\/issrsensor.com\/wp-content\/uploads\/2025\/10\/cropped-icon.jpg\",\"width\":512,\"height\":512,\"caption\":\"ISSR-Ultrasonic Sensor Transducer Microwave Radar Piezoelectric Ceramic Manufacturer\"},\"image\":{\"@id\":\"https:\/\/issrsensor.com\/#\/schema\/logo\/image\/\"},\"sameAs\":[\"https:\/\/www.facebook.com\/profile.php?id=61576721946113\",\"https:\/\/x.com\/issrsensor\",\"https:\/\/mastodon.social\/@issrsensor\",\"https:\/\/www.youtube.com\/@issrsensor\",\"https:\/\/www.pinterest.com\/issrsensor\/\",\"https:\/\/www.tumblr.com\/issrsensor\",\"https:\/\/medium.com\/@issrsensor\",\"https:\/\/www.linkedin.com\/in\/issrsensor\/\"],\"description\":\"SAUNGYU is a leading OEM manufacture of high-quality Bookshelf Speakers, Soundbar Speakers, Subwoofers, Outdoor Portable Speakers, Hotel Cinema Speakers and more for esteemed brands across the world.\",\"legalName\":\"Shenzhen Saungyu Digital Technology Co., Ltd.\",\"foundingDate\":\"2004-01-01\",\"numberOfEmployees\":{\"@type\":\"QuantitativeValue\",\"minValue\":\"51\",\"maxValue\":\"200\"}}]}<\/script>\n<meta property=\"product:price:currency\" content=\"CNY\" \/>\n<meta property=\"og:availability\" content=\"instock\" \/>\n<meta property=\"product:availability\" content=\"instock\" \/>\n<meta property=\"product:condition\" content=\"new\" \/>\n<!-- \/ Yoast SEO Premium plugin. -->","yoast_head_json":{"title":"Precision UAV Microwave Radar Altimeter for Drones","description":"Enhance drone stability with our industrial UAV microwave radar altimeter. W-band technology ensures precise terrain following over water, grass, and dust.","robots":{"index":"index","follow":"follow","max-snippet":"max-snippet:-1","max-image-preview":"max-image-preview:large","max-video-preview":"max-video-preview:-1"},"canonical":"https:\/\/issrsensor.com\/de\/products\/uav-microwave-radar-altimeter-isu60hr\/","og_locale":"de_DE","og_type":"article","og_title":"ISSR UAV Altimeter Microwave Radar","og_description":"Enhance drone stability with our industrial UAV microwave radar altimeter. W-band technology ensures precise terrain following over water, grass, and dust.","og_url":"https:\/\/issrsensor.com\/de\/products\/uav-microwave-radar-altimeter-isu60hr\/","og_site_name":"ISSR","article_publisher":"https:\/\/www.facebook.com\/profile.php?id=61576721946113","article_modified_time":"2026-01-22T08:24:01+00:00","og_image":[{"width":800,"height":800,"url":"https:\/\/issrsensor.com\/wp-content\/uploads\/2025\/10\/ISU60HR-Drone-altimeter-microwave-radar-1.png","type":"image\/png"}],"twitter_card":"summary_large_image","twitter_site":"@issrsensor","twitter_misc":{"Preis":"","Verf\u00fcgbarkeit":"Auf Lager"},"schema":{"@context":"https:\/\/schema.org","@graph":[{"@type":"WebPage","@id":"https:\/\/issrsensor.com\/products\/uav-microwave-radar-altimeter-isu60hr\/","url":"https:\/\/issrsensor.com\/products\/uav-microwave-radar-altimeter-isu60hr\/","name":"Precision UAV Microwave Radar Altimeter for Drones","isPartOf":{"@id":"https:\/\/issrsensor.com\/#website"},"primaryImageOfPage":{"@id":"https:\/\/issrsensor.com\/products\/uav-microwave-radar-altimeter-isu60hr\/#primaryimage"},"image":{"@id":"https:\/\/issrsensor.com\/products\/uav-microwave-radar-altimeter-isu60hr\/#primaryimage"},"thumbnailUrl":"https:\/\/issrsensor.com\/wp-content\/uploads\/2025\/10\/ISU60HR-Drone-altimeter-microwave-radar-1.png","datePublished":"2025-10-24T08:15:33+00:00","dateModified":"2026-01-22T08:24:01+00:00","description":"Enhance drone stability with our industrial UAV microwave radar altimeter. W-band technology ensures precise terrain following over water, grass, and dust.","breadcrumb":{"@id":"https:\/\/issrsensor.com\/products\/uav-microwave-radar-altimeter-isu60hr\/#breadcrumb"},"inLanguage":"de","potentialAction":[{"@type":"ReadAction","target":["https:\/\/issrsensor.com\/products\/uav-microwave-radar-altimeter-isu60hr\/"]}]},{"@type":"ImageObject","inLanguage":"de","@id":"https:\/\/issrsensor.com\/products\/uav-microwave-radar-altimeter-isu60hr\/#primaryimage","url":"https:\/\/issrsensor.com\/wp-content\/uploads\/2025\/10\/ISU60HR-Drone-altimeter-microwave-radar-1.png","contentUrl":"https:\/\/issrsensor.com\/wp-content\/uploads\/2025\/10\/ISU60HR-Drone-altimeter-microwave-radar-1.png","width":800,"height":800,"caption":"ISU60HR-Drone altimeter microwave radar-1"},{"@type":"BreadcrumbList","@id":"https:\/\/issrsensor.com\/products\/uav-microwave-radar-altimeter-isu60hr\/#breadcrumb","itemListElement":[{"@type":"ListItem","position":1,"name":"Home","item":"https:\/\/issrsensor.com\/"},{"@type":"ListItem","position":2,"name":"Products","item":"https:\/\/issrsensor.com\/shop-page\/"},{"@type":"ListItem","position":3,"name":"Microwave Radars","item":"https:\/\/issrsensor.com\/product-category\/microwave-radars\/"},{"@type":"ListItem","position":4,"name":"Finished Radar Products","item":"https:\/\/issrsensor.com\/product-category\/microwave-radars\/finished-radar-products\/"},{"@type":"ListItem","position":5,"name":"ISSR UAV Altimeter Microwave Radar"}]},{"@type":"WebSite","@id":"https:\/\/issrsensor.com\/#website","url":"https:\/\/issrsensor.com\/","name":"ISSR-Ultraschallsensor Wandler Mikrowelle Radar Piezoelektrische Keramik Hersteller","description":"Ultraschallsensor Hersteller","publisher":{"@id":"https:\/\/issrsensor.com\/#organization"},"alternateName":"ISSR","potentialAction":[{"@type":"SearchAction","target":{"@type":"EntryPoint","urlTemplate":"https:\/\/issrsensor.com\/?s={search_term_string}"},"query-input":{"@type":"PropertyValueSpecification","valueRequired":true,"valueName":"search_term_string"}}],"inLanguage":"de"},{"@type":"Organization","@id":"https:\/\/issrsensor.com\/#organization","name":"ISSR-Ultraschallsensor Wandler Mikrowelle Radar Piezoelektrische Keramik Hersteller","alternateName":"ISSR","url":"https:\/\/issrsensor.com\/","logo":{"@type":"ImageObject","inLanguage":"de","@id":"https:\/\/issrsensor.com\/#\/schema\/logo\/image\/","url":"https:\/\/issrsensor.com\/wp-content\/uploads\/2025\/10\/cropped-icon.jpg","contentUrl":"https:\/\/issrsensor.com\/wp-content\/uploads\/2025\/10\/cropped-icon.jpg","width":512,"height":512,"caption":"ISSR-Ultrasonic Sensor Transducer Microwave Radar Piezoelectric Ceramic Manufacturer"},"image":{"@id":"https:\/\/issrsensor.com\/#\/schema\/logo\/image\/"},"sameAs":["https:\/\/www.facebook.com\/profile.php?id=61576721946113","https:\/\/x.com\/issrsensor","https:\/\/mastodon.social\/@issrsensor","https:\/\/www.youtube.com\/@issrsensor","https:\/\/www.pinterest.com\/issrsensor\/","https:\/\/www.tumblr.com\/issrsensor","https:\/\/medium.com\/@issrsensor","https:\/\/www.linkedin.com\/in\/issrsensor\/"],"description":"SAUNGYU ist ein f\u00fchrender OEM-Hersteller von hochwertigen Regallautsprechern, Soundbar-Lautsprechern, Subwoofern, tragbaren Lautsprechern f\u00fcr den Au\u00dfenbereich, Hotelkino-Lautsprechern und mehr f\u00fcr gesch\u00e4tzte Marken auf der ganzen Welt.","legalName":"Shenzhen Saungyu Digital Technology Co., Ltd.","foundingDate":"2004-01-01","numberOfEmployees":{"@type":"QuantitativeValue","minValue":"51","maxValue":"200"}}]},"product_price_currency":"CNY","og_availability":"instock","product_availability":"instock","product_condition":"new"},"_links":{"self":[{"href":"https:\/\/issrsensor.com\/de\/wp-json\/wp\/v2\/product\/5035","targetHints":{"allow":["GET"]}}],"collection":[{"href":"https:\/\/issrsensor.com\/de\/wp-json\/wp\/v2\/product"}],"about":[{"href":"https:\/\/issrsensor.com\/de\/wp-json\/wp\/v2\/types\/product"}],"wp:featuredmedia":[{"embeddable":true,"href":"https:\/\/issrsensor.com\/de\/wp-json\/wp\/v2\/media\/5036"}],"wp:attachment":[{"href":"https:\/\/issrsensor.com\/de\/wp-json\/wp\/v2\/media?parent=5035"}],"wp:term":[{"taxonomy":"product_brand","embeddable":true,"href":"https:\/\/issrsensor.com\/de\/wp-json\/wp\/v2\/product_brand?post=5035"},{"taxonomy":"product_cat","embeddable":true,"href":"https:\/\/issrsensor.com\/de\/wp-json\/wp\/v2\/product_cat?post=5035"},{"taxonomy":"product_tag","embeddable":true,"href":"https:\/\/issrsensor.com\/de\/wp-json\/wp\/v2\/product_tag?post=5035"}],"curies":[{"name":"wp","href":"https:\/\/api.w.org\/{rel}","templated":true}]}}