{"id":5092,"date":"2025-10-25T15:52:35","date_gmt":"2025-10-25T07:52:35","guid":{"rendered":"https:\/\/issrsensor.com\/?post_type=product&#038;p=5092"},"modified":"2026-01-22T16:07:34","modified_gmt":"2026-01-22T08:07:34","slug":"piezoelectric-atomizer-driver-board-custom-pcb","status":"publish","type":"product","link":"https:\/\/issrsensor.com\/de\/products\/piezoelectric-atomizer-driver-board-custom-pcb\/","title":{"rendered":"ISSR Customized Piezoelectric Ceramic Atomizing Plate Driver Circuit Board f\u00fcr Luftbefeuchter"},"content":{"rendered":"","protected":false},"excerpt":{"rendered":"","protected":false},"featured_media":5918,"template":"","meta":{"_acf_changed":false},"product_brand":[],"product_cat":[78,58],"product_tag":[],"class_list":{"0":"post-5092","1":"product","2":"type-product","3":"status-publish","4":"has-post-thumbnail","6":"product_cat-atomizer-driver-boards","7":"product_cat-piezoelectric-ceramics-series","9":"first","10":"instock","11":"featured","12":"shipping-taxable","13":"product-type-simple"},"acf":[],"yoast_head":"<!-- This site is optimized with the Yoast SEO Premium plugin v26.8 (Yoast SEO v26.8) - https:\/\/yoast.com\/product\/yoast-seo-premium-wordpress\/ -->\n<title>Custom Piezoelectric Atomizer Driver Board | Humidifier PCB<\/title>\n<meta name=\"description\" content=\"High-efficiency piezoelectric atomizer driver board for humidifiers. Custom frequency, voltage &amp; LED control. Factory direct PCB solutions. Inquire now.\" \/>\n<meta name=\"robots\" content=\"index, follow, max-snippet:-1, max-image-preview:large, max-video-preview:-1\" \/>\n<link rel=\"canonical\" href=\"https:\/\/issrsensor.com\/de\/products\/piezoelectric-atomizer-driver-board-custom-pcb\/\" \/>\n<meta property=\"og:locale\" content=\"de_DE\" \/>\n<meta property=\"og:type\" content=\"article\" \/>\n<meta property=\"og:title\" content=\"ISSR Customized Piezoelectric Ceramic Atomizing Plate Driver Circuit Board for Humidifiers\" \/>\n<meta property=\"og:description\" content=\"High-efficiency piezoelectric atomizer driver board for humidifiers. Custom frequency, voltage &amp; LED control. Factory direct PCB solutions. Inquire now.\" \/>\n<meta property=\"og:url\" content=\"https:\/\/issrsensor.com\/de\/products\/piezoelectric-atomizer-driver-board-custom-pcb\/\" \/>\n<meta property=\"og:site_name\" content=\"ISSR\" \/>\n<meta property=\"article:publisher\" content=\"https:\/\/www.facebook.com\/profile.php?id=61576721946113\" \/>\n<meta property=\"article:modified_time\" content=\"2026-01-22T08:07:34+00:00\" \/>\n<meta property=\"og:image\" content=\"https:\/\/issrsensor.com\/wp-content\/uploads\/2025\/11\/Humidifier-Piezoelectric-Ceramic-Atomizing-Plate-Driver-Circuit-Board-1.webp\" \/>\n\t<meta property=\"og:image:width\" content=\"799\" \/>\n\t<meta property=\"og:image:height\" content=\"799\" \/>\n\t<meta property=\"og:image:type\" content=\"image\/webp\" \/>\n<meta name=\"twitter:card\" content=\"summary_large_image\" \/>\n<meta name=\"twitter:site\" content=\"@issrsensor\" \/>\n<meta name=\"twitter:label1\" content=\"Preis\" \/>\n\t<meta name=\"twitter:data1\" content=\"\" \/>\n\t<meta name=\"twitter:label2\" content=\"Verf\u00fcgbarkeit\" \/>\n\t<meta name=\"twitter:data2\" content=\"Auf Lager\" \/>\n<script type=\"application\/ld+json\" class=\"yoast-schema-graph\">{\"@context\":\"https:\/\/schema.org\",\"@graph\":[{\"@type\":\"WebPage\",\"@id\":\"https:\/\/issrsensor.com\/products\/piezoelectric-atomizer-driver-board-custom-pcb\/\",\"url\":\"https:\/\/issrsensor.com\/products\/piezoelectric-atomizer-driver-board-custom-pcb\/\",\"name\":\"Custom Piezoelectric Atomizer Driver Board | Humidifier PCB\",\"isPartOf\":{\"@id\":\"https:\/\/issrsensor.com\/#website\"},\"primaryImageOfPage\":{\"@id\":\"https:\/\/issrsensor.com\/products\/piezoelectric-atomizer-driver-board-custom-pcb\/#primaryimage\"},\"image\":{\"@id\":\"https:\/\/issrsensor.com\/products\/piezoelectric-atomizer-driver-board-custom-pcb\/#primaryimage\"},\"thumbnailUrl\":\"https:\/\/issrsensor.com\/wp-content\/uploads\/2025\/11\/Humidifier-Piezoelectric-Ceramic-Atomizing-Plate-Driver-Circuit-Board-1.webp\",\"datePublished\":\"2025-10-25T07:52:35+00:00\",\"dateModified\":\"2026-01-22T08:07:34+00:00\",\"description\":\"High-efficiency piezoelectric atomizer driver board for humidifiers. Custom frequency, voltage & LED control. Factory direct PCB solutions. Inquire now.\",\"breadcrumb\":{\"@id\":\"https:\/\/issrsensor.com\/products\/piezoelectric-atomizer-driver-board-custom-pcb\/#breadcrumb\"},\"inLanguage\":\"de\",\"potentialAction\":[{\"@type\":\"ReadAction\",\"target\":[\"https:\/\/issrsensor.com\/products\/piezoelectric-atomizer-driver-board-custom-pcb\/\"]}]},{\"@type\":\"ImageObject\",\"inLanguage\":\"de\",\"@id\":\"https:\/\/issrsensor.com\/products\/piezoelectric-atomizer-driver-board-custom-pcb\/#primaryimage\",\"url\":\"https:\/\/issrsensor.com\/wp-content\/uploads\/2025\/11\/Humidifier-Piezoelectric-Ceramic-Atomizing-Plate-Driver-Circuit-Board-1.webp\",\"contentUrl\":\"https:\/\/issrsensor.com\/wp-content\/uploads\/2025\/11\/Humidifier-Piezoelectric-Ceramic-Atomizing-Plate-Driver-Circuit-Board-1.webp\",\"width\":799,\"height\":799,\"caption\":\"Humidifier Piezoelectric Ceramic Atomizing Plate Driver Circuit Board-1\"},{\"@type\":\"BreadcrumbList\",\"@id\":\"https:\/\/issrsensor.com\/products\/piezoelectric-atomizer-driver-board-custom-pcb\/#breadcrumb\",\"itemListElement\":[{\"@type\":\"ListItem\",\"position\":1,\"name\":\"Home\",\"item\":\"https:\/\/issrsensor.com\/\"},{\"@type\":\"ListItem\",\"position\":2,\"name\":\"Products\",\"item\":\"https:\/\/issrsensor.com\/shop-page\/\"},{\"@type\":\"ListItem\",\"position\":3,\"name\":\"Piezoelectric Ceramics-Series\",\"item\":\"https:\/\/issrsensor.com\/product-category\/piezoelectric-ceramics-series\/\"},{\"@type\":\"ListItem\",\"position\":4,\"name\":\"ISSR Customized Piezoelectric Ceramic Atomizing Plate Driver Circuit Board for Humidifiers\"}]},{\"@type\":\"WebSite\",\"@id\":\"https:\/\/issrsensor.com\/#website\",\"url\":\"https:\/\/issrsensor.com\/\",\"name\":\"ISSR-Ultrasonic Sensor Transducer Microwave Radar Piezoelectric Ceramics Manufacturer\",\"description\":\"Ultrasonic Sensor Manufacturer\",\"publisher\":{\"@id\":\"https:\/\/issrsensor.com\/#organization\"},\"alternateName\":\"ISSR\",\"potentialAction\":[{\"@type\":\"SearchAction\",\"target\":{\"@type\":\"EntryPoint\",\"urlTemplate\":\"https:\/\/issrsensor.com\/?s={search_term_string}\"},\"query-input\":{\"@type\":\"PropertyValueSpecification\",\"valueRequired\":true,\"valueName\":\"search_term_string\"}}],\"inLanguage\":\"de\"},{\"@type\":\"Organization\",\"@id\":\"https:\/\/issrsensor.com\/#organization\",\"name\":\"ISSR-Ultrasonic Sensor Transducer Microwave Radar Piezoelectric Ceramic Manufacturer\",\"alternateName\":\"ISSR\",\"url\":\"https:\/\/issrsensor.com\/\",\"logo\":{\"@type\":\"ImageObject\",\"inLanguage\":\"de\",\"@id\":\"https:\/\/issrsensor.com\/#\/schema\/logo\/image\/\",\"url\":\"https:\/\/issrsensor.com\/wp-content\/uploads\/2025\/10\/cropped-icon.jpg\",\"contentUrl\":\"https:\/\/issrsensor.com\/wp-content\/uploads\/2025\/10\/cropped-icon.jpg\",\"width\":512,\"height\":512,\"caption\":\"ISSR-Ultrasonic Sensor Transducer Microwave Radar Piezoelectric Ceramic Manufacturer\"},\"image\":{\"@id\":\"https:\/\/issrsensor.com\/#\/schema\/logo\/image\/\"},\"sameAs\":[\"https:\/\/www.facebook.com\/profile.php?id=61576721946113\",\"https:\/\/x.com\/issrsensor\",\"https:\/\/mastodon.social\/@issrsensor\",\"https:\/\/www.youtube.com\/@issrsensor\",\"https:\/\/www.pinterest.com\/issrsensor\/\",\"https:\/\/www.tumblr.com\/issrsensor\",\"https:\/\/medium.com\/@issrsensor\",\"https:\/\/www.linkedin.com\/in\/issrsensor\/\"],\"description\":\"SAUNGYU is a leading OEM manufacture of high-quality Bookshelf Speakers, Soundbar Speakers, Subwoofers, Outdoor Portable Speakers, Hotel Cinema Speakers and more for esteemed brands across the world.\",\"legalName\":\"Shenzhen Saungyu Digital Technology Co., Ltd.\",\"foundingDate\":\"2004-01-01\",\"numberOfEmployees\":{\"@type\":\"QuantitativeValue\",\"minValue\":\"51\",\"maxValue\":\"200\"}}]}<\/script>\n<meta property=\"product:price:currency\" content=\"CNY\" \/>\n<meta property=\"og:availability\" content=\"instock\" \/>\n<meta property=\"product:availability\" content=\"instock\" \/>\n<meta property=\"product:condition\" content=\"new\" \/>\n<!-- \/ Yoast SEO Premium plugin. -->","yoast_head_json":{"title":"Custom Piezoelectric Atomizer Driver Board | Humidifier PCB","description":"High-efficiency piezoelectric atomizer driver board for humidifiers. Custom frequency, voltage & LED control. Factory direct PCB solutions. Inquire now.","robots":{"index":"index","follow":"follow","max-snippet":"max-snippet:-1","max-image-preview":"max-image-preview:large","max-video-preview":"max-video-preview:-1"},"canonical":"https:\/\/issrsensor.com\/de\/products\/piezoelectric-atomizer-driver-board-custom-pcb\/","og_locale":"de_DE","og_type":"article","og_title":"ISSR Customized Piezoelectric Ceramic Atomizing Plate Driver Circuit Board for Humidifiers","og_description":"High-efficiency piezoelectric atomizer driver board for humidifiers. Custom frequency, voltage & LED control. Factory direct PCB solutions. Inquire now.","og_url":"https:\/\/issrsensor.com\/de\/products\/piezoelectric-atomizer-driver-board-custom-pcb\/","og_site_name":"ISSR","article_publisher":"https:\/\/www.facebook.com\/profile.php?id=61576721946113","article_modified_time":"2026-01-22T08:07:34+00:00","og_image":[{"width":799,"height":799,"url":"https:\/\/issrsensor.com\/wp-content\/uploads\/2025\/11\/Humidifier-Piezoelectric-Ceramic-Atomizing-Plate-Driver-Circuit-Board-1.webp","type":"image\/webp"}],"twitter_card":"summary_large_image","twitter_site":"@issrsensor","twitter_misc":{"Preis":"","Verf\u00fcgbarkeit":"Auf Lager"},"schema":{"@context":"https:\/\/schema.org","@graph":[{"@type":"WebPage","@id":"https:\/\/issrsensor.com\/products\/piezoelectric-atomizer-driver-board-custom-pcb\/","url":"https:\/\/issrsensor.com\/products\/piezoelectric-atomizer-driver-board-custom-pcb\/","name":"Custom Piezoelectric Atomizer Driver Board | Humidifier PCB","isPartOf":{"@id":"https:\/\/issrsensor.com\/#website"},"primaryImageOfPage":{"@id":"https:\/\/issrsensor.com\/products\/piezoelectric-atomizer-driver-board-custom-pcb\/#primaryimage"},"image":{"@id":"https:\/\/issrsensor.com\/products\/piezoelectric-atomizer-driver-board-custom-pcb\/#primaryimage"},"thumbnailUrl":"https:\/\/issrsensor.com\/wp-content\/uploads\/2025\/11\/Humidifier-Piezoelectric-Ceramic-Atomizing-Plate-Driver-Circuit-Board-1.webp","datePublished":"2025-10-25T07:52:35+00:00","dateModified":"2026-01-22T08:07:34+00:00","description":"High-efficiency piezoelectric atomizer driver board for humidifiers. Custom frequency, voltage & LED control. Factory direct PCB solutions. Inquire now.","breadcrumb":{"@id":"https:\/\/issrsensor.com\/products\/piezoelectric-atomizer-driver-board-custom-pcb\/#breadcrumb"},"inLanguage":"de","potentialAction":[{"@type":"ReadAction","target":["https:\/\/issrsensor.com\/products\/piezoelectric-atomizer-driver-board-custom-pcb\/"]}]},{"@type":"ImageObject","inLanguage":"de","@id":"https:\/\/issrsensor.com\/products\/piezoelectric-atomizer-driver-board-custom-pcb\/#primaryimage","url":"https:\/\/issrsensor.com\/wp-content\/uploads\/2025\/11\/Humidifier-Piezoelectric-Ceramic-Atomizing-Plate-Driver-Circuit-Board-1.webp","contentUrl":"https:\/\/issrsensor.com\/wp-content\/uploads\/2025\/11\/Humidifier-Piezoelectric-Ceramic-Atomizing-Plate-Driver-Circuit-Board-1.webp","width":799,"height":799,"caption":"Humidifier Piezoelectric Ceramic Atomizing Plate Driver Circuit Board-1"},{"@type":"BreadcrumbList","@id":"https:\/\/issrsensor.com\/products\/piezoelectric-atomizer-driver-board-custom-pcb\/#breadcrumb","itemListElement":[{"@type":"ListItem","position":1,"name":"Home","item":"https:\/\/issrsensor.com\/"},{"@type":"ListItem","position":2,"name":"Products","item":"https:\/\/issrsensor.com\/shop-page\/"},{"@type":"ListItem","position":3,"name":"Piezoelectric Ceramics-Series","item":"https:\/\/issrsensor.com\/product-category\/piezoelectric-ceramics-series\/"},{"@type":"ListItem","position":4,"name":"ISSR Customized Piezoelectric Ceramic Atomizing Plate Driver Circuit Board for Humidifiers"}]},{"@type":"WebSite","@id":"https:\/\/issrsensor.com\/#website","url":"https:\/\/issrsensor.com\/","name":"ISSR-Ultraschallsensor Wandler Mikrowelle Radar Piezoelektrische Keramik Hersteller","description":"Ultraschallsensor Hersteller","publisher":{"@id":"https:\/\/issrsensor.com\/#organization"},"alternateName":"ISSR","potentialAction":[{"@type":"SearchAction","target":{"@type":"EntryPoint","urlTemplate":"https:\/\/issrsensor.com\/?s={search_term_string}"},"query-input":{"@type":"PropertyValueSpecification","valueRequired":true,"valueName":"search_term_string"}}],"inLanguage":"de"},{"@type":"Organization","@id":"https:\/\/issrsensor.com\/#organization","name":"ISSR-Ultraschallsensor Wandler Mikrowelle Radar Piezoelektrische Keramik Hersteller","alternateName":"ISSR","url":"https:\/\/issrsensor.com\/","logo":{"@type":"ImageObject","inLanguage":"de","@id":"https:\/\/issrsensor.com\/#\/schema\/logo\/image\/","url":"https:\/\/issrsensor.com\/wp-content\/uploads\/2025\/10\/cropped-icon.jpg","contentUrl":"https:\/\/issrsensor.com\/wp-content\/uploads\/2025\/10\/cropped-icon.jpg","width":512,"height":512,"caption":"ISSR-Ultrasonic Sensor Transducer Microwave Radar Piezoelectric Ceramic Manufacturer"},"image":{"@id":"https:\/\/issrsensor.com\/#\/schema\/logo\/image\/"},"sameAs":["https:\/\/www.facebook.com\/profile.php?id=61576721946113","https:\/\/x.com\/issrsensor","https:\/\/mastodon.social\/@issrsensor","https:\/\/www.youtube.com\/@issrsensor","https:\/\/www.pinterest.com\/issrsensor\/","https:\/\/www.tumblr.com\/issrsensor","https:\/\/medium.com\/@issrsensor","https:\/\/www.linkedin.com\/in\/issrsensor\/"],"description":"SAUNGYU ist ein f\u00fchrender OEM-Hersteller von hochwertigen Regallautsprechern, Soundbar-Lautsprechern, Subwoofern, tragbaren Lautsprechern f\u00fcr den Au\u00dfenbereich, Hotelkino-Lautsprechern und mehr f\u00fcr gesch\u00e4tzte Marken auf der ganzen Welt.","legalName":"Shenzhen Saungyu Digital Technology Co., Ltd.","foundingDate":"2004-01-01","numberOfEmployees":{"@type":"QuantitativeValue","minValue":"51","maxValue":"200"}}]},"product_price_currency":"CNY","og_availability":"instock","product_availability":"instock","product_condition":"new"},"_links":{"self":[{"href":"https:\/\/issrsensor.com\/de\/wp-json\/wp\/v2\/product\/5092","targetHints":{"allow":["GET"]}}],"collection":[{"href":"https:\/\/issrsensor.com\/de\/wp-json\/wp\/v2\/product"}],"about":[{"href":"https:\/\/issrsensor.com\/de\/wp-json\/wp\/v2\/types\/product"}],"wp:featuredmedia":[{"embeddable":true,"href":"https:\/\/issrsensor.com\/de\/wp-json\/wp\/v2\/media\/5918"}],"wp:attachment":[{"href":"https:\/\/issrsensor.com\/de\/wp-json\/wp\/v2\/media?parent=5092"}],"wp:term":[{"taxonomy":"product_brand","embeddable":true,"href":"https:\/\/issrsensor.com\/de\/wp-json\/wp\/v2\/product_brand?post=5092"},{"taxonomy":"product_cat","embeddable":true,"href":"https:\/\/issrsensor.com\/de\/wp-json\/wp\/v2\/product_cat?post=5092"},{"taxonomy":"product_tag","embeddable":true,"href":"https:\/\/issrsensor.com\/de\/wp-json\/wp\/v2\/product_tag?post=5092"}],"curies":[{"name":"wp","href":"https:\/\/api.w.org\/{rel}","templated":true}]}}