{"id":6608,"date":"2025-12-10T16:41:28","date_gmt":"2025-12-10T08:41:28","guid":{"rendered":"https:\/\/issrsensor.com\/?post_type=product&#038;p=6608"},"modified":"2026-05-09T16:25:40","modified_gmt":"2026-05-09T08:25:40","slug":"issr-all-in-one-ultrasonic-sensor-1m-range-level-object-detect","status":"publish","type":"product","link":"https:\/\/issrsensor.com\/de\/products\/issr-all-in-one-ultrasonic-sensor-1m-range-level-object-detect\/","title":{"rendered":"ISSRSensor All-in-One-Ultraschallsensor: 1m Reichweite F\u00fcllstand &amp; Objekterkennung"},"content":{"rendered":"","protected":false},"excerpt":{"rendered":"","protected":false},"featured_media":6609,"template":"","meta":{"_acf_changed":false},"product_brand":[],"product_cat":[60,15],"product_tag":[],"class_list":{"0":"post-6608","1":"product","2":"type-product","3":"status-publish","4":"has-post-thumbnail","6":"product_cat-ultrasonic-distance-sensors","7":"product_cat-ultrasonic-sensors","9":"first","10":"instock","11":"featured","12":"shipping-taxable","13":"product-type-simple"},"acf":[],"yoast_head":"<!-- This site is optimized with the Yoast SEO Premium plugin v26.8 (Yoast SEO v26.8) - https:\/\/yoast.com\/product\/yoast-seo-premium-wordpress\/ -->\n<title>M18 Ultrasonic Sensor 1m | Transparent Bottle &amp; Level | 3-in-1<\/title>\n<meta name=\"description\" content=\"M18 standard sensor (1000mm). Best for transparent bottles, plastic &amp; liquid level. Switchable Analog, NPN\/PNP &amp; TTL232. Detects any color\/material. IP67.\" \/>\n<meta name=\"robots\" content=\"index, follow, max-snippet:-1, max-image-preview:large, max-video-preview:-1\" \/>\n<link rel=\"canonical\" href=\"https:\/\/issrsensor.com\/de\/products\/issr-all-in-one-ultrasonic-sensor-1m-range-level-object-detect\/\" \/>\n<meta property=\"og:locale\" content=\"de_DE\" \/>\n<meta property=\"og:type\" content=\"article\" \/>\n<meta property=\"og:title\" content=\"ISSRSensor All-in-One Ultrasonic Sensor: 1m Range Level &amp; Object Detect\" \/>\n<meta property=\"og:description\" content=\"M18 standard sensor (1000mm). Best for transparent bottles, plastic &amp; liquid level. Switchable Analog, NPN\/PNP &amp; TTL232. Detects any color\/material. IP67.\" \/>\n<meta property=\"og:url\" content=\"https:\/\/issrsensor.com\/de\/products\/issr-all-in-one-ultrasonic-sensor-1m-range-level-object-detect\/\" \/>\n<meta property=\"og:site_name\" content=\"ISSR\" \/>\n<meta property=\"article:publisher\" content=\"https:\/\/www.facebook.com\/profile.php?id=61576721946113\" \/>\n<meta property=\"article:modified_time\" content=\"2026-05-09T08:25:40+00:00\" \/>\n<meta property=\"og:image\" content=\"https:\/\/issrsensor.com\/wp-content\/uploads\/2025\/12\/1-meter-200kHz-fully-integrated-ultrasonic-ranging-sensor-ISUB1000-18GM75-01.png\" \/>\n\t<meta property=\"og:image:width\" content=\"800\" \/>\n\t<meta property=\"og:image:height\" content=\"600\" \/>\n\t<meta property=\"og:image:type\" content=\"image\/png\" \/>\n<meta name=\"twitter:card\" content=\"summary_large_image\" \/>\n<meta name=\"twitter:site\" content=\"@issrsensor\" \/>\n<meta name=\"twitter:label1\" content=\"Preis\" \/>\n\t<meta name=\"twitter:data1\" content=\"\" \/>\n\t<meta name=\"twitter:label2\" content=\"Verf\u00fcgbarkeit\" \/>\n\t<meta name=\"twitter:data2\" content=\"Auf Lager\" \/>\n<script type=\"application\/ld+json\" class=\"yoast-schema-graph\">{\"@context\":\"https:\/\/schema.org\",\"@graph\":[{\"@type\":\"WebPage\",\"@id\":\"https:\/\/issrsensor.com\/products\/issr-all-in-one-ultrasonic-sensor-1m-range-level-object-detect\/\",\"url\":\"https:\/\/issrsensor.com\/products\/issr-all-in-one-ultrasonic-sensor-1m-range-level-object-detect\/\",\"name\":\"M18 Ultrasonic Sensor 1m | Transparent Bottle & Level | 3-in-1\",\"isPartOf\":{\"@id\":\"https:\/\/issrsensor.com\/#website\"},\"primaryImageOfPage\":{\"@id\":\"https:\/\/issrsensor.com\/products\/issr-all-in-one-ultrasonic-sensor-1m-range-level-object-detect\/#primaryimage\"},\"image\":{\"@id\":\"https:\/\/issrsensor.com\/products\/issr-all-in-one-ultrasonic-sensor-1m-range-level-object-detect\/#primaryimage\"},\"thumbnailUrl\":\"https:\/\/issrsensor.com\/wp-content\/uploads\/2025\/12\/1-meter-200kHz-fully-integrated-ultrasonic-ranging-sensor-ISUB1000-18GM75-01.png\",\"datePublished\":\"2025-12-10T08:41:28+00:00\",\"dateModified\":\"2026-05-09T08:25:40+00:00\",\"description\":\"M18 standard sensor (1000mm). Best for transparent bottles, plastic & liquid level. Switchable Analog, NPN\/PNP & TTL232. Detects any color\/material. IP67.\",\"breadcrumb\":{\"@id\":\"https:\/\/issrsensor.com\/products\/issr-all-in-one-ultrasonic-sensor-1m-range-level-object-detect\/#breadcrumb\"},\"inLanguage\":\"de\",\"potentialAction\":[{\"@type\":\"ReadAction\",\"target\":[\"https:\/\/issrsensor.com\/products\/issr-all-in-one-ultrasonic-sensor-1m-range-level-object-detect\/\"]}]},{\"@type\":\"ImageObject\",\"inLanguage\":\"de\",\"@id\":\"https:\/\/issrsensor.com\/products\/issr-all-in-one-ultrasonic-sensor-1m-range-level-object-detect\/#primaryimage\",\"url\":\"https:\/\/issrsensor.com\/wp-content\/uploads\/2025\/12\/1-meter-200kHz-fully-integrated-ultrasonic-ranging-sensor-ISUB1000-18GM75-01.png\",\"contentUrl\":\"https:\/\/issrsensor.com\/wp-content\/uploads\/2025\/12\/1-meter-200kHz-fully-integrated-ultrasonic-ranging-sensor-ISUB1000-18GM75-01.png\",\"width\":800,\"height\":600,\"caption\":\"1-meter 200kHz fully integrated ultrasonic ranging sensor-ISUB1000-18GM75-01\"},{\"@type\":\"BreadcrumbList\",\"@id\":\"https:\/\/issrsensor.com\/products\/issr-all-in-one-ultrasonic-sensor-1m-range-level-object-detect\/#breadcrumb\",\"itemListElement\":[{\"@type\":\"ListItem\",\"position\":1,\"name\":\"Home\",\"item\":\"https:\/\/issrsensor.com\/\"},{\"@type\":\"ListItem\",\"position\":2,\"name\":\"Products\",\"item\":\"https:\/\/issrsensor.com\/shop-page\/\"},{\"@type\":\"ListItem\",\"position\":3,\"name\":\"Ultrasonic Sensors\",\"item\":\"https:\/\/issrsensor.com\/product-category\/ultrasonic-sensors\/\"},{\"@type\":\"ListItem\",\"position\":4,\"name\":\"ISSRSensor All-in-One Ultrasonic Sensor: 1m Range Level &#038; Object Detect\"}]},{\"@type\":\"WebSite\",\"@id\":\"https:\/\/issrsensor.com\/#website\",\"url\":\"https:\/\/issrsensor.com\/\",\"name\":\"ISSR-Ultrasonic Sensor Transducer Microwave Radar Piezoelectric Ceramics Manufacturer\",\"description\":\"Ultrasonic Sensor Manufacturer\",\"publisher\":{\"@id\":\"https:\/\/issrsensor.com\/#organization\"},\"alternateName\":\"ISSR\",\"potentialAction\":[{\"@type\":\"SearchAction\",\"target\":{\"@type\":\"EntryPoint\",\"urlTemplate\":\"https:\/\/issrsensor.com\/?s={search_term_string}\"},\"query-input\":{\"@type\":\"PropertyValueSpecification\",\"valueRequired\":true,\"valueName\":\"search_term_string\"}}],\"inLanguage\":\"de\"},{\"@type\":\"Organization\",\"@id\":\"https:\/\/issrsensor.com\/#organization\",\"name\":\"ISSR-Ultrasonic Sensor Transducer Microwave Radar Piezoelectric Ceramic Manufacturer\",\"alternateName\":\"ISSR\",\"url\":\"https:\/\/issrsensor.com\/\",\"logo\":{\"@type\":\"ImageObject\",\"inLanguage\":\"de\",\"@id\":\"https:\/\/issrsensor.com\/#\/schema\/logo\/image\/\",\"url\":\"https:\/\/issrsensor.com\/wp-content\/uploads\/2025\/10\/cropped-icon.jpg\",\"contentUrl\":\"https:\/\/issrsensor.com\/wp-content\/uploads\/2025\/10\/cropped-icon.jpg\",\"width\":512,\"height\":512,\"caption\":\"ISSR-Ultrasonic Sensor Transducer Microwave Radar Piezoelectric Ceramic Manufacturer\"},\"image\":{\"@id\":\"https:\/\/issrsensor.com\/#\/schema\/logo\/image\/\"},\"sameAs\":[\"https:\/\/www.facebook.com\/profile.php?id=61576721946113\",\"https:\/\/x.com\/issrsensor\",\"https:\/\/mastodon.social\/@issrsensor\",\"https:\/\/www.youtube.com\/@issrsensor\",\"https:\/\/www.pinterest.com\/issrsensor\/\",\"https:\/\/www.tumblr.com\/issrsensor\",\"https:\/\/medium.com\/@issrsensor\",\"https:\/\/www.linkedin.com\/in\/issrsensor\/\"],\"description\":\"SAUNGYU is a leading OEM manufacture of high-quality Bookshelf Speakers, Soundbar Speakers, Subwoofers, Outdoor Portable Speakers, Hotel Cinema Speakers and more for esteemed brands across the world.\",\"legalName\":\"Shenzhen Saungyu Digital Technology Co., Ltd.\",\"foundingDate\":\"2004-01-01\",\"numberOfEmployees\":{\"@type\":\"QuantitativeValue\",\"minValue\":\"51\",\"maxValue\":\"200\"}}]}<\/script>\n<meta property=\"product:price:currency\" content=\"CNY\" \/>\n<meta property=\"og:availability\" content=\"instock\" \/>\n<meta property=\"product:availability\" content=\"instock\" \/>\n<meta property=\"product:condition\" content=\"new\" \/>\n<!-- \/ Yoast SEO Premium plugin. -->","yoast_head_json":{"title":"M18 Ultraschallsensor 1m | Transparente Flaschen | Analog, NPN, TTL","description":"M18 Standardsensor. Erfasst transparente Flaschen, Folien &amp; F\u00fcllstand. 3-in-1 Ausgang: Analog, NPN\/PNP &amp; TTL232. Unabh\u00e4ngig von Farbe\/Material.","robots":{"index":"index","follow":"follow","max-snippet":"max-snippet:-1","max-image-preview":"max-image-preview:large","max-video-preview":"max-video-preview:-1"},"canonical":"https:\/\/issrsensor.com\/de\/products\/issr-all-in-one-ultrasonic-sensor-1m-range-level-object-detect\/","og_locale":"de_DE","og_type":"article","og_title":"ISSRSensor All-in-One Ultrasonic Sensor: 1m Range Level & Object Detect","og_description":"M18 standard sensor (1000mm). Best for transparent bottles, plastic & liquid level. Switchable Analog, NPN\/PNP & TTL232. Detects any color\/material. IP67.","og_url":"https:\/\/issrsensor.com\/de\/products\/issr-all-in-one-ultrasonic-sensor-1m-range-level-object-detect\/","og_site_name":"ISSR","article_publisher":"https:\/\/www.facebook.com\/profile.php?id=61576721946113","article_modified_time":"2026-05-09T08:25:40+00:00","og_image":[{"width":800,"height":600,"url":"https:\/\/issrsensor.com\/wp-content\/uploads\/2025\/12\/1-meter-200kHz-fully-integrated-ultrasonic-ranging-sensor-ISUB1000-18GM75-01.png","type":"image\/png"}],"twitter_card":"summary_large_image","twitter_site":"@issrsensor","twitter_misc":{"Preis":"","Verf\u00fcgbarkeit":"Auf Lager"},"schema":{"@context":"https:\/\/schema.org","@graph":[{"@type":"WebPage","@id":"https:\/\/issrsensor.com\/products\/issr-all-in-one-ultrasonic-sensor-1m-range-level-object-detect\/","url":"https:\/\/issrsensor.com\/products\/issr-all-in-one-ultrasonic-sensor-1m-range-level-object-detect\/","name":"M18 Ultraschallsensor 1m | Transparente Flaschen | Analog, NPN, TTL","isPartOf":{"@id":"https:\/\/issrsensor.com\/#website"},"primaryImageOfPage":{"@id":"https:\/\/issrsensor.com\/products\/issr-all-in-one-ultrasonic-sensor-1m-range-level-object-detect\/#primaryimage"},"image":{"@id":"https:\/\/issrsensor.com\/products\/issr-all-in-one-ultrasonic-sensor-1m-range-level-object-detect\/#primaryimage"},"thumbnailUrl":"https:\/\/issrsensor.com\/wp-content\/uploads\/2025\/12\/1-meter-200kHz-fully-integrated-ultrasonic-ranging-sensor-ISUB1000-18GM75-01.png","datePublished":"2025-12-10T08:41:28+00:00","dateModified":"2026-05-09T08:25:40+00:00","description":"M18 Standardsensor. Erfasst transparente Flaschen, Folien &amp; F\u00fcllstand. 3-in-1 Ausgang: Analog, NPN\/PNP &amp; TTL232. Unabh\u00e4ngig von Farbe\/Material.","breadcrumb":{"@id":"https:\/\/issrsensor.com\/products\/issr-all-in-one-ultrasonic-sensor-1m-range-level-object-detect\/#breadcrumb"},"inLanguage":"de","potentialAction":[{"@type":"ReadAction","target":["https:\/\/issrsensor.com\/products\/issr-all-in-one-ultrasonic-sensor-1m-range-level-object-detect\/"]}]},{"@type":"ImageObject","inLanguage":"de","@id":"https:\/\/issrsensor.com\/products\/issr-all-in-one-ultrasonic-sensor-1m-range-level-object-detect\/#primaryimage","url":"https:\/\/issrsensor.com\/wp-content\/uploads\/2025\/12\/1-meter-200kHz-fully-integrated-ultrasonic-ranging-sensor-ISUB1000-18GM75-01.png","contentUrl":"https:\/\/issrsensor.com\/wp-content\/uploads\/2025\/12\/1-meter-200kHz-fully-integrated-ultrasonic-ranging-sensor-ISUB1000-18GM75-01.png","width":800,"height":600,"caption":"1-meter 200kHz fully integrated ultrasonic ranging sensor-ISUB1000-18GM75-01"},{"@type":"BreadcrumbList","@id":"https:\/\/issrsensor.com\/products\/issr-all-in-one-ultrasonic-sensor-1m-range-level-object-detect\/#breadcrumb","itemListElement":[{"@type":"ListItem","position":1,"name":"Home","item":"https:\/\/issrsensor.com\/"},{"@type":"ListItem","position":2,"name":"Products","item":"https:\/\/issrsensor.com\/shop-page\/"},{"@type":"ListItem","position":3,"name":"Ultrasonic Sensors","item":"https:\/\/issrsensor.com\/product-category\/ultrasonic-sensors\/"},{"@type":"ListItem","position":4,"name":"ISSRSensor All-in-One Ultrasonic Sensor: 1m Range Level &#038; Object Detect"}]},{"@type":"WebSite","@id":"https:\/\/issrsensor.com\/#website","url":"https:\/\/issrsensor.com\/","name":"ISSR-Ultraschallsensor Wandler Mikrowelle Radar Piezoelektrische Keramik Hersteller","description":"Ultraschallsensor Hersteller","publisher":{"@id":"https:\/\/issrsensor.com\/#organization"},"alternateName":"ISSR","potentialAction":[{"@type":"SearchAction","target":{"@type":"EntryPoint","urlTemplate":"https:\/\/issrsensor.com\/?s={search_term_string}"},"query-input":{"@type":"PropertyValueSpecification","valueRequired":true,"valueName":"search_term_string"}}],"inLanguage":"de"},{"@type":"Organization","@id":"https:\/\/issrsensor.com\/#organization","name":"ISSR-Ultraschallsensor Wandler Mikrowelle Radar Piezoelektrische Keramik Hersteller","alternateName":"ISSR","url":"https:\/\/issrsensor.com\/","logo":{"@type":"ImageObject","inLanguage":"de","@id":"https:\/\/issrsensor.com\/#\/schema\/logo\/image\/","url":"https:\/\/issrsensor.com\/wp-content\/uploads\/2025\/10\/cropped-icon.jpg","contentUrl":"https:\/\/issrsensor.com\/wp-content\/uploads\/2025\/10\/cropped-icon.jpg","width":512,"height":512,"caption":"ISSR-Ultrasonic Sensor Transducer Microwave Radar Piezoelectric Ceramic Manufacturer"},"image":{"@id":"https:\/\/issrsensor.com\/#\/schema\/logo\/image\/"},"sameAs":["https:\/\/www.facebook.com\/profile.php?id=61576721946113","https:\/\/x.com\/issrsensor","https:\/\/mastodon.social\/@issrsensor","https:\/\/www.youtube.com\/@issrsensor","https:\/\/www.pinterest.com\/issrsensor\/","https:\/\/www.tumblr.com\/issrsensor","https:\/\/medium.com\/@issrsensor","https:\/\/www.linkedin.com\/in\/issrsensor\/"],"description":"SAUNGYU ist ein f\u00fchrender OEM-Hersteller von hochwertigen Regallautsprechern, Soundbar-Lautsprechern, Subwoofern, tragbaren Lautsprechern f\u00fcr den Au\u00dfenbereich, Hotelkino-Lautsprechern und mehr f\u00fcr gesch\u00e4tzte Marken auf der ganzen Welt.","legalName":"Shenzhen Saungyu Digital Technology Co., Ltd.","foundingDate":"2004-01-01","numberOfEmployees":{"@type":"QuantitativeValue","minValue":"51","maxValue":"200"}}]},"product_price_currency":"CNY","og_availability":"instock","product_availability":"instock","product_condition":"new"},"_links":{"self":[{"href":"https:\/\/issrsensor.com\/de\/wp-json\/wp\/v2\/product\/6608","targetHints":{"allow":["GET"]}}],"collection":[{"href":"https:\/\/issrsensor.com\/de\/wp-json\/wp\/v2\/product"}],"about":[{"href":"https:\/\/issrsensor.com\/de\/wp-json\/wp\/v2\/types\/product"}],"wp:featuredmedia":[{"embeddable":true,"href":"https:\/\/issrsensor.com\/de\/wp-json\/wp\/v2\/media\/6609"}],"wp:attachment":[{"href":"https:\/\/issrsensor.com\/de\/wp-json\/wp\/v2\/media?parent=6608"}],"wp:term":[{"taxonomy":"product_brand","embeddable":true,"href":"https:\/\/issrsensor.com\/de\/wp-json\/wp\/v2\/product_brand?post=6608"},{"taxonomy":"product_cat","embeddable":true,"href":"https:\/\/issrsensor.com\/de\/wp-json\/wp\/v2\/product_cat?post=6608"},{"taxonomy":"product_tag","embeddable":true,"href":"https:\/\/issrsensor.com\/de\/wp-json\/wp\/v2\/product_tag?post=6608"}],"curies":[{"name":"wp","href":"https:\/\/api.w.org\/{rel}","templated":true}]}}