{"id":6747,"date":"2025-12-18T15:34:18","date_gmt":"2025-12-18T07:34:18","guid":{"rendered":"https:\/\/issrsensor.com\/?post_type=product&#038;p=6747"},"modified":"2026-01-27T16:32:10","modified_gmt":"2026-01-27T08:32:10","slug":"issr-55-5khz-waterproof-ultrasonic-transducer-for-automotive-reversing-radar-systems","status":"publish","type":"product","link":"https:\/\/issrsensor.com\/de\/products\/issr-55-5khz-waterproof-ultrasonic-transducer-for-automotive-reversing-radar-systems\/","title":{"rendered":"ISSR 55,5kHz Wasserdichter Ultraschallwandler f\u00fcr Kfz-R\u00fcckfahrradarsysteme"},"content":{"rendered":"","protected":false},"excerpt":{"rendered":"","protected":false},"featured_media":6742,"template":"","meta":{"_acf_changed":false},"product_brand":[],"product_cat":[66,22],"product_tag":[],"class_list":{"0":"post-6747","1":"product","2":"type-product","3":"status-publish","4":"has-post-thumbnail","6":"product_cat-low-frequency-ultrasonic-transducer","7":"product_cat-ultrasonic-transducers","9":"first","10":"instock","11":"featured","12":"shipping-taxable","13":"product-type-simple"},"acf":[],"yoast_head":"<!-- This site is optimized with the Yoast SEO Premium plugin v26.8 (Yoast SEO v26.8) - https:\/\/yoast.com\/product\/yoast-seo-premium-wordpress\/ -->\n<title>55.5kHz Waterproof Ultrasonic Transducer | Smart Waste Bin &amp; Parking Sensor<\/title>\n<meta name=\"description\" content=\"High-precision 55.5kHz ultrasonic sensor (ISU55.5-15.5TRAJ). Asymmetric beam minimizes wall interference. Ideal for smart trash can fill level, car reversing radar, and robotics.\" \/>\n<meta name=\"robots\" content=\"index, follow, max-snippet:-1, max-image-preview:large, max-video-preview:-1\" \/>\n<link rel=\"canonical\" href=\"https:\/\/issrsensor.com\/de\/products\/issr-55-5khz-waterproof-ultrasonic-transducer-for-automotive-reversing-radar-systems\/\" \/>\n<meta property=\"og:locale\" content=\"de_DE\" \/>\n<meta property=\"og:type\" content=\"article\" \/>\n<meta property=\"og:title\" content=\"ISSR 55.5kHz Waterproof Ultrasonic Transducer for Automotive Reversing Radar Systems\" \/>\n<meta property=\"og:description\" content=\"High-precision 55.5kHz ultrasonic sensor (ISU55.5-15.5TRAJ). Asymmetric beam minimizes wall interference. Ideal for smart trash can fill level, car reversing radar, and robotics.\" \/>\n<meta property=\"og:url\" content=\"https:\/\/issrsensor.com\/de\/products\/issr-55-5khz-waterproof-ultrasonic-transducer-for-automotive-reversing-radar-systems\/\" \/>\n<meta property=\"og:site_name\" content=\"ISSR\" \/>\n<meta property=\"article:publisher\" content=\"https:\/\/www.facebook.com\/profile.php?id=61576721946113\" \/>\n<meta property=\"article:modified_time\" content=\"2026-01-27T08:32:10+00:00\" \/>\n<meta property=\"og:image\" content=\"https:\/\/issrsensor.com\/wp-content\/uploads\/2025\/12\/55.5kHz-Low-Frequency-Ultrasonic-Reversing-Radar-Ranging-Transducer-ISU55.5-15.5TRAJ-01.png\" \/>\n\t<meta property=\"og:image:width\" content=\"800\" \/>\n\t<meta property=\"og:image:height\" content=\"600\" \/>\n\t<meta property=\"og:image:type\" content=\"image\/png\" \/>\n<meta name=\"twitter:card\" content=\"summary_large_image\" \/>\n<meta name=\"twitter:site\" content=\"@issrsensor\" \/>\n<meta name=\"twitter:label1\" content=\"Preis\" \/>\n\t<meta name=\"twitter:data1\" content=\"\" \/>\n\t<meta name=\"twitter:label2\" content=\"Verf\u00fcgbarkeit\" \/>\n\t<meta name=\"twitter:data2\" content=\"Auf Lager\" \/>\n<script type=\"application\/ld+json\" class=\"yoast-schema-graph\">{\"@context\":\"https:\/\/schema.org\",\"@graph\":[{\"@type\":\"WebPage\",\"@id\":\"https:\/\/issrsensor.com\/products\/issr-55-5khz-waterproof-ultrasonic-transducer-for-automotive-reversing-radar-systems\/\",\"url\":\"https:\/\/issrsensor.com\/products\/issr-55-5khz-waterproof-ultrasonic-transducer-for-automotive-reversing-radar-systems\/\",\"name\":\"55.5kHz Waterproof Ultrasonic Transducer | Smart Waste Bin & Parking Sensor\",\"isPartOf\":{\"@id\":\"https:\/\/issrsensor.com\/#website\"},\"primaryImageOfPage\":{\"@id\":\"https:\/\/issrsensor.com\/products\/issr-55-5khz-waterproof-ultrasonic-transducer-for-automotive-reversing-radar-systems\/#primaryimage\"},\"image\":{\"@id\":\"https:\/\/issrsensor.com\/products\/issr-55-5khz-waterproof-ultrasonic-transducer-for-automotive-reversing-radar-systems\/#primaryimage\"},\"thumbnailUrl\":\"https:\/\/issrsensor.com\/wp-content\/uploads\/2025\/12\/55.5kHz-Low-Frequency-Ultrasonic-Reversing-Radar-Ranging-Transducer-ISU55.5-15.5TRAJ-01.png\",\"datePublished\":\"2025-12-18T07:34:18+00:00\",\"dateModified\":\"2026-01-27T08:32:10+00:00\",\"description\":\"High-precision 55.5kHz ultrasonic sensor (ISU55.5-15.5TRAJ). Asymmetric beam minimizes wall interference. Ideal for smart trash can fill level, car reversing radar, and robotics.\",\"breadcrumb\":{\"@id\":\"https:\/\/issrsensor.com\/products\/issr-55-5khz-waterproof-ultrasonic-transducer-for-automotive-reversing-radar-systems\/#breadcrumb\"},\"inLanguage\":\"de\",\"potentialAction\":[{\"@type\":\"ReadAction\",\"target\":[\"https:\/\/issrsensor.com\/products\/issr-55-5khz-waterproof-ultrasonic-transducer-for-automotive-reversing-radar-systems\/\"]}]},{\"@type\":\"ImageObject\",\"inLanguage\":\"de\",\"@id\":\"https:\/\/issrsensor.com\/products\/issr-55-5khz-waterproof-ultrasonic-transducer-for-automotive-reversing-radar-systems\/#primaryimage\",\"url\":\"https:\/\/issrsensor.com\/wp-content\/uploads\/2025\/12\/55.5kHz-Low-Frequency-Ultrasonic-Reversing-Radar-Ranging-Transducer-ISU55.5-15.5TRAJ-01.png\",\"contentUrl\":\"https:\/\/issrsensor.com\/wp-content\/uploads\/2025\/12\/55.5kHz-Low-Frequency-Ultrasonic-Reversing-Radar-Ranging-Transducer-ISU55.5-15.5TRAJ-01.png\",\"width\":800,\"height\":600,\"caption\":\"55.5kHz Low-Frequency Ultrasonic Reversing Radar Ranging Transducer-ISU55.5-15.5TRAJ-01\"},{\"@type\":\"BreadcrumbList\",\"@id\":\"https:\/\/issrsensor.com\/products\/issr-55-5khz-waterproof-ultrasonic-transducer-for-automotive-reversing-radar-systems\/#breadcrumb\",\"itemListElement\":[{\"@type\":\"ListItem\",\"position\":1,\"name\":\"Home\",\"item\":\"https:\/\/issrsensor.com\/\"},{\"@type\":\"ListItem\",\"position\":2,\"name\":\"Products\",\"item\":\"https:\/\/issrsensor.com\/shop-page\/\"},{\"@type\":\"ListItem\",\"position\":3,\"name\":\"Ultrasonic Transducers\",\"item\":\"https:\/\/issrsensor.com\/product-category\/ultrasonic-transducers\/\"},{\"@type\":\"ListItem\",\"position\":4,\"name\":\"ISSR 55.5kHz Waterproof Ultrasonic Transducer for Automotive Reversing Radar Systems\"}]},{\"@type\":\"WebSite\",\"@id\":\"https:\/\/issrsensor.com\/#website\",\"url\":\"https:\/\/issrsensor.com\/\",\"name\":\"ISSR-Ultrasonic Sensor Transducer Microwave Radar Piezoelectric Ceramics Manufacturer\",\"description\":\"Ultrasonic Sensor Manufacturer\",\"publisher\":{\"@id\":\"https:\/\/issrsensor.com\/#organization\"},\"alternateName\":\"ISSR\",\"potentialAction\":[{\"@type\":\"SearchAction\",\"target\":{\"@type\":\"EntryPoint\",\"urlTemplate\":\"https:\/\/issrsensor.com\/?s={search_term_string}\"},\"query-input\":{\"@type\":\"PropertyValueSpecification\",\"valueRequired\":true,\"valueName\":\"search_term_string\"}}],\"inLanguage\":\"de\"},{\"@type\":\"Organization\",\"@id\":\"https:\/\/issrsensor.com\/#organization\",\"name\":\"ISSR-Ultrasonic Sensor Transducer Microwave Radar Piezoelectric Ceramic Manufacturer\",\"alternateName\":\"ISSR\",\"url\":\"https:\/\/issrsensor.com\/\",\"logo\":{\"@type\":\"ImageObject\",\"inLanguage\":\"de\",\"@id\":\"https:\/\/issrsensor.com\/#\/schema\/logo\/image\/\",\"url\":\"https:\/\/issrsensor.com\/wp-content\/uploads\/2025\/10\/cropped-icon.jpg\",\"contentUrl\":\"https:\/\/issrsensor.com\/wp-content\/uploads\/2025\/10\/cropped-icon.jpg\",\"width\":512,\"height\":512,\"caption\":\"ISSR-Ultrasonic Sensor Transducer Microwave Radar Piezoelectric Ceramic Manufacturer\"},\"image\":{\"@id\":\"https:\/\/issrsensor.com\/#\/schema\/logo\/image\/\"},\"sameAs\":[\"https:\/\/www.facebook.com\/profile.php?id=61576721946113\",\"https:\/\/x.com\/issrsensor\",\"https:\/\/mastodon.social\/@issrsensor\",\"https:\/\/www.youtube.com\/@issrsensor\",\"https:\/\/www.pinterest.com\/issrsensor\/\",\"https:\/\/www.tumblr.com\/issrsensor\",\"https:\/\/medium.com\/@issrsensor\",\"https:\/\/www.linkedin.com\/in\/issrsensor\/\"],\"description\":\"SAUNGYU is a leading OEM manufacture of high-quality Bookshelf Speakers, Soundbar Speakers, Subwoofers, Outdoor Portable Speakers, Hotel Cinema Speakers and more for esteemed brands across the world.\",\"legalName\":\"Shenzhen Saungyu Digital Technology Co., Ltd.\",\"foundingDate\":\"2004-01-01\",\"numberOfEmployees\":{\"@type\":\"QuantitativeValue\",\"minValue\":\"51\",\"maxValue\":\"200\"}}]}<\/script>\n<meta property=\"product:price:currency\" content=\"CNY\" \/>\n<meta property=\"og:availability\" content=\"instock\" \/>\n<meta property=\"product:availability\" content=\"instock\" \/>\n<meta property=\"product:condition\" content=\"new\" \/>\n<!-- \/ Yoast SEO Premium plugin. -->","yoast_head_json":{"title":"55.5kHz Ultraschallwandler Wasserdicht | F\u00fcllstandssensor f\u00fcr Abfallbeh\u00e4lter","description":"Pr\u00e4ziser 55.5kHz Sensor f\u00fcr smarte M\u00fclleimer (F\u00fcllstands\u00fcberwachung) und Einparkhilfen. Asymmetrischer Strahl vermeidet Fehlalarme. IP67 wasserdicht.","robots":{"index":"index","follow":"follow","max-snippet":"max-snippet:-1","max-image-preview":"max-image-preview:large","max-video-preview":"max-video-preview:-1"},"canonical":"https:\/\/issrsensor.com\/de\/products\/issr-55-5khz-waterproof-ultrasonic-transducer-for-automotive-reversing-radar-systems\/","og_locale":"de_DE","og_type":"article","og_title":"ISSR 55.5kHz Waterproof Ultrasonic Transducer for Automotive Reversing Radar Systems","og_description":"High-precision 55.5kHz ultrasonic sensor (ISU55.5-15.5TRAJ). Asymmetric beam minimizes wall interference. Ideal for smart trash can fill level, car reversing radar, and robotics.","og_url":"https:\/\/issrsensor.com\/de\/products\/issr-55-5khz-waterproof-ultrasonic-transducer-for-automotive-reversing-radar-systems\/","og_site_name":"ISSR","article_publisher":"https:\/\/www.facebook.com\/profile.php?id=61576721946113","article_modified_time":"2026-01-27T08:32:10+00:00","og_image":[{"width":800,"height":600,"url":"https:\/\/issrsensor.com\/wp-content\/uploads\/2025\/12\/55.5kHz-Low-Frequency-Ultrasonic-Reversing-Radar-Ranging-Transducer-ISU55.5-15.5TRAJ-01.png","type":"image\/png"}],"twitter_card":"summary_large_image","twitter_site":"@issrsensor","twitter_misc":{"Preis":"","Verf\u00fcgbarkeit":"Auf Lager"},"schema":{"@context":"https:\/\/schema.org","@graph":[{"@type":"WebPage","@id":"https:\/\/issrsensor.com\/products\/issr-55-5khz-waterproof-ultrasonic-transducer-for-automotive-reversing-radar-systems\/","url":"https:\/\/issrsensor.com\/products\/issr-55-5khz-waterproof-ultrasonic-transducer-for-automotive-reversing-radar-systems\/","name":"55.5kHz Ultraschallwandler Wasserdicht | F\u00fcllstandssensor f\u00fcr Abfallbeh\u00e4lter","isPartOf":{"@id":"https:\/\/issrsensor.com\/#website"},"primaryImageOfPage":{"@id":"https:\/\/issrsensor.com\/products\/issr-55-5khz-waterproof-ultrasonic-transducer-for-automotive-reversing-radar-systems\/#primaryimage"},"image":{"@id":"https:\/\/issrsensor.com\/products\/issr-55-5khz-waterproof-ultrasonic-transducer-for-automotive-reversing-radar-systems\/#primaryimage"},"thumbnailUrl":"https:\/\/issrsensor.com\/wp-content\/uploads\/2025\/12\/55.5kHz-Low-Frequency-Ultrasonic-Reversing-Radar-Ranging-Transducer-ISU55.5-15.5TRAJ-01.png","datePublished":"2025-12-18T07:34:18+00:00","dateModified":"2026-01-27T08:32:10+00:00","description":"Pr\u00e4ziser 55.5kHz Sensor f\u00fcr smarte M\u00fclleimer (F\u00fcllstands\u00fcberwachung) und Einparkhilfen. Asymmetrischer Strahl vermeidet Fehlalarme. IP67 wasserdicht.","breadcrumb":{"@id":"https:\/\/issrsensor.com\/products\/issr-55-5khz-waterproof-ultrasonic-transducer-for-automotive-reversing-radar-systems\/#breadcrumb"},"inLanguage":"de","potentialAction":[{"@type":"ReadAction","target":["https:\/\/issrsensor.com\/products\/issr-55-5khz-waterproof-ultrasonic-transducer-for-automotive-reversing-radar-systems\/"]}]},{"@type":"ImageObject","inLanguage":"de","@id":"https:\/\/issrsensor.com\/products\/issr-55-5khz-waterproof-ultrasonic-transducer-for-automotive-reversing-radar-systems\/#primaryimage","url":"https:\/\/issrsensor.com\/wp-content\/uploads\/2025\/12\/55.5kHz-Low-Frequency-Ultrasonic-Reversing-Radar-Ranging-Transducer-ISU55.5-15.5TRAJ-01.png","contentUrl":"https:\/\/issrsensor.com\/wp-content\/uploads\/2025\/12\/55.5kHz-Low-Frequency-Ultrasonic-Reversing-Radar-Ranging-Transducer-ISU55.5-15.5TRAJ-01.png","width":800,"height":600,"caption":"55.5kHz Low-Frequency Ultrasonic Reversing Radar Ranging Transducer-ISU55.5-15.5TRAJ-01"},{"@type":"BreadcrumbList","@id":"https:\/\/issrsensor.com\/products\/issr-55-5khz-waterproof-ultrasonic-transducer-for-automotive-reversing-radar-systems\/#breadcrumb","itemListElement":[{"@type":"ListItem","position":1,"name":"Home","item":"https:\/\/issrsensor.com\/"},{"@type":"ListItem","position":2,"name":"Products","item":"https:\/\/issrsensor.com\/shop-page\/"},{"@type":"ListItem","position":3,"name":"Ultrasonic Transducers","item":"https:\/\/issrsensor.com\/product-category\/ultrasonic-transducers\/"},{"@type":"ListItem","position":4,"name":"ISSR 55.5kHz Waterproof Ultrasonic Transducer for Automotive Reversing Radar Systems"}]},{"@type":"WebSite","@id":"https:\/\/issrsensor.com\/#website","url":"https:\/\/issrsensor.com\/","name":"ISSR-Ultraschallsensor Wandler Mikrowelle Radar Piezoelektrische Keramik Hersteller","description":"Ultraschallsensor Hersteller","publisher":{"@id":"https:\/\/issrsensor.com\/#organization"},"alternateName":"ISSR","potentialAction":[{"@type":"SearchAction","target":{"@type":"EntryPoint","urlTemplate":"https:\/\/issrsensor.com\/?s={search_term_string}"},"query-input":{"@type":"PropertyValueSpecification","valueRequired":true,"valueName":"search_term_string"}}],"inLanguage":"de"},{"@type":"Organization","@id":"https:\/\/issrsensor.com\/#organization","name":"ISSR-Ultraschallsensor Wandler Mikrowelle Radar Piezoelektrische Keramik Hersteller","alternateName":"ISSR","url":"https:\/\/issrsensor.com\/","logo":{"@type":"ImageObject","inLanguage":"de","@id":"https:\/\/issrsensor.com\/#\/schema\/logo\/image\/","url":"https:\/\/issrsensor.com\/wp-content\/uploads\/2025\/10\/cropped-icon.jpg","contentUrl":"https:\/\/issrsensor.com\/wp-content\/uploads\/2025\/10\/cropped-icon.jpg","width":512,"height":512,"caption":"ISSR-Ultrasonic Sensor Transducer Microwave Radar Piezoelectric Ceramic Manufacturer"},"image":{"@id":"https:\/\/issrsensor.com\/#\/schema\/logo\/image\/"},"sameAs":["https:\/\/www.facebook.com\/profile.php?id=61576721946113","https:\/\/x.com\/issrsensor","https:\/\/mastodon.social\/@issrsensor","https:\/\/www.youtube.com\/@issrsensor","https:\/\/www.pinterest.com\/issrsensor\/","https:\/\/www.tumblr.com\/issrsensor","https:\/\/medium.com\/@issrsensor","https:\/\/www.linkedin.com\/in\/issrsensor\/"],"description":"SAUNGYU ist ein f\u00fchrender OEM-Hersteller von hochwertigen Regallautsprechern, Soundbar-Lautsprechern, Subwoofern, tragbaren Lautsprechern f\u00fcr den Au\u00dfenbereich, Hotelkino-Lautsprechern und mehr f\u00fcr gesch\u00e4tzte Marken auf der ganzen Welt.","legalName":"Shenzhen Saungyu Digital Technology Co., Ltd.","foundingDate":"2004-01-01","numberOfEmployees":{"@type":"QuantitativeValue","minValue":"51","maxValue":"200"}}]},"product_price_currency":"CNY","og_availability":"instock","product_availability":"instock","product_condition":"new"},"_links":{"self":[{"href":"https:\/\/issrsensor.com\/de\/wp-json\/wp\/v2\/product\/6747","targetHints":{"allow":["GET"]}}],"collection":[{"href":"https:\/\/issrsensor.com\/de\/wp-json\/wp\/v2\/product"}],"about":[{"href":"https:\/\/issrsensor.com\/de\/wp-json\/wp\/v2\/types\/product"}],"wp:featuredmedia":[{"embeddable":true,"href":"https:\/\/issrsensor.com\/de\/wp-json\/wp\/v2\/media\/6742"}],"wp:attachment":[{"href":"https:\/\/issrsensor.com\/de\/wp-json\/wp\/v2\/media?parent=6747"}],"wp:term":[{"taxonomy":"product_brand","embeddable":true,"href":"https:\/\/issrsensor.com\/de\/wp-json\/wp\/v2\/product_brand?post=6747"},{"taxonomy":"product_cat","embeddable":true,"href":"https:\/\/issrsensor.com\/de\/wp-json\/wp\/v2\/product_cat?post=6747"},{"taxonomy":"product_tag","embeddable":true,"href":"https:\/\/issrsensor.com\/de\/wp-json\/wp\/v2\/product_tag?post=6747"}],"curies":[{"name":"wp","href":"https:\/\/api.w.org\/{rel}","templated":true}]}}