{"id":6784,"date":"2025-12-22T16:12:49","date_gmt":"2025-12-22T08:12:49","guid":{"rendered":"https:\/\/issrsensor.com\/?post_type=product&#038;p=6784"},"modified":"2026-01-27T11:13:53","modified_gmt":"2026-01-27T03:13:53","slug":"issr-55-5khz-ultrasonic-ranging-transducer-for-safe-obstacle-avoidance-when-reversing-in-automobiles","status":"publish","type":"product","link":"https:\/\/issrsensor.com\/es\/products\/issr-55-5khz-ultrasonic-ranging-transducer-for-safe-obstacle-avoidance-when-reversing-in-automobiles\/","title":{"rendered":"Transductor ultras\u00f3nico ISSR de 55,5 kHz para evitar obst\u00e1culos con seguridad al dar marcha atr\u00e1s en autom\u00f3viles"},"content":{"rendered":"","protected":false},"excerpt":{"rendered":"","protected":false},"featured_media":6776,"template":"","meta":{"_acf_changed":false},"product_brand":[],"product_cat":[66,22],"product_tag":[],"class_list":{"0":"post-6784","1":"product","2":"type-product","3":"status-publish","4":"has-post-thumbnail","6":"product_cat-low-frequency-ultrasonic-transducer","7":"product_cat-ultrasonic-transducers","9":"first","10":"instock","11":"featured","12":"shipping-taxable","13":"product-type-simple"},"acf":[],"yoast_head":"<!-- This site is optimized with the Yoast SEO Premium plugin v26.8 (Yoast SEO v26.8) - https:\/\/yoast.com\/product\/yoast-seo-premium-wordpress\/ -->\n<title>55.5kHz Ultrasonic Transducer | High-Precision Sensor Probe (95\u00b0) - ISSR<\/title>\n<meta name=\"description\" content=\"A specialized 55.5kHz ultrasonic sensor component (transducer) with a 95\u00b0H\/50\u00b0V asymmetric beam. Offers shorter blind zones and higher resolution for reversing radars, robotics, and AGV obstacle avoidance.\" \/>\n<meta name=\"robots\" content=\"index, follow, max-snippet:-1, max-image-preview:large, max-video-preview:-1\" \/>\n<link rel=\"canonical\" href=\"https:\/\/issrsensor.com\/es\/products\/issr-55-5khz-ultrasonic-ranging-transducer-for-safe-obstacle-avoidance-when-reversing-in-automobiles\/\" \/>\n<meta property=\"og:locale\" content=\"es_ES\" \/>\n<meta property=\"og:type\" content=\"article\" \/>\n<meta property=\"og:title\" content=\"ISSR 55.5kHz ultrasonic ranging transducer for safe obstacle avoidance when reversing in automobiles\" \/>\n<meta property=\"og:description\" content=\"A specialized 55.5kHz ultrasonic sensor component (transducer) with a 95\u00b0H\/50\u00b0V asymmetric beam. Offers shorter blind zones and higher resolution for reversing radars, robotics, and AGV obstacle avoidance.\" \/>\n<meta property=\"og:url\" content=\"https:\/\/issrsensor.com\/es\/products\/issr-55-5khz-ultrasonic-ranging-transducer-for-safe-obstacle-avoidance-when-reversing-in-automobiles\/\" \/>\n<meta property=\"og:site_name\" content=\"ISSR\" \/>\n<meta property=\"article:publisher\" content=\"https:\/\/www.facebook.com\/profile.php?id=61576721946113\" \/>\n<meta property=\"article:modified_time\" content=\"2026-01-27T03:13:53+00:00\" \/>\n<meta property=\"og:image\" content=\"https:\/\/issrsensor.com\/wp-content\/uploads\/2025\/12\/55.5kHz-Low-Frequency-Ultrasonic-Reversing-Radar-Ranging-Transducer-ISU55.5-15.5TRAO-01.png\" \/>\n\t<meta property=\"og:image:width\" content=\"800\" \/>\n\t<meta property=\"og:image:height\" content=\"600\" \/>\n\t<meta property=\"og:image:type\" content=\"image\/png\" \/>\n<meta name=\"twitter:card\" content=\"summary_large_image\" \/>\n<meta name=\"twitter:site\" content=\"@issrsensor\" \/>\n<meta name=\"twitter:label1\" content=\"Precio\" \/>\n\t<meta name=\"twitter:data1\" content=\"\" \/>\n\t<meta name=\"twitter:label2\" content=\"Disponibilidad\" \/>\n\t<meta name=\"twitter:data2\" content=\"Disponible\" \/>\n<script type=\"application\/ld+json\" class=\"yoast-schema-graph\">{\"@context\":\"https:\/\/schema.org\",\"@graph\":[{\"@type\":\"WebPage\",\"@id\":\"https:\/\/issrsensor.com\/products\/issr-55-5khz-ultrasonic-ranging-transducer-for-safe-obstacle-avoidance-when-reversing-in-automobiles\/\",\"url\":\"https:\/\/issrsensor.com\/products\/issr-55-5khz-ultrasonic-ranging-transducer-for-safe-obstacle-avoidance-when-reversing-in-automobiles\/\",\"name\":\"55.5kHz Ultrasonic Transducer | High-Precision Sensor Probe (95\u00b0) - ISSR\",\"isPartOf\":{\"@id\":\"https:\/\/issrsensor.com\/#website\"},\"primaryImageOfPage\":{\"@id\":\"https:\/\/issrsensor.com\/products\/issr-55-5khz-ultrasonic-ranging-transducer-for-safe-obstacle-avoidance-when-reversing-in-automobiles\/#primaryimage\"},\"image\":{\"@id\":\"https:\/\/issrsensor.com\/products\/issr-55-5khz-ultrasonic-ranging-transducer-for-safe-obstacle-avoidance-when-reversing-in-automobiles\/#primaryimage\"},\"thumbnailUrl\":\"https:\/\/issrsensor.com\/wp-content\/uploads\/2025\/12\/55.5kHz-Low-Frequency-Ultrasonic-Reversing-Radar-Ranging-Transducer-ISU55.5-15.5TRAO-01.png\",\"datePublished\":\"2025-12-22T08:12:49+00:00\",\"dateModified\":\"2026-01-27T03:13:53+00:00\",\"description\":\"A specialized 55.5kHz ultrasonic sensor component (transducer) with a 95\u00b0H\/50\u00b0V asymmetric beam. Offers shorter blind zones and higher resolution for reversing radars, robotics, and AGV obstacle avoidance.\",\"breadcrumb\":{\"@id\":\"https:\/\/issrsensor.com\/products\/issr-55-5khz-ultrasonic-ranging-transducer-for-safe-obstacle-avoidance-when-reversing-in-automobiles\/#breadcrumb\"},\"inLanguage\":\"es\",\"potentialAction\":[{\"@type\":\"ReadAction\",\"target\":[\"https:\/\/issrsensor.com\/products\/issr-55-5khz-ultrasonic-ranging-transducer-for-safe-obstacle-avoidance-when-reversing-in-automobiles\/\"]}]},{\"@type\":\"ImageObject\",\"inLanguage\":\"es\",\"@id\":\"https:\/\/issrsensor.com\/products\/issr-55-5khz-ultrasonic-ranging-transducer-for-safe-obstacle-avoidance-when-reversing-in-automobiles\/#primaryimage\",\"url\":\"https:\/\/issrsensor.com\/wp-content\/uploads\/2025\/12\/55.5kHz-Low-Frequency-Ultrasonic-Reversing-Radar-Ranging-Transducer-ISU55.5-15.5TRAO-01.png\",\"contentUrl\":\"https:\/\/issrsensor.com\/wp-content\/uploads\/2025\/12\/55.5kHz-Low-Frequency-Ultrasonic-Reversing-Radar-Ranging-Transducer-ISU55.5-15.5TRAO-01.png\",\"width\":800,\"height\":600,\"caption\":\"55.5kHz Low-Frequency Ultrasonic Reversing Radar Ranging Transducer-ISU55.5-15.5TRAO-01\"},{\"@type\":\"BreadcrumbList\",\"@id\":\"https:\/\/issrsensor.com\/products\/issr-55-5khz-ultrasonic-ranging-transducer-for-safe-obstacle-avoidance-when-reversing-in-automobiles\/#breadcrumb\",\"itemListElement\":[{\"@type\":\"ListItem\",\"position\":1,\"name\":\"Home\",\"item\":\"https:\/\/issrsensor.com\/\"},{\"@type\":\"ListItem\",\"position\":2,\"name\":\"Products\",\"item\":\"https:\/\/issrsensor.com\/shop-page\/\"},{\"@type\":\"ListItem\",\"position\":3,\"name\":\"Ultrasonic Transducers\",\"item\":\"https:\/\/issrsensor.com\/product-category\/ultrasonic-transducers\/\"},{\"@type\":\"ListItem\",\"position\":4,\"name\":\"ISSR 55.5kHz ultrasonic ranging transducer for safe obstacle avoidance when reversing in automobiles\"}]},{\"@type\":\"WebSite\",\"@id\":\"https:\/\/issrsensor.com\/#website\",\"url\":\"https:\/\/issrsensor.com\/\",\"name\":\"ISSR-Ultrasonic Sensor Transducer Microwave Radar Piezoelectric Ceramics Manufacturer\",\"description\":\"Ultrasonic Sensor Manufacturer\",\"publisher\":{\"@id\":\"https:\/\/issrsensor.com\/#organization\"},\"alternateName\":\"ISSR\",\"potentialAction\":[{\"@type\":\"SearchAction\",\"target\":{\"@type\":\"EntryPoint\",\"urlTemplate\":\"https:\/\/issrsensor.com\/?s={search_term_string}\"},\"query-input\":{\"@type\":\"PropertyValueSpecification\",\"valueRequired\":true,\"valueName\":\"search_term_string\"}}],\"inLanguage\":\"es\"},{\"@type\":\"Organization\",\"@id\":\"https:\/\/issrsensor.com\/#organization\",\"name\":\"ISSR-Ultrasonic Sensor Transducer Microwave Radar Piezoelectric Ceramic Manufacturer\",\"alternateName\":\"ISSR\",\"url\":\"https:\/\/issrsensor.com\/\",\"logo\":{\"@type\":\"ImageObject\",\"inLanguage\":\"es\",\"@id\":\"https:\/\/issrsensor.com\/#\/schema\/logo\/image\/\",\"url\":\"https:\/\/issrsensor.com\/wp-content\/uploads\/2025\/10\/cropped-icon.jpg\",\"contentUrl\":\"https:\/\/issrsensor.com\/wp-content\/uploads\/2025\/10\/cropped-icon.jpg\",\"width\":512,\"height\":512,\"caption\":\"ISSR-Ultrasonic Sensor Transducer Microwave Radar Piezoelectric Ceramic Manufacturer\"},\"image\":{\"@id\":\"https:\/\/issrsensor.com\/#\/schema\/logo\/image\/\"},\"sameAs\":[\"https:\/\/www.facebook.com\/profile.php?id=61576721946113\",\"https:\/\/x.com\/issrsensor\",\"https:\/\/mastodon.social\/@issrsensor\",\"https:\/\/www.youtube.com\/@issrsensor\",\"https:\/\/www.pinterest.com\/issrsensor\/\",\"https:\/\/www.tumblr.com\/issrsensor\",\"https:\/\/medium.com\/@issrsensor\",\"https:\/\/www.linkedin.com\/in\/issrsensor\/\"],\"description\":\"SAUNGYU is a leading OEM manufacture of high-quality Bookshelf Speakers, Soundbar Speakers, Subwoofers, Outdoor Portable Speakers, Hotel Cinema Speakers and more for esteemed brands across the world.\",\"legalName\":\"Shenzhen Saungyu Digital Technology Co., Ltd.\",\"foundingDate\":\"2004-01-01\",\"numberOfEmployees\":{\"@type\":\"QuantitativeValue\",\"minValue\":\"51\",\"maxValue\":\"200\"}}]}<\/script>\n<meta property=\"product:price:currency\" content=\"CNY\" \/>\n<meta property=\"og:availability\" content=\"instock\" \/>\n<meta property=\"product:availability\" content=\"instock\" \/>\n<meta property=\"product:condition\" content=\"new\" \/>\n<!-- \/ Yoast SEO Premium plugin. -->","yoast_head_json":{"title":"Transductor Ultras\u00f3nico 55.5kHz | Sensor de Alta Precisi\u00f3n 95\u00b0 - ISSR","description":"Transductor de 55.5kHz especializado con haz asim\u00e9trico. Ofrece zonas muertas m\u00e1s cortas y mayor resoluci\u00f3n para radares de marcha atr\u00e1s y navegaci\u00f3n de robots AGV.","robots":{"index":"index","follow":"follow","max-snippet":"max-snippet:-1","max-image-preview":"max-image-preview:large","max-video-preview":"max-video-preview:-1"},"canonical":"https:\/\/issrsensor.com\/es\/products\/issr-55-5khz-ultrasonic-ranging-transducer-for-safe-obstacle-avoidance-when-reversing-in-automobiles\/","og_locale":"es_ES","og_type":"article","og_title":"ISSR 55.5kHz ultrasonic ranging transducer for safe obstacle avoidance when reversing in automobiles","og_description":"A specialized 55.5kHz ultrasonic sensor component (transducer) with a 95\u00b0H\/50\u00b0V asymmetric beam. Offers shorter blind zones and higher resolution for reversing radars, robotics, and AGV obstacle avoidance.","og_url":"https:\/\/issrsensor.com\/es\/products\/issr-55-5khz-ultrasonic-ranging-transducer-for-safe-obstacle-avoidance-when-reversing-in-automobiles\/","og_site_name":"ISSR","article_publisher":"https:\/\/www.facebook.com\/profile.php?id=61576721946113","article_modified_time":"2026-01-27T03:13:53+00:00","og_image":[{"width":800,"height":600,"url":"https:\/\/issrsensor.com\/wp-content\/uploads\/2025\/12\/55.5kHz-Low-Frequency-Ultrasonic-Reversing-Radar-Ranging-Transducer-ISU55.5-15.5TRAO-01.png","type":"image\/png"}],"twitter_card":"summary_large_image","twitter_site":"@issrsensor","twitter_misc":{"Precio":"","Disponibilidad":"Disponible"},"schema":{"@context":"https:\/\/schema.org","@graph":[{"@type":"WebPage","@id":"https:\/\/issrsensor.com\/products\/issr-55-5khz-ultrasonic-ranging-transducer-for-safe-obstacle-avoidance-when-reversing-in-automobiles\/","url":"https:\/\/issrsensor.com\/products\/issr-55-5khz-ultrasonic-ranging-transducer-for-safe-obstacle-avoidance-when-reversing-in-automobiles\/","name":"Transductor Ultras\u00f3nico 55.5kHz | Sensor de Alta Precisi\u00f3n 95\u00b0 - ISSR","isPartOf":{"@id":"https:\/\/issrsensor.com\/#website"},"primaryImageOfPage":{"@id":"https:\/\/issrsensor.com\/products\/issr-55-5khz-ultrasonic-ranging-transducer-for-safe-obstacle-avoidance-when-reversing-in-automobiles\/#primaryimage"},"image":{"@id":"https:\/\/issrsensor.com\/products\/issr-55-5khz-ultrasonic-ranging-transducer-for-safe-obstacle-avoidance-when-reversing-in-automobiles\/#primaryimage"},"thumbnailUrl":"https:\/\/issrsensor.com\/wp-content\/uploads\/2025\/12\/55.5kHz-Low-Frequency-Ultrasonic-Reversing-Radar-Ranging-Transducer-ISU55.5-15.5TRAO-01.png","datePublished":"2025-12-22T08:12:49+00:00","dateModified":"2026-01-27T03:13:53+00:00","description":"Transductor de 55.5kHz especializado con haz asim\u00e9trico. Ofrece zonas muertas m\u00e1s cortas y mayor resoluci\u00f3n para radares de marcha atr\u00e1s y navegaci\u00f3n de robots AGV.","breadcrumb":{"@id":"https:\/\/issrsensor.com\/products\/issr-55-5khz-ultrasonic-ranging-transducer-for-safe-obstacle-avoidance-when-reversing-in-automobiles\/#breadcrumb"},"inLanguage":"es","potentialAction":[{"@type":"ReadAction","target":["https:\/\/issrsensor.com\/products\/issr-55-5khz-ultrasonic-ranging-transducer-for-safe-obstacle-avoidance-when-reversing-in-automobiles\/"]}]},{"@type":"ImageObject","inLanguage":"es","@id":"https:\/\/issrsensor.com\/products\/issr-55-5khz-ultrasonic-ranging-transducer-for-safe-obstacle-avoidance-when-reversing-in-automobiles\/#primaryimage","url":"https:\/\/issrsensor.com\/wp-content\/uploads\/2025\/12\/55.5kHz-Low-Frequency-Ultrasonic-Reversing-Radar-Ranging-Transducer-ISU55.5-15.5TRAO-01.png","contentUrl":"https:\/\/issrsensor.com\/wp-content\/uploads\/2025\/12\/55.5kHz-Low-Frequency-Ultrasonic-Reversing-Radar-Ranging-Transducer-ISU55.5-15.5TRAO-01.png","width":800,"height":600,"caption":"55.5kHz Low-Frequency Ultrasonic Reversing Radar Ranging Transducer-ISU55.5-15.5TRAO-01"},{"@type":"BreadcrumbList","@id":"https:\/\/issrsensor.com\/products\/issr-55-5khz-ultrasonic-ranging-transducer-for-safe-obstacle-avoidance-when-reversing-in-automobiles\/#breadcrumb","itemListElement":[{"@type":"ListItem","position":1,"name":"Home","item":"https:\/\/issrsensor.com\/"},{"@type":"ListItem","position":2,"name":"Products","item":"https:\/\/issrsensor.com\/shop-page\/"},{"@type":"ListItem","position":3,"name":"Ultrasonic Transducers","item":"https:\/\/issrsensor.com\/product-category\/ultrasonic-transducers\/"},{"@type":"ListItem","position":4,"name":"ISSR 55.5kHz ultrasonic ranging transducer for safe obstacle avoidance when reversing in automobiles"}]},{"@type":"WebSite","@id":"https:\/\/issrsensor.com\/#website","url":"https:\/\/issrsensor.com\/","name":"ISSR-Ultrasonic Sensor Transducer Microwave Radar Piezoelectric Ceramics Fabricante","description":"Fabricantes de sensores ultras\u00f3nicos","publisher":{"@id":"https:\/\/issrsensor.com\/#organization"},"alternateName":"ISSR","potentialAction":[{"@type":"SearchAction","target":{"@type":"EntryPoint","urlTemplate":"https:\/\/issrsensor.com\/?s={search_term_string}"},"query-input":{"@type":"PropertyValueSpecification","valueRequired":true,"valueName":"search_term_string"}}],"inLanguage":"es"},{"@type":"Organization","@id":"https:\/\/issrsensor.com\/#organization","name":"ISSR-Ultrasonic Sensor Transducer Microondas Radar Piezoelectric Ceramic Fabricante","alternateName":"ISSR","url":"https:\/\/issrsensor.com\/","logo":{"@type":"ImageObject","inLanguage":"es","@id":"https:\/\/issrsensor.com\/#\/schema\/logo\/image\/","url":"https:\/\/issrsensor.com\/wp-content\/uploads\/2025\/10\/cropped-icon.jpg","contentUrl":"https:\/\/issrsensor.com\/wp-content\/uploads\/2025\/10\/cropped-icon.jpg","width":512,"height":512,"caption":"ISSR-Ultrasonic Sensor Transducer Microwave Radar Piezoelectric Ceramic Manufacturer"},"image":{"@id":"https:\/\/issrsensor.com\/#\/schema\/logo\/image\/"},"sameAs":["https:\/\/www.facebook.com\/profile.php?id=61576721946113","https:\/\/x.com\/issrsensor","https:\/\/mastodon.social\/@issrsensor","https:\/\/www.youtube.com\/@issrsensor","https:\/\/www.pinterest.com\/issrsensor\/","https:\/\/www.tumblr.com\/issrsensor","https:\/\/medium.com\/@issrsensor","https:\/\/www.linkedin.com\/in\/issrsensor\/"],"description":"SAUNGYU es un fabricante OEM l\u00edder de alta calidad de altavoces de estanter\u00eda, altavoces Soundbar, subwoofers, altavoces port\u00e1tiles al aire libre, altavoces de cine del hotel y m\u00e1s para las marcas estimadas en todo el mundo.","legalName":"Shenzhen Saungyu Digital Technology Co., Ltd.","foundingDate":"2004-01-01","numberOfEmployees":{"@type":"QuantitativeValue","minValue":"51","maxValue":"200"}}]},"product_price_currency":"CNY","og_availability":"instock","product_availability":"instock","product_condition":"new"},"_links":{"self":[{"href":"https:\/\/issrsensor.com\/es\/wp-json\/wp\/v2\/product\/6784","targetHints":{"allow":["GET"]}}],"collection":[{"href":"https:\/\/issrsensor.com\/es\/wp-json\/wp\/v2\/product"}],"about":[{"href":"https:\/\/issrsensor.com\/es\/wp-json\/wp\/v2\/types\/product"}],"wp:featuredmedia":[{"embeddable":true,"href":"https:\/\/issrsensor.com\/es\/wp-json\/wp\/v2\/media\/6776"}],"wp:attachment":[{"href":"https:\/\/issrsensor.com\/es\/wp-json\/wp\/v2\/media?parent=6784"}],"wp:term":[{"taxonomy":"product_brand","embeddable":true,"href":"https:\/\/issrsensor.com\/es\/wp-json\/wp\/v2\/product_brand?post=6784"},{"taxonomy":"product_cat","embeddable":true,"href":"https:\/\/issrsensor.com\/es\/wp-json\/wp\/v2\/product_cat?post=6784"},{"taxonomy":"product_tag","embeddable":true,"href":"https:\/\/issrsensor.com\/es\/wp-json\/wp\/v2\/product_tag?post=6784"}],"curies":[{"name":"wp","href":"https:\/\/api.w.org\/{rel}","templated":true}]}}