{"id":1770,"date":"2025-08-10T21:28:43","date_gmt":"2025-08-10T13:28:43","guid":{"rendered":"https:\/\/issrsensor.com\/?page_id=1770"},"modified":"2026-01-21T17:51:17","modified_gmt":"2026-01-21T09:51:17","slug":"news","status":"publish","type":"page","link":"https:\/\/issrsensor.com\/fr\/news\/","title":{"rendered":"Actualit\u00e9s"},"content":{"rendered":"<div class=\"wp-block-stackable-columns alignfull stk-block-columns stk-block stk-1f71f3c\" data-block-id=\"1f71f3c\"><style>.stk-1f71f3c {padding-right:5% !important;padding-left:5% !important;margin-top:0px !important;margin-right:0px !important;margin-bottom:0px !important;margin-left:0px !important;}<\/style><div class=\"stk-row stk-inner-blocks stk-block-content stk-content-align stk-1f71f3c-column alignfull\">\n<div class=\"wp-block-stackable-column stk-block-column stk-column stk-block stk-e4c1585\" data-v=\"4\" data-block-id=\"e4c1585\"><style>.stk-e4c1585-container{margin-top:0px !important;margin-right:0px !important;margin-bottom:0px !important;margin-left:0px !important;}.stk-e4c1585 {padding-top:0px !important;padding-right:0px !important;padding-bottom:0px !important;padding-left:0px !important;margin-top:2rem !important;margin-right:0rem !important;margin-bottom:2rem !important;margin-left:0rem !important;}<\/style><div class=\"stk-column-wrapper stk-block-column__content stk-container stk-e4c1585-container stk--no-background stk--no-padding\"><div class=\"stk-block-content stk-inner-blocks stk-e4c1585-inner-blocks\">\n<div class=\"wp-block-stackable-heading stk-block-heading stk-block-heading--v2 stk-block stk-6c5a563\" id=\"news\" data-block-id=\"6c5a563\"><style>.stk-6c5a563 .stk-block-heading__text{font-size:1.5rem !important;color:var(--theme-palette-color-4, #1c1c1c) !important;line-height:1rem !important;font-weight:700 !important;text-transform:capitalize !important;font-style:normal !important;font-family:\"Source Sans 3\", Sans-serif !important;}@media screen and (max-width:999px){.stk-6c5a563 .stk-block-heading__text{font-size:1.5rem !important;}}<\/style><h1 class=\"stk-block-heading__text has-text-color\">Actualit\u00e9s<\/h1><\/div>\n\n\n\n<div class=\"wp-block-stackable-posts alignfull stk-block-posts has-text-align-left stk-block stk-22693e6 is-style-list\" data-v=\"2\" data-block-id=\"22693e6\"><style>.stk-22693e6 {--stk-columns:1 !important;--stk-column-gap:0px !important;align-items:center !important;padding-top:0px !important;padding-right:0px !important;padding-bottom:0px !important;padding-left:0px !important;margin-top:0px !important;margin-right:0px !important;margin-bottom:0px !important;margin-left:0px !important;display:flex !important;}.stk-22693e6-container .stk-block-posts__image-link{margin-bottom:0px !important;}.stk-22693e6 .stk-block-posts__title{margin-bottom:8px !important;}.stk-22693e6 .stk-block-posts__category{margin-bottom:0px !important;}.stk-22693e6 .stk-block-posts__excerpt{margin-bottom:0px !important;}.stk-22693e6 .stk-block-posts__meta{margin-bottom:5px !important;color:#abb8c3 !important;line-height:1rem !important;font-weight:400 !important;text-transform:none !important;font-style:normal !important;font-family:\"Source Sans 3\", Sans-serif !important;}.stk-22693e6 .stk-block-posts__readmore{margin-bottom:0px !important;color:var(--theme-palette-color-1, #16aac5) !important;line-height:1rem !important;font-weight:500 !important;text-transform:none !important;font-style:normal !important;font-family:\"Source Sans 3\", Sans-serif !important;}.stk-22693e6 .stk-container-padding{width:65% !important;}.stk-22693e6 .stk-img-wrapper,  .stk-22693e6-container .stk-block-posts__image-link{flex-basis:35% !important;filter:drop-shadow(0px 0px 1px var(--theme-palette-color-6, #edeff1)) !important;}.stk-22693e6 .stk-img-wrapper img,  .stk-22693e6-container .stk-block-posts__image-link{border-radius:8px !important;}.stk-22693e6 .stk-block-posts__title a{color:var(--theme-palette-color-4, #1c1c1c) !important;line-height:1.5rem !important;font-weight:700 !important;text-transform:capitalize !important;font-style:normal !important;font-family:\"Source Sans 3\", Sans-serif !important;}.stk-22693e6 .stk-block-posts__excerpt p{line-height:1.36rem !important;font-weight:400 !important;text-transform:none !important;font-style:normal !important;font-family:\"Source Sans 3\", Sans-serif !important;}.stk-22693e6 .stk-block-posts__items{row-gap:12px !important;}<\/style><div class=\"stk-inner-blocks stk-content-align stk-22693e6-column alignfull\"><div class=\"stk-block-posts__items\"><div class=\"stk-block-posts__item\"><div class=\"stk-container stk-22693e6-container stk--no-background stk--no-padding\"><a href=\"https:\/\/issrsensor.com\/fr\/issr-launches-new-ultrasonic-label-sensor\/\" class=\"stk-block-posts__image-link\"><figure class=\"stk-img-wrapper stk-image--shape-stretch stk--shadow-0px 0px 1px var(--theme-palette-color-6, #edeff1)\"><img loading=\"lazy\" decoding=\"async\" width=\"750\" height=\"500\" src=\"https:\/\/issrsensor.com\/wp-content\/uploads\/2026\/04\/Double-Sheet-and-Label-Detection-Sensor.webp\" class=\"attachment-full size-full wp-post-image\" alt=\"Double Sheet and Label Detection Sensor\" srcset=\"https:\/\/issrsensor.com\/wp-content\/uploads\/2026\/04\/Double-Sheet-and-Label-Detection-Sensor.webp 750w, https:\/\/issrsensor.com\/wp-content\/uploads\/2026\/04\/Double-Sheet-and-Label-Detection-Sensor-300x200.webp 300w, https:\/\/issrsensor.com\/wp-content\/uploads\/2026\/04\/Double-Sheet-and-Label-Detection-Sensor-18x12.webp 18w\" sizes=\"auto, (max-width: 750px) 100vw, 750px\" \/><\/figure><\/a><article class=\"stk-container-padding\"><h3 class=\"stk-block-posts__title has-text-color\"><a href='https:\/\/issrsensor.com\/fr\/issr-launches-new-ultrasonic-label-sensor\/'>Conquering Transparent and Flexible Materials: The All-New Ultrasonic Label Sensor is Officially Launched<\/a><\/h3><aside class=\"stk-block-posts__meta stk-subtitle has-text-color\"><time datetime=\"2026-04-13T11:32:28+08:00\">2026-04-13<\/time><\/aside><div class=\"stk-block-posts__excerpt\"><p>With the continuous upgrading of high-end packaging and textile processes, traditional optical sensors often face\u2026<\/p>\n<\/div><a class=\"stk-block-posts__readmore has-text-color\" href=\"https:\/\/issrsensor.com\/fr\/issr-launches-new-ultrasonic-label-sensor\/\">Lire la suite<\/a><\/article><\/div><\/div><div class=\"stk-block-posts__item\"><div class=\"stk-container stk-22693e6-container stk--no-background stk--no-padding\"><a href=\"https:\/\/issrsensor.com\/fr\/issr-launches-isub450-ultrasonic-sensor\/\" class=\"stk-block-posts__image-link\"><figure class=\"stk-img-wrapper stk-image--shape-stretch stk--shadow-0px 0px 1px var(--theme-palette-color-6, #edeff1)\"><img loading=\"lazy\" decoding=\"async\" width=\"750\" height=\"500\" src=\"https:\/\/issrsensor.com\/wp-content\/uploads\/2026\/03\/ISSR\u5168\u65b0\u9632\u8150\u8680\u8d85\u58f0\u6ce2\u4f20\u611f\u5668.png\" class=\"attachment-full size-full wp-post-image\" alt=\"ISSR Launches Brand-New Corrosion-Resistant Ultrasonic Sensor\" srcset=\"https:\/\/issrsensor.com\/wp-content\/uploads\/2026\/03\/ISSR\u5168\u65b0\u9632\u8150\u8680\u8d85\u58f0\u6ce2\u4f20\u611f\u5668.png 750w, https:\/\/issrsensor.com\/wp-content\/uploads\/2026\/03\/ISSR\u5168\u65b0\u9632\u8150\u8680\u8d85\u58f0\u6ce2\u4f20\u611f\u5668-300x200.png 300w, https:\/\/issrsensor.com\/wp-content\/uploads\/2026\/03\/ISSR\u5168\u65b0\u9632\u8150\u8680\u8d85\u58f0\u6ce2\u4f20\u611f\u5668-18x12.png 18w\" sizes=\"auto, (max-width: 750px) 100vw, 750px\" \/><\/figure><\/a><article class=\"stk-container-padding\"><h3 class=\"stk-block-posts__title has-text-color\"><a href='https:\/\/issrsensor.com\/fr\/issr-launches-isub450-ultrasonic-sensor\/'>Reliable Level Monitoring in Corrosive Environments: Introducing the ISSR ISUB450 Ultrasonic Sensor<\/a><\/h3><aside class=\"stk-block-posts__meta stk-subtitle has-text-color\"><time datetime=\"2026-03-31T17:40:47+08:00\">2026-03-31<\/time><\/aside><div class=\"stk-block-posts__excerpt\"><p>As agricultural automation equipment and industrial fluid control systems continue to advance, measurement devices are\u2026<\/p>\n<\/div><a class=\"stk-block-posts__readmore has-text-color\" href=\"https:\/\/issrsensor.com\/fr\/issr-launches-isub450-ultrasonic-sensor\/\">Lire la suite<\/a><\/article><\/div><\/div><div class=\"stk-block-posts__item\"><div class=\"stk-container stk-22693e6-container stk--no-background stk--no-padding\"><a href=\"https:\/\/issrsensor.com\/fr\/issr-2025-gala-achievements-2026-outlook\/\" class=\"stk-block-posts__image-link\"><figure class=\"stk-img-wrapper stk-image--shape-stretch stk--shadow-0px 0px 1px var(--theme-palette-color-6, #edeff1)\"><img loading=\"lazy\" decoding=\"async\" width=\"750\" height=\"500\" src=\"https:\/\/issrsensor.com\/wp-content\/uploads\/2026\/02\/\u5b9a\u5236\u53ef\u4e50\u74f6-\u9a6c\u5e74\u795d\u798f\u5899.png\" class=\"attachment-full size-full wp-post-image\" alt=\"Bouteille de Coca-Cola personnalis\u00e9e - Ann\u00e9e du cheval 2026 b\u00e9nissant le mur\" srcset=\"https:\/\/issrsensor.com\/wp-content\/uploads\/2026\/02\/\u5b9a\u5236\u53ef\u4e50\u74f6-\u9a6c\u5e74\u795d\u798f\u5899.png 750w, https:\/\/issrsensor.com\/wp-content\/uploads\/2026\/02\/\u5b9a\u5236\u53ef\u4e50\u74f6-\u9a6c\u5e74\u795d\u798f\u5899-300x200.png 300w, https:\/\/issrsensor.com\/wp-content\/uploads\/2026\/02\/\u5b9a\u5236\u53ef\u4e50\u74f6-\u9a6c\u5e74\u795d\u798f\u5899-18x12.png 18w\" sizes=\"auto, (max-width: 750px) 100vw, 750px\" \/><\/figure><\/a><article class=\"stk-container-padding\"><h3 class=\"stk-block-posts__title has-text-color\"><a href='https:\/\/issrsensor.com\/fr\/issr-2025-gala-achievements-2026-outlook\/'>Gala de cl\u00f4ture de l'ann\u00e9e 2025 de la SISR : R\u00e9flexion sur les r\u00e9alisations, galop vers 2026<\/a><\/h3><aside class=\"stk-block-posts__meta stk-subtitle has-text-color\"><time datetime=\"2026-02-11T17:31:19+08:00\">2026-02-11<\/time><\/aside><div class=\"stk-block-posts__excerpt\"><p>February 10, 2026, Chengdu Intelligent Sensor and System Technology Research Co., Ltd. (ISSR) successfully hosted\u2026<\/p>\n<\/div><a class=\"stk-block-posts__readmore has-text-color\" href=\"https:\/\/issrsensor.com\/fr\/issr-2025-gala-achievements-2026-outlook\/\">Lire la suite<\/a><\/article><\/div><\/div><div class=\"stk-block-posts__item\"><div class=\"stk-container stk-22693e6-container stk--no-background stk--no-padding\"><a href=\"https:\/\/issrsensor.com\/fr\/chengdu-issr-holds-2025-employee-badminton-sports-day-team-building\/\" class=\"stk-block-posts__image-link\"><figure class=\"stk-img-wrapper stk-image--shape-stretch stk--shadow-0px 0px 1px var(--theme-palette-color-6, #edeff1)\"><img loading=\"lazy\" decoding=\"async\" width=\"750\" height=\"500\" src=\"https:\/\/issrsensor.com\/wp-content\/uploads\/2025\/11\/2025\u7fbd\u6bdb\u7403\u56e2\u5efa-\u96c6\u4f53\u5408\u5f71.webp\" class=\"attachment-full size-full wp-post-image\" alt=\"\" srcset=\"https:\/\/issrsensor.com\/wp-content\/uploads\/2025\/11\/2025\u7fbd\u6bdb\u7403\u56e2\u5efa-\u96c6\u4f53\u5408\u5f71.webp 750w, https:\/\/issrsensor.com\/wp-content\/uploads\/2025\/11\/2025\u7fbd\u6bdb\u7403\u56e2\u5efa-\u96c6\u4f53\u5408\u5f71-300x200.webp 300w\" sizes=\"auto, (max-width: 750px) 100vw, 750px\" \/><\/figure><\/a><article class=\"stk-container-padding\"><h3 class=\"stk-block-posts__title has-text-color\"><a href='https:\/\/issrsensor.com\/fr\/chengdu-issr-holds-2025-employee-badminton-sports-day-team-building\/'>L'ISSR de Chengdu organise une journ\u00e9e sportive de badminton pour 2025 employ\u00e9s afin de renforcer l'esprit d'\u00e9quipe.<\/a><\/h3><aside class=\"stk-block-posts__meta stk-subtitle has-text-color\"><time datetime=\"2025-11-08T14:56:50+08:00\">2025-11-08<\/time><\/aside><div class=\"stk-block-posts__excerpt\">Le 8 novembre 2025, Chengdu Insa Sensor Technology Research Co. a organis\u00e9 un tournoi de badminton...<\/div><a class=\"stk-block-posts__readmore has-text-color\" href=\"https:\/\/issrsensor.com\/fr\/chengdu-issr-holds-2025-employee-badminton-sports-day-team-building\/\">Lire la suite<\/a><\/article><\/div><\/div><div class=\"stk-block-posts__item\"><div class=\"stk-container stk-22693e6-container stk--no-background stk--no-padding\"><a href=\"https:\/\/issrsensor.com\/fr\/issr-to-showcase-cutting-edge-ultrasonic-sensing-solutions-at-sensor-china-2025-in-shanghai\/\" class=\"stk-block-posts__image-link\"><figure class=\"stk-img-wrapper stk-image--shape-stretch stk--shadow-0px 0px 1px var(--theme-palette-color-6, #edeff1)\"><img loading=\"lazy\" decoding=\"async\" width=\"750\" height=\"500\" src=\"https:\/\/issrsensor.com\/wp-content\/uploads\/2025\/07\/sensor-china.webp\" class=\"attachment-full size-full wp-post-image\" alt=\"capteur chine 2025\" srcset=\"https:\/\/issrsensor.com\/wp-content\/uploads\/2025\/07\/sensor-china.webp 750w, https:\/\/issrsensor.com\/wp-content\/uploads\/2025\/07\/sensor-china-300x200.webp 300w\" sizes=\"auto, (max-width: 750px) 100vw, 750px\" \/><\/figure><\/a><article class=\"stk-container-padding\"><h3 class=\"stk-block-posts__title has-text-color\"><a href='https:\/\/issrsensor.com\/fr\/issr-to-showcase-cutting-edge-ultrasonic-sensing-solutions-at-sensor-china-2025-in-shanghai\/'>L'ISSR pr\u00e9sentera des solutions de d\u00e9tection ultrasonique de pointe \u00e0 SENSOR CHINA 2025 \u00e0 Shanghai<\/a><\/h3><aside class=\"stk-block-posts__meta stk-subtitle has-text-color\"><time datetime=\"2025-09-15T15:18:30+08:00\">2025-09-15<\/time><\/aside><div class=\"stk-block-posts__excerpt\"><p>The&nbsp;China (Shanghai) International Sensor Technology and Application Exhibition (SENSOR CHINA 2025)&nbsp;will take place at the&nbsp;Shanghai\u2026<\/p>\n<\/div><a class=\"stk-block-posts__readmore has-text-color\" href=\"https:\/\/issrsensor.com\/fr\/issr-to-showcase-cutting-edge-ultrasonic-sensing-solutions-at-sensor-china-2025-in-shanghai\/\">Lire la suite<\/a><\/article><\/div><\/div><\/div><div class=\"stk-inner-blocks\"><\/div><\/div><\/div>\n<\/div><\/div><\/div>\n<\/div><\/div>\n\n\n\n<p><\/p>","protected":false},"excerpt":{"rendered":"<p>News Conquering Transparent and Flexible Materials: The All-New Ultrasonic Label Sensor is Officially Launched 2026-04-13 With the continuous upgrading of high-end packaging and textile processes, traditional optical sensors often face\u2026 Read More Reliable Level Monitoring in Corrosive Environments: Introducing the ISSR ISUB450 Ultrasonic Sensor 2026-03-31 As agricultural automation equipment and industrial fluid control systems continue [&hellip;]<\/p>","protected":false},"author":2,"featured_media":0,"parent":0,"menu_order":0,"comment_status":"closed","ping_status":"closed","template":"","meta":{"_acf_changed":false,"footnotes":""},"class_list":["post-1770","page","type-page","status-publish","hentry"],"blocksy_meta":{"page_structure_type":"type-3","styles_descriptor":{"styles":{"desktop":"","tablet":"","mobile":""},"google_fonts":[],"version":6}},"acf":[],"yoast_head":"<!-- This site is optimized with the Yoast SEO Premium plugin v26.8 (Yoast SEO v26.8) - https:\/\/yoast.com\/product\/yoast-seo-premium-wordpress\/ -->\n<title>News - ISSR<\/title>\n<meta name=\"robots\" content=\"index, follow, max-snippet:-1, max-image-preview:large, max-video-preview:-1\" \/>\n<link rel=\"canonical\" href=\"https:\/\/issrsensor.com\/fr\/news\/\" \/>\n<meta property=\"og:locale\" content=\"fr_FR\" \/>\n<meta property=\"og:type\" content=\"article\" \/>\n<meta property=\"og:title\" content=\"News\" \/>\n<meta property=\"og:description\" content=\"News Conquering Transparent and Flexible Materials: The All-New Ultrasonic Label Sensor is Officially Launched 2026-04-13 With the continuous upgrading of high-end packaging and textile processes, traditional optical sensors often face\u2026 Read More Reliable Level Monitoring in Corrosive Environments: Introducing the ISSR ISUB450 Ultrasonic Sensor 2026-03-31 As agricultural automation equipment and industrial fluid control systems continue [&hellip;]\" \/>\n<meta property=\"og:url\" content=\"https:\/\/issrsensor.com\/fr\/news\/\" \/>\n<meta property=\"og:site_name\" content=\"ISSR\" \/>\n<meta property=\"article:publisher\" content=\"https:\/\/www.facebook.com\/profile.php?id=61576721946113\" \/>\n<meta property=\"article:modified_time\" content=\"2026-01-21T09:51:17+00:00\" \/>\n<meta property=\"og:image\" content=\"https:\/\/issrsensor.com\/wp-content\/uploads\/2025\/10\/cropped-icon.jpg\" \/>\n\t<meta property=\"og:image:width\" content=\"512\" \/>\n\t<meta property=\"og:image:height\" content=\"512\" \/>\n\t<meta property=\"og:image:type\" content=\"image\/jpeg\" \/>\n<meta name=\"twitter:card\" content=\"summary_large_image\" \/>\n<meta name=\"twitter:site\" content=\"@issrsensor\" \/>\n<meta name=\"twitter:label1\" content=\"Dur\u00e9e de lecture estim\u00e9e\" \/>\n\t<meta name=\"twitter:data1\" content=\"1 minute\" \/>\n<script type=\"application\/ld+json\" class=\"yoast-schema-graph\">{\"@context\":\"https:\/\/schema.org\",\"@graph\":[{\"@type\":\"WebPage\",\"@id\":\"https:\/\/issrsensor.com\/news\/\",\"url\":\"https:\/\/issrsensor.com\/news\/\",\"name\":\"News - ISSR\",\"isPartOf\":{\"@id\":\"https:\/\/issrsensor.com\/#website\"},\"datePublished\":\"2025-08-10T13:28:43+00:00\",\"dateModified\":\"2026-01-21T09:51:17+00:00\",\"breadcrumb\":{\"@id\":\"https:\/\/issrsensor.com\/news\/#breadcrumb\"},\"inLanguage\":\"fr-FR\",\"potentialAction\":[{\"@type\":\"ReadAction\",\"target\":[\"https:\/\/issrsensor.com\/news\/\"]}]},{\"@type\":\"BreadcrumbList\",\"@id\":\"https:\/\/issrsensor.com\/news\/#breadcrumb\",\"itemListElement\":[{\"@type\":\"ListItem\",\"position\":1,\"name\":\"Home\",\"item\":\"https:\/\/issrsensor.com\/\"},{\"@type\":\"ListItem\",\"position\":2,\"name\":\"News\"}]},{\"@type\":\"WebSite\",\"@id\":\"https:\/\/issrsensor.com\/#website\",\"url\":\"https:\/\/issrsensor.com\/\",\"name\":\"ISSR-Ultrasonic Sensor Transducer Microwave Radar Piezoelectric Ceramics Manufacturer\",\"description\":\"Ultrasonic Sensor Manufacturer\",\"publisher\":{\"@id\":\"https:\/\/issrsensor.com\/#organization\"},\"alternateName\":\"ISSR\",\"potentialAction\":[{\"@type\":\"SearchAction\",\"target\":{\"@type\":\"EntryPoint\",\"urlTemplate\":\"https:\/\/issrsensor.com\/?s={search_term_string}\"},\"query-input\":{\"@type\":\"PropertyValueSpecification\",\"valueRequired\":true,\"valueName\":\"search_term_string\"}}],\"inLanguage\":\"fr-FR\"},{\"@type\":\"Organization\",\"@id\":\"https:\/\/issrsensor.com\/#organization\",\"name\":\"ISSR-Ultrasonic Sensor Transducer Microwave Radar Piezoelectric Ceramic Manufacturer\",\"alternateName\":\"ISSR\",\"url\":\"https:\/\/issrsensor.com\/\",\"logo\":{\"@type\":\"ImageObject\",\"inLanguage\":\"fr-FR\",\"@id\":\"https:\/\/issrsensor.com\/#\/schema\/logo\/image\/\",\"url\":\"https:\/\/issrsensor.com\/wp-content\/uploads\/2025\/10\/cropped-icon.jpg\",\"contentUrl\":\"https:\/\/issrsensor.com\/wp-content\/uploads\/2025\/10\/cropped-icon.jpg\",\"width\":512,\"height\":512,\"caption\":\"ISSR-Ultrasonic Sensor Transducer Microwave Radar Piezoelectric Ceramic Manufacturer\"},\"image\":{\"@id\":\"https:\/\/issrsensor.com\/#\/schema\/logo\/image\/\"},\"sameAs\":[\"https:\/\/www.facebook.com\/profile.php?id=61576721946113\",\"https:\/\/x.com\/issrsensor\",\"https:\/\/mastodon.social\/@issrsensor\",\"https:\/\/www.youtube.com\/@issrsensor\",\"https:\/\/www.pinterest.com\/issrsensor\/\",\"https:\/\/www.tumblr.com\/issrsensor\",\"https:\/\/medium.com\/@issrsensor\",\"https:\/\/www.linkedin.com\/in\/issrsensor\/\"],\"description\":\"SAUNGYU is a leading OEM manufacture of high-quality Bookshelf Speakers, Soundbar Speakers, Subwoofers, Outdoor Portable Speakers, Hotel Cinema Speakers and more for esteemed brands across the world.\",\"legalName\":\"Shenzhen Saungyu Digital Technology Co., Ltd.\",\"foundingDate\":\"2004-01-01\",\"numberOfEmployees\":{\"@type\":\"QuantitativeValue\",\"minValue\":\"51\",\"maxValue\":\"200\"}}]}<\/script>\n<!-- \/ Yoast SEO Premium plugin. -->","yoast_head_json":{"title":"Actualit\u00e9s - SISR","robots":{"index":"index","follow":"follow","max-snippet":"max-snippet:-1","max-image-preview":"max-image-preview:large","max-video-preview":"max-video-preview:-1"},"canonical":"https:\/\/issrsensor.com\/fr\/news\/","og_locale":"fr_FR","og_type":"article","og_title":"News","og_description":"News Conquering Transparent and Flexible Materials: The All-New Ultrasonic Label Sensor is Officially Launched 2026-04-13 With the continuous upgrading of high-end packaging and textile processes, traditional optical sensors often face\u2026 Read More Reliable Level Monitoring in Corrosive Environments: Introducing the ISSR ISUB450 Ultrasonic Sensor 2026-03-31 As agricultural automation equipment and industrial fluid control systems continue [&hellip;]","og_url":"https:\/\/issrsensor.com\/fr\/news\/","og_site_name":"ISSR","article_publisher":"https:\/\/www.facebook.com\/profile.php?id=61576721946113","article_modified_time":"2026-01-21T09:51:17+00:00","og_image":[{"width":512,"height":512,"url":"https:\/\/issrsensor.com\/wp-content\/uploads\/2025\/10\/cropped-icon.jpg","type":"image\/jpeg"}],"twitter_card":"summary_large_image","twitter_site":"@issrsensor","twitter_misc":{"Dur\u00e9e de lecture estim\u00e9e":"1 minute"},"schema":{"@context":"https:\/\/schema.org","@graph":[{"@type":"WebPage","@id":"https:\/\/issrsensor.com\/news\/","url":"https:\/\/issrsensor.com\/news\/","name":"Actualit\u00e9s - SISR","isPartOf":{"@id":"https:\/\/issrsensor.com\/#website"},"datePublished":"2025-08-10T13:28:43+00:00","dateModified":"2026-01-21T09:51:17+00:00","breadcrumb":{"@id":"https:\/\/issrsensor.com\/news\/#breadcrumb"},"inLanguage":"fr-FR","potentialAction":[{"@type":"ReadAction","target":["https:\/\/issrsensor.com\/news\/"]}]},{"@type":"BreadcrumbList","@id":"https:\/\/issrsensor.com\/news\/#breadcrumb","itemListElement":[{"@type":"ListItem","position":1,"name":"Home","item":"https:\/\/issrsensor.com\/"},{"@type":"ListItem","position":2,"name":"News"}]},{"@type":"WebSite","@id":"https:\/\/issrsensor.com\/#website","url":"https:\/\/issrsensor.com\/","name":"ISSR-Ultrasonic Sensor Transducer Microwave Radar Piezoelectric Ceramics Manufacturer","description":"Fabricant de capteurs \u00e0 ultrasons","publisher":{"@id":"https:\/\/issrsensor.com\/#organization"},"alternateName":"ISSR","potentialAction":[{"@type":"SearchAction","target":{"@type":"EntryPoint","urlTemplate":"https:\/\/issrsensor.com\/?s={search_term_string}"},"query-input":{"@type":"PropertyValueSpecification","valueRequired":true,"valueName":"search_term_string"}}],"inLanguage":"fr-FR"},{"@type":"Organization","@id":"https:\/\/issrsensor.com\/#organization","name":"ISSR-Ultrasonic Sensor Transducer Microwave Radar Piezoelectric Ceramic Manufacturer","alternateName":"ISSR","url":"https:\/\/issrsensor.com\/","logo":{"@type":"ImageObject","inLanguage":"fr-FR","@id":"https:\/\/issrsensor.com\/#\/schema\/logo\/image\/","url":"https:\/\/issrsensor.com\/wp-content\/uploads\/2025\/10\/cropped-icon.jpg","contentUrl":"https:\/\/issrsensor.com\/wp-content\/uploads\/2025\/10\/cropped-icon.jpg","width":512,"height":512,"caption":"ISSR-Ultrasonic Sensor Transducer Microwave Radar Piezoelectric Ceramic Manufacturer"},"image":{"@id":"https:\/\/issrsensor.com\/#\/schema\/logo\/image\/"},"sameAs":["https:\/\/www.facebook.com\/profile.php?id=61576721946113","https:\/\/x.com\/issrsensor","https:\/\/mastodon.social\/@issrsensor","https:\/\/www.youtube.com\/@issrsensor","https:\/\/www.pinterest.com\/issrsensor\/","https:\/\/www.tumblr.com\/issrsensor","https:\/\/medium.com\/@issrsensor","https:\/\/www.linkedin.com\/in\/issrsensor\/"],"description":"SAUNGYU est un fabricant OEM de premier plan de haut-parleurs de biblioth\u00e8que, de barres de son, de subwoofers, de haut-parleurs portables pour l'ext\u00e9rieur, de haut-parleurs pour le cin\u00e9ma h\u00f4telier et d'autres produits de haute qualit\u00e9 pour des marques r\u00e9put\u00e9es dans le monde entier.","legalName":"Shenzhen Saungyu Digital Technology Co., Ltd.","foundingDate":"2004-01-01","numberOfEmployees":{"@type":"QuantitativeValue","minValue":"51","maxValue":"200"}}]}},"_links":{"self":[{"href":"https:\/\/issrsensor.com\/fr\/wp-json\/wp\/v2\/pages\/1770","targetHints":{"allow":["GET"]}}],"collection":[{"href":"https:\/\/issrsensor.com\/fr\/wp-json\/wp\/v2\/pages"}],"about":[{"href":"https:\/\/issrsensor.com\/fr\/wp-json\/wp\/v2\/types\/page"}],"author":[{"embeddable":true,"href":"https:\/\/issrsensor.com\/fr\/wp-json\/wp\/v2\/users\/2"}],"replies":[{"embeddable":true,"href":"https:\/\/issrsensor.com\/fr\/wp-json\/wp\/v2\/comments?post=1770"}],"version-history":[{"count":1,"href":"https:\/\/issrsensor.com\/fr\/wp-json\/wp\/v2\/pages\/1770\/revisions"}],"predecessor-version":[{"id":7171,"href":"https:\/\/issrsensor.com\/fr\/wp-json\/wp\/v2\/pages\/1770\/revisions\/7171"}],"wp:attachment":[{"href":"https:\/\/issrsensor.com\/fr\/wp-json\/wp\/v2\/media?parent=1770"}],"curies":[{"name":"wp","href":"https:\/\/api.w.org\/{rel}","templated":true}]}}