{"id":6256,"date":"2025-11-28T09:45:23","date_gmt":"2025-11-28T01:45:23","guid":{"rendered":"https:\/\/issrsensor.com\/?post_type=product&#038;p=6256"},"modified":"2026-05-09T16:30:45","modified_gmt":"2026-05-09T08:30:45","slug":"short-range-ultrasonic-sensor-400khz-high-precision-isub150-18gm40","status":"publish","type":"product","link":"https:\/\/issrsensor.com\/fr\/products\/short-range-ultrasonic-sensor-400khz-high-precision-isub150-18gm40\/","title":{"rendered":"ISSRSensor 0.15M 400kHz Ultra-haute pr\u00e9cision Capteur de distance \u00e0 ultrasons de forme courte"},"content":{"rendered":"","protected":false},"excerpt":{"rendered":"","protected":false},"featured_media":6252,"template":"","meta":{"_acf_changed":false},"product_brand":[],"product_cat":[60,15],"product_tag":[],"class_list":{"0":"post-6256","1":"product","2":"type-product","3":"status-publish","4":"has-post-thumbnail","6":"product_cat-ultrasonic-distance-sensors","7":"product_cat-ultrasonic-sensors","9":"first","10":"instock","11":"featured","12":"shipping-taxable","13":"product-type-simple"},"acf":[],"yoast_head":"<!-- This site is optimized with the Yoast SEO Premium plugin v26.8 (Yoast SEO v26.8) - https:\/\/yoast.com\/product\/yoast-seo-premium-wordpress\/ -->\n<title>Short Range Ultrasonic Sensor (150mm) | Small Bottle Level | PCB<\/title>\n<meta name=\"description\" content=\"20-150mm ultra-short range sensor. Ideal for liquid level in vials, cosmetic jars, and small bottles. Solves transparent liquid issues. Also for PCB &amp; Label loop control.\" \/>\n<meta name=\"robots\" content=\"index, follow, max-snippet:-1, max-image-preview:large, max-video-preview:-1\" \/>\n<link rel=\"canonical\" href=\"https:\/\/issrsensor.com\/fr\/products\/short-range-ultrasonic-sensor-400khz-high-precision-isub150-18gm40\/\" \/>\n<meta property=\"og:locale\" content=\"fr_FR\" \/>\n<meta property=\"og:type\" content=\"article\" \/>\n<meta property=\"og:title\" content=\"ISSRSensor 0.15M 400kHz Ultra-high Precision Short-Form Ultrasonic Distance Sensor\" \/>\n<meta property=\"og:description\" content=\"20-150mm ultra-short range sensor. Ideal for liquid level in vials, cosmetic jars, and small bottles. Solves transparent liquid issues. Also for PCB &amp; Label loop control.\" \/>\n<meta property=\"og:url\" content=\"https:\/\/issrsensor.com\/fr\/products\/short-range-ultrasonic-sensor-400khz-high-precision-isub150-18gm40\/\" \/>\n<meta property=\"og:site_name\" content=\"ISSR\" \/>\n<meta property=\"article:publisher\" content=\"https:\/\/www.facebook.com\/profile.php?id=61576721946113\" \/>\n<meta property=\"article:modified_time\" content=\"2026-05-09T08:30:45+00:00\" \/>\n<meta property=\"og:image\" content=\"https:\/\/issrsensor.com\/wp-content\/uploads\/2025\/11\/ISUB150-18GM40-01.png\" \/>\n\t<meta property=\"og:image:width\" content=\"800\" \/>\n\t<meta property=\"og:image:height\" content=\"600\" \/>\n\t<meta property=\"og:image:type\" content=\"image\/png\" \/>\n<meta name=\"twitter:card\" content=\"summary_large_image\" \/>\n<meta name=\"twitter:site\" content=\"@issrsensor\" \/>\n<meta name=\"twitter:label1\" content=\"Prix\" \/>\n\t<meta name=\"twitter:data1\" content=\"\" \/>\n\t<meta name=\"twitter:label2\" content=\"Disponibilit\u00e9\" \/>\n\t<meta name=\"twitter:data2\" content=\"En stock\" \/>\n<script type=\"application\/ld+json\" class=\"yoast-schema-graph\">{\"@context\":\"https:\/\/schema.org\",\"@graph\":[{\"@type\":\"WebPage\",\"@id\":\"https:\/\/issrsensor.com\/products\/short-range-ultrasonic-sensor-400khz-high-precision-isub150-18gm40\/\",\"url\":\"https:\/\/issrsensor.com\/products\/short-range-ultrasonic-sensor-400khz-high-precision-isub150-18gm40\/\",\"name\":\"Short Range Ultrasonic Sensor (150mm) | Small Bottle Level | PCB\",\"isPartOf\":{\"@id\":\"https:\/\/issrsensor.com\/#website\"},\"primaryImageOfPage\":{\"@id\":\"https:\/\/issrsensor.com\/products\/short-range-ultrasonic-sensor-400khz-high-precision-isub150-18gm40\/#primaryimage\"},\"image\":{\"@id\":\"https:\/\/issrsensor.com\/products\/short-range-ultrasonic-sensor-400khz-high-precision-isub150-18gm40\/#primaryimage\"},\"thumbnailUrl\":\"https:\/\/issrsensor.com\/wp-content\/uploads\/2025\/11\/ISUB150-18GM40-01.png\",\"datePublished\":\"2025-11-28T01:45:23+00:00\",\"dateModified\":\"2026-05-09T08:30:45+00:00\",\"description\":\"20-150mm ultra-short range sensor. Ideal for liquid level in vials, cosmetic jars, and small bottles. Solves transparent liquid issues. Also for PCB & Label loop control.\",\"breadcrumb\":{\"@id\":\"https:\/\/issrsensor.com\/products\/short-range-ultrasonic-sensor-400khz-high-precision-isub150-18gm40\/#breadcrumb\"},\"inLanguage\":\"fr-FR\",\"potentialAction\":[{\"@type\":\"ReadAction\",\"target\":[\"https:\/\/issrsensor.com\/products\/short-range-ultrasonic-sensor-400khz-high-precision-isub150-18gm40\/\"]}]},{\"@type\":\"ImageObject\",\"inLanguage\":\"fr-FR\",\"@id\":\"https:\/\/issrsensor.com\/products\/short-range-ultrasonic-sensor-400khz-high-precision-isub150-18gm40\/#primaryimage\",\"url\":\"https:\/\/issrsensor.com\/wp-content\/uploads\/2025\/11\/ISUB150-18GM40-01.png\",\"contentUrl\":\"https:\/\/issrsensor.com\/wp-content\/uploads\/2025\/11\/ISUB150-18GM40-01.png\",\"width\":800,\"height\":600,\"caption\":\"400kHz High Precision 150mm Short Range Ultrasonic Sensor-01\"},{\"@type\":\"BreadcrumbList\",\"@id\":\"https:\/\/issrsensor.com\/products\/short-range-ultrasonic-sensor-400khz-high-precision-isub150-18gm40\/#breadcrumb\",\"itemListElement\":[{\"@type\":\"ListItem\",\"position\":1,\"name\":\"Home\",\"item\":\"https:\/\/issrsensor.com\/\"},{\"@type\":\"ListItem\",\"position\":2,\"name\":\"Products\",\"item\":\"https:\/\/issrsensor.com\/shop-page\/\"},{\"@type\":\"ListItem\",\"position\":3,\"name\":\"Ultrasonic Sensors\",\"item\":\"https:\/\/issrsensor.com\/product-category\/ultrasonic-sensors\/\"},{\"@type\":\"ListItem\",\"position\":4,\"name\":\"ISSRSensor 0.15M 400kHz Ultra-high Precision Short-Form Ultrasonic Distance Sensor\"}]},{\"@type\":\"WebSite\",\"@id\":\"https:\/\/issrsensor.com\/#website\",\"url\":\"https:\/\/issrsensor.com\/\",\"name\":\"ISSR-Ultrasonic Sensor Transducer Microwave Radar Piezoelectric Ceramics Manufacturer\",\"description\":\"Ultrasonic Sensor Manufacturer\",\"publisher\":{\"@id\":\"https:\/\/issrsensor.com\/#organization\"},\"alternateName\":\"ISSR\",\"potentialAction\":[{\"@type\":\"SearchAction\",\"target\":{\"@type\":\"EntryPoint\",\"urlTemplate\":\"https:\/\/issrsensor.com\/?s={search_term_string}\"},\"query-input\":{\"@type\":\"PropertyValueSpecification\",\"valueRequired\":true,\"valueName\":\"search_term_string\"}}],\"inLanguage\":\"fr-FR\"},{\"@type\":\"Organization\",\"@id\":\"https:\/\/issrsensor.com\/#organization\",\"name\":\"ISSR-Ultrasonic Sensor Transducer Microwave Radar Piezoelectric Ceramic Manufacturer\",\"alternateName\":\"ISSR\",\"url\":\"https:\/\/issrsensor.com\/\",\"logo\":{\"@type\":\"ImageObject\",\"inLanguage\":\"fr-FR\",\"@id\":\"https:\/\/issrsensor.com\/#\/schema\/logo\/image\/\",\"url\":\"https:\/\/issrsensor.com\/wp-content\/uploads\/2025\/10\/cropped-icon.jpg\",\"contentUrl\":\"https:\/\/issrsensor.com\/wp-content\/uploads\/2025\/10\/cropped-icon.jpg\",\"width\":512,\"height\":512,\"caption\":\"ISSR-Ultrasonic Sensor Transducer Microwave Radar Piezoelectric Ceramic Manufacturer\"},\"image\":{\"@id\":\"https:\/\/issrsensor.com\/#\/schema\/logo\/image\/\"},\"sameAs\":[\"https:\/\/www.facebook.com\/profile.php?id=61576721946113\",\"https:\/\/x.com\/issrsensor\",\"https:\/\/mastodon.social\/@issrsensor\",\"https:\/\/www.youtube.com\/@issrsensor\",\"https:\/\/www.pinterest.com\/issrsensor\/\",\"https:\/\/www.tumblr.com\/issrsensor\",\"https:\/\/medium.com\/@issrsensor\",\"https:\/\/www.linkedin.com\/in\/issrsensor\/\"],\"description\":\"SAUNGYU is a leading OEM manufacture of high-quality Bookshelf Speakers, Soundbar Speakers, Subwoofers, Outdoor Portable Speakers, Hotel Cinema Speakers and more for esteemed brands across the world.\",\"legalName\":\"Shenzhen Saungyu Digital Technology Co., Ltd.\",\"foundingDate\":\"2004-01-01\",\"numberOfEmployees\":{\"@type\":\"QuantitativeValue\",\"minValue\":\"51\",\"maxValue\":\"200\"}}]}<\/script>\n<meta property=\"product:price:currency\" content=\"CNY\" \/>\n<meta property=\"og:availability\" content=\"instock\" \/>\n<meta property=\"product:availability\" content=\"instock\" \/>\n<meta property=\"product:condition\" content=\"new\" \/>\n<!-- \/ Yoast SEO Premium plugin. -->","yoast_head_json":{"title":"Capteur \u00e0 ultrasons \u00e0 courte port\u00e9e (150mm) | Niveau pour petites bouteilles | PCB","description":"Capteur \u00e0 ultra-courte port\u00e9e de 20 \u00e0 150 mm. Id\u00e9al pour le niveau de liquide dans les flacons, les pots cosm\u00e9tiques et les petites bouteilles. R\u00e9sout les probl\u00e8mes li\u00e9s aux liquides transparents. Egalement pour le contr\u00f4le en boucle des circuits imprim\u00e9s et des \u00e9tiquettes.","robots":{"index":"index","follow":"follow","max-snippet":"max-snippet:-1","max-image-preview":"max-image-preview:large","max-video-preview":"max-video-preview:-1"},"canonical":"https:\/\/issrsensor.com\/fr\/products\/short-range-ultrasonic-sensor-400khz-high-precision-isub150-18gm40\/","og_locale":"fr_FR","og_type":"article","og_title":"ISSRSensor 0.15M 400kHz Ultra-high Precision Short-Form Ultrasonic Distance Sensor","og_description":"20-150mm ultra-short range sensor. Ideal for liquid level in vials, cosmetic jars, and small bottles. Solves transparent liquid issues. Also for PCB & Label loop control.","og_url":"https:\/\/issrsensor.com\/fr\/products\/short-range-ultrasonic-sensor-400khz-high-precision-isub150-18gm40\/","og_site_name":"ISSR","article_publisher":"https:\/\/www.facebook.com\/profile.php?id=61576721946113","article_modified_time":"2026-05-09T08:30:45+00:00","og_image":[{"width":800,"height":600,"url":"https:\/\/issrsensor.com\/wp-content\/uploads\/2025\/11\/ISUB150-18GM40-01.png","type":"image\/png"}],"twitter_card":"summary_large_image","twitter_site":"@issrsensor","twitter_misc":{"Prix":"","Disponibilit\u00e9":"En stock"},"schema":{"@context":"https:\/\/schema.org","@graph":[{"@type":"WebPage","@id":"https:\/\/issrsensor.com\/products\/short-range-ultrasonic-sensor-400khz-high-precision-isub150-18gm40\/","url":"https:\/\/issrsensor.com\/products\/short-range-ultrasonic-sensor-400khz-high-precision-isub150-18gm40\/","name":"Capteur \u00e0 ultrasons \u00e0 courte port\u00e9e (150mm) | Niveau pour petites bouteilles | PCB","isPartOf":{"@id":"https:\/\/issrsensor.com\/#website"},"primaryImageOfPage":{"@id":"https:\/\/issrsensor.com\/products\/short-range-ultrasonic-sensor-400khz-high-precision-isub150-18gm40\/#primaryimage"},"image":{"@id":"https:\/\/issrsensor.com\/products\/short-range-ultrasonic-sensor-400khz-high-precision-isub150-18gm40\/#primaryimage"},"thumbnailUrl":"https:\/\/issrsensor.com\/wp-content\/uploads\/2025\/11\/ISUB150-18GM40-01.png","datePublished":"2025-11-28T01:45:23+00:00","dateModified":"2026-05-09T08:30:45+00:00","description":"Capteur \u00e0 ultra-courte port\u00e9e de 20 \u00e0 150 mm. Id\u00e9al pour le niveau de liquide dans les flacons, les pots cosm\u00e9tiques et les petites bouteilles. R\u00e9sout les probl\u00e8mes li\u00e9s aux liquides transparents. Egalement pour le contr\u00f4le en boucle des circuits imprim\u00e9s et des \u00e9tiquettes.","breadcrumb":{"@id":"https:\/\/issrsensor.com\/products\/short-range-ultrasonic-sensor-400khz-high-precision-isub150-18gm40\/#breadcrumb"},"inLanguage":"fr-FR","potentialAction":[{"@type":"ReadAction","target":["https:\/\/issrsensor.com\/products\/short-range-ultrasonic-sensor-400khz-high-precision-isub150-18gm40\/"]}]},{"@type":"ImageObject","inLanguage":"fr-FR","@id":"https:\/\/issrsensor.com\/products\/short-range-ultrasonic-sensor-400khz-high-precision-isub150-18gm40\/#primaryimage","url":"https:\/\/issrsensor.com\/wp-content\/uploads\/2025\/11\/ISUB150-18GM40-01.png","contentUrl":"https:\/\/issrsensor.com\/wp-content\/uploads\/2025\/11\/ISUB150-18GM40-01.png","width":800,"height":600,"caption":"400kHz High Precision 150mm Short Range Ultrasonic Sensor-01"},{"@type":"BreadcrumbList","@id":"https:\/\/issrsensor.com\/products\/short-range-ultrasonic-sensor-400khz-high-precision-isub150-18gm40\/#breadcrumb","itemListElement":[{"@type":"ListItem","position":1,"name":"Home","item":"https:\/\/issrsensor.com\/"},{"@type":"ListItem","position":2,"name":"Products","item":"https:\/\/issrsensor.com\/shop-page\/"},{"@type":"ListItem","position":3,"name":"Ultrasonic Sensors","item":"https:\/\/issrsensor.com\/product-category\/ultrasonic-sensors\/"},{"@type":"ListItem","position":4,"name":"ISSRSensor 0.15M 400kHz Ultra-high Precision Short-Form Ultrasonic Distance Sensor"}]},{"@type":"WebSite","@id":"https:\/\/issrsensor.com\/#website","url":"https:\/\/issrsensor.com\/","name":"ISSR-Ultrasonic Sensor Transducer Microwave Radar Piezoelectric Ceramics Manufacturer","description":"Fabricant de capteurs \u00e0 ultrasons","publisher":{"@id":"https:\/\/issrsensor.com\/#organization"},"alternateName":"ISSR","potentialAction":[{"@type":"SearchAction","target":{"@type":"EntryPoint","urlTemplate":"https:\/\/issrsensor.com\/?s={search_term_string}"},"query-input":{"@type":"PropertyValueSpecification","valueRequired":true,"valueName":"search_term_string"}}],"inLanguage":"fr-FR"},{"@type":"Organization","@id":"https:\/\/issrsensor.com\/#organization","name":"ISSR-Ultrasonic Sensor Transducer Microwave Radar Piezoelectric Ceramic Manufacturer","alternateName":"ISSR","url":"https:\/\/issrsensor.com\/","logo":{"@type":"ImageObject","inLanguage":"fr-FR","@id":"https:\/\/issrsensor.com\/#\/schema\/logo\/image\/","url":"https:\/\/issrsensor.com\/wp-content\/uploads\/2025\/10\/cropped-icon.jpg","contentUrl":"https:\/\/issrsensor.com\/wp-content\/uploads\/2025\/10\/cropped-icon.jpg","width":512,"height":512,"caption":"ISSR-Ultrasonic Sensor Transducer Microwave Radar Piezoelectric Ceramic Manufacturer"},"image":{"@id":"https:\/\/issrsensor.com\/#\/schema\/logo\/image\/"},"sameAs":["https:\/\/www.facebook.com\/profile.php?id=61576721946113","https:\/\/x.com\/issrsensor","https:\/\/mastodon.social\/@issrsensor","https:\/\/www.youtube.com\/@issrsensor","https:\/\/www.pinterest.com\/issrsensor\/","https:\/\/www.tumblr.com\/issrsensor","https:\/\/medium.com\/@issrsensor","https:\/\/www.linkedin.com\/in\/issrsensor\/"],"description":"SAUNGYU est un fabricant OEM de premier plan de haut-parleurs de biblioth\u00e8que, de barres de son, de subwoofers, de haut-parleurs portables pour l'ext\u00e9rieur, de haut-parleurs pour le cin\u00e9ma h\u00f4telier et d'autres produits de haute qualit\u00e9 pour des marques r\u00e9put\u00e9es dans le monde entier.","legalName":"Shenzhen Saungyu Digital Technology Co., Ltd.","foundingDate":"2004-01-01","numberOfEmployees":{"@type":"QuantitativeValue","minValue":"51","maxValue":"200"}}]},"product_price_currency":"CNY","og_availability":"instock","product_availability":"instock","product_condition":"new"},"_links":{"self":[{"href":"https:\/\/issrsensor.com\/fr\/wp-json\/wp\/v2\/product\/6256","targetHints":{"allow":["GET"]}}],"collection":[{"href":"https:\/\/issrsensor.com\/fr\/wp-json\/wp\/v2\/product"}],"about":[{"href":"https:\/\/issrsensor.com\/fr\/wp-json\/wp\/v2\/types\/product"}],"wp:featuredmedia":[{"embeddable":true,"href":"https:\/\/issrsensor.com\/fr\/wp-json\/wp\/v2\/media\/6252"}],"wp:attachment":[{"href":"https:\/\/issrsensor.com\/fr\/wp-json\/wp\/v2\/media?parent=6256"}],"wp:term":[{"taxonomy":"product_brand","embeddable":true,"href":"https:\/\/issrsensor.com\/fr\/wp-json\/wp\/v2\/product_brand?post=6256"},{"taxonomy":"product_cat","embeddable":true,"href":"https:\/\/issrsensor.com\/fr\/wp-json\/wp\/v2\/product_cat?post=6256"},{"taxonomy":"product_tag","embeddable":true,"href":"https:\/\/issrsensor.com\/fr\/wp-json\/wp\/v2\/product_tag?post=6256"}],"curies":[{"name":"wp","href":"https:\/\/api.w.org\/{rel}","templated":true}]}}