{"id":6756,"date":"2025-12-18T16:40:19","date_gmt":"2025-12-18T08:40:19","guid":{"rendered":"https:\/\/issrsensor.com\/?post_type=product&#038;p=6756"},"modified":"2026-05-09T16:16:30","modified_gmt":"2026-05-09T08:16:30","slug":"issr-48khz-ultrasonic-transceiver-for-car-reversing-collision-avoidance-waterproof-design","status":"publish","type":"product","link":"https:\/\/issrsensor.com\/fr\/products\/issr-48khz-ultrasonic-transceiver-for-car-reversing-collision-avoidance-waterproof-design\/","title":{"rendered":"ISSRSensor 48kHz Ultrasonic Transceiver for Car Reversing Collision Avoidance &#8211; Waterproof Design"},"content":{"rendered":"","protected":false},"excerpt":{"rendered":"","protected":false},"featured_media":6751,"template":"","meta":{"_acf_changed":false},"product_brand":[],"product_cat":[66,22],"product_tag":[],"class_list":{"0":"post-6756","1":"product","2":"type-product","3":"status-publish","4":"has-post-thumbnail","6":"product_cat-low-frequency-ultrasonic-transducer","7":"product_cat-ultrasonic-transducers","9":"first","10":"instock","11":"featured","12":"shipping-taxable","13":"product-type-simple"},"acf":[],"yoast_head":"<!-- This site is optimized with the Yoast SEO Premium plugin v26.8 (Yoast SEO v26.8) - https:\/\/yoast.com\/product\/yoast-seo-premium-wordpress\/ -->\n<title>48kHz Ultrasonic Parking Sensor Transducer | Asymmetric Beam for Car &amp; AGV<\/title>\n<meta name=\"description\" content=\"High-quality 48kHz ultrasonic transceiver designed as a waterproof reversing radar probe for automotive collision avoidance, car reversing aid, AGV obstacle avoidance, and robotics.\" \/>\n<meta name=\"robots\" content=\"index, follow, max-snippet:-1, max-image-preview:large, max-video-preview:-1\" \/>\n<link rel=\"canonical\" href=\"https:\/\/issrsensor.com\/fr\/products\/issr-48khz-ultrasonic-transceiver-for-car-reversing-collision-avoidance-waterproof-design\/\" \/>\n<meta property=\"og:locale\" content=\"fr_FR\" \/>\n<meta property=\"og:type\" content=\"article\" \/>\n<meta property=\"og:title\" content=\"ISSRSensor 48kHz Ultrasonic Transceiver for Car Reversing Collision Avoidance - Waterproof Design\" \/>\n<meta property=\"og:description\" content=\"High-quality 48kHz ultrasonic transceiver designed as a waterproof reversing radar probe for automotive collision avoidance, car reversing aid, AGV obstacle avoidance, and robotics.\" \/>\n<meta property=\"og:url\" content=\"https:\/\/issrsensor.com\/fr\/products\/issr-48khz-ultrasonic-transceiver-for-car-reversing-collision-avoidance-waterproof-design\/\" \/>\n<meta property=\"og:site_name\" content=\"ISSR\" \/>\n<meta property=\"article:publisher\" content=\"https:\/\/www.facebook.com\/profile.php?id=61576721946113\" \/>\n<meta property=\"article:modified_time\" content=\"2026-05-09T08:16:30+00:00\" \/>\n<meta property=\"og:image\" content=\"https:\/\/issrsensor.com\/wp-content\/uploads\/2025\/12\/48kHz-Low-Frequency-Ultrasonic-Ranging-and-Reversing-Collision-Avoidance-Transducer-ISU48-15.5TRAJ-01.png\" \/>\n\t<meta property=\"og:image:width\" content=\"800\" \/>\n\t<meta property=\"og:image:height\" content=\"600\" \/>\n\t<meta property=\"og:image:type\" content=\"image\/png\" \/>\n<meta name=\"twitter:card\" content=\"summary_large_image\" \/>\n<meta name=\"twitter:site\" content=\"@issrsensor\" \/>\n<meta name=\"twitter:label1\" content=\"Prix\" \/>\n\t<meta name=\"twitter:data1\" content=\"\" \/>\n\t<meta name=\"twitter:label2\" content=\"Disponibilit\u00e9\" \/>\n\t<meta name=\"twitter:data2\" content=\"En stock\" \/>\n<script type=\"application\/ld+json\" class=\"yoast-schema-graph\">{\"@context\":\"https:\/\/schema.org\",\"@graph\":[{\"@type\":\"WebPage\",\"@id\":\"https:\/\/issrsensor.com\/products\/issr-48khz-ultrasonic-transceiver-for-car-reversing-collision-avoidance-waterproof-design\/\",\"url\":\"https:\/\/issrsensor.com\/products\/issr-48khz-ultrasonic-transceiver-for-car-reversing-collision-avoidance-waterproof-design\/\",\"name\":\"48kHz Ultrasonic Parking Sensor Transducer | Asymmetric Beam for Car & AGV\",\"isPartOf\":{\"@id\":\"https:\/\/issrsensor.com\/#website\"},\"primaryImageOfPage\":{\"@id\":\"https:\/\/issrsensor.com\/products\/issr-48khz-ultrasonic-transceiver-for-car-reversing-collision-avoidance-waterproof-design\/#primaryimage\"},\"image\":{\"@id\":\"https:\/\/issrsensor.com\/products\/issr-48khz-ultrasonic-transceiver-for-car-reversing-collision-avoidance-waterproof-design\/#primaryimage\"},\"thumbnailUrl\":\"https:\/\/issrsensor.com\/wp-content\/uploads\/2025\/12\/48kHz-Low-Frequency-Ultrasonic-Ranging-and-Reversing-Collision-Avoidance-Transducer-ISU48-15.5TRAJ-01.png\",\"datePublished\":\"2025-12-18T08:40:19+00:00\",\"dateModified\":\"2026-05-09T08:16:30+00:00\",\"description\":\"High-quality 48kHz ultrasonic transceiver designed as a waterproof reversing radar probe for automotive collision avoidance, car reversing aid, AGV obstacle avoidance, and robotics.\",\"breadcrumb\":{\"@id\":\"https:\/\/issrsensor.com\/products\/issr-48khz-ultrasonic-transceiver-for-car-reversing-collision-avoidance-waterproof-design\/#breadcrumb\"},\"inLanguage\":\"fr-FR\",\"potentialAction\":[{\"@type\":\"ReadAction\",\"target\":[\"https:\/\/issrsensor.com\/products\/issr-48khz-ultrasonic-transceiver-for-car-reversing-collision-avoidance-waterproof-design\/\"]}]},{\"@type\":\"ImageObject\",\"inLanguage\":\"fr-FR\",\"@id\":\"https:\/\/issrsensor.com\/products\/issr-48khz-ultrasonic-transceiver-for-car-reversing-collision-avoidance-waterproof-design\/#primaryimage\",\"url\":\"https:\/\/issrsensor.com\/wp-content\/uploads\/2025\/12\/48kHz-Low-Frequency-Ultrasonic-Ranging-and-Reversing-Collision-Avoidance-Transducer-ISU48-15.5TRAJ-01.png\",\"contentUrl\":\"https:\/\/issrsensor.com\/wp-content\/uploads\/2025\/12\/48kHz-Low-Frequency-Ultrasonic-Ranging-and-Reversing-Collision-Avoidance-Transducer-ISU48-15.5TRAJ-01.png\",\"width\":800,\"height\":600,\"caption\":\"48kHz Low-Frequency Ultrasonic Ranging and Reversing Collision Avoidance Transducer - ISU48-15.5TRAJ-01\"},{\"@type\":\"BreadcrumbList\",\"@id\":\"https:\/\/issrsensor.com\/products\/issr-48khz-ultrasonic-transceiver-for-car-reversing-collision-avoidance-waterproof-design\/#breadcrumb\",\"itemListElement\":[{\"@type\":\"ListItem\",\"position\":1,\"name\":\"Home\",\"item\":\"https:\/\/issrsensor.com\/\"},{\"@type\":\"ListItem\",\"position\":2,\"name\":\"Products\",\"item\":\"https:\/\/issrsensor.com\/shop-page\/\"},{\"@type\":\"ListItem\",\"position\":3,\"name\":\"Ultrasonic Transducers\",\"item\":\"https:\/\/issrsensor.com\/product-category\/ultrasonic-transducers\/\"},{\"@type\":\"ListItem\",\"position\":4,\"name\":\"ISSRSensor 48kHz Ultrasonic Transceiver for Car Reversing Collision Avoidance &#8211; Waterproof Design\"}]},{\"@type\":\"WebSite\",\"@id\":\"https:\/\/issrsensor.com\/#website\",\"url\":\"https:\/\/issrsensor.com\/\",\"name\":\"ISSR-Ultrasonic Sensor Transducer Microwave Radar Piezoelectric Ceramics Manufacturer\",\"description\":\"Ultrasonic Sensor Manufacturer\",\"publisher\":{\"@id\":\"https:\/\/issrsensor.com\/#organization\"},\"alternateName\":\"ISSR\",\"potentialAction\":[{\"@type\":\"SearchAction\",\"target\":{\"@type\":\"EntryPoint\",\"urlTemplate\":\"https:\/\/issrsensor.com\/?s={search_term_string}\"},\"query-input\":{\"@type\":\"PropertyValueSpecification\",\"valueRequired\":true,\"valueName\":\"search_term_string\"}}],\"inLanguage\":\"fr-FR\"},{\"@type\":\"Organization\",\"@id\":\"https:\/\/issrsensor.com\/#organization\",\"name\":\"ISSR-Ultrasonic Sensor Transducer Microwave Radar Piezoelectric Ceramic Manufacturer\",\"alternateName\":\"ISSR\",\"url\":\"https:\/\/issrsensor.com\/\",\"logo\":{\"@type\":\"ImageObject\",\"inLanguage\":\"fr-FR\",\"@id\":\"https:\/\/issrsensor.com\/#\/schema\/logo\/image\/\",\"url\":\"https:\/\/issrsensor.com\/wp-content\/uploads\/2025\/10\/cropped-icon.jpg\",\"contentUrl\":\"https:\/\/issrsensor.com\/wp-content\/uploads\/2025\/10\/cropped-icon.jpg\",\"width\":512,\"height\":512,\"caption\":\"ISSR-Ultrasonic Sensor Transducer Microwave Radar Piezoelectric Ceramic Manufacturer\"},\"image\":{\"@id\":\"https:\/\/issrsensor.com\/#\/schema\/logo\/image\/\"},\"sameAs\":[\"https:\/\/www.facebook.com\/profile.php?id=61576721946113\",\"https:\/\/x.com\/issrsensor\",\"https:\/\/mastodon.social\/@issrsensor\",\"https:\/\/www.youtube.com\/@issrsensor\",\"https:\/\/www.pinterest.com\/issrsensor\/\",\"https:\/\/www.tumblr.com\/issrsensor\",\"https:\/\/medium.com\/@issrsensor\",\"https:\/\/www.linkedin.com\/in\/issrsensor\/\"],\"description\":\"SAUNGYU is a leading OEM manufacture of high-quality Bookshelf Speakers, Soundbar Speakers, Subwoofers, Outdoor Portable Speakers, Hotel Cinema Speakers and more for esteemed brands across the world.\",\"legalName\":\"Shenzhen Saungyu Digital Technology Co., Ltd.\",\"foundingDate\":\"2004-01-01\",\"numberOfEmployees\":{\"@type\":\"QuantitativeValue\",\"minValue\":\"51\",\"maxValue\":\"200\"}}]}<\/script>\n<meta property=\"product:price:currency\" content=\"CNY\" \/>\n<meta property=\"og:availability\" content=\"instock\" \/>\n<meta property=\"product:availability\" content=\"instock\" \/>\n<meta property=\"product:condition\" content=\"new\" \/>\n<!-- \/ Yoast SEO Premium plugin. -->","yoast_head_json":{"title":"Capteur de Recul Ultrasonique 48kHz | Faisceau Asym\u00e9trique pour Robotique","description":"\u00c9metteur-r\u00e9cepteur ultrasonique 48 kHz de haute qualit\u00e9 con\u00e7u comme une sonde radar de recul \u00e9tanche pour l'\u00e9vitement des collisions automobiles, l'aide au recul des voitures, l'\u00e9vitement des obstacles par les v\u00e9hicules autoguid\u00e9s et la robotique.","robots":{"index":"index","follow":"follow","max-snippet":"max-snippet:-1","max-image-preview":"max-image-preview:large","max-video-preview":"max-video-preview:-1"},"canonical":"https:\/\/issrsensor.com\/fr\/products\/issr-48khz-ultrasonic-transceiver-for-car-reversing-collision-avoidance-waterproof-design\/","og_locale":"fr_FR","og_type":"article","og_title":"ISSRSensor 48kHz Ultrasonic Transceiver for Car Reversing Collision Avoidance - Waterproof Design","og_description":"High-quality 48kHz ultrasonic transceiver designed as a waterproof reversing radar probe for automotive collision avoidance, car reversing aid, AGV obstacle avoidance, and robotics.","og_url":"https:\/\/issrsensor.com\/fr\/products\/issr-48khz-ultrasonic-transceiver-for-car-reversing-collision-avoidance-waterproof-design\/","og_site_name":"ISSR","article_publisher":"https:\/\/www.facebook.com\/profile.php?id=61576721946113","article_modified_time":"2026-05-09T08:16:30+00:00","og_image":[{"width":800,"height":600,"url":"https:\/\/issrsensor.com\/wp-content\/uploads\/2025\/12\/48kHz-Low-Frequency-Ultrasonic-Ranging-and-Reversing-Collision-Avoidance-Transducer-ISU48-15.5TRAJ-01.png","type":"image\/png"}],"twitter_card":"summary_large_image","twitter_site":"@issrsensor","twitter_misc":{"Prix":"","Disponibilit\u00e9":"En stock"},"schema":{"@context":"https:\/\/schema.org","@graph":[{"@type":"WebPage","@id":"https:\/\/issrsensor.com\/products\/issr-48khz-ultrasonic-transceiver-for-car-reversing-collision-avoidance-waterproof-design\/","url":"https:\/\/issrsensor.com\/products\/issr-48khz-ultrasonic-transceiver-for-car-reversing-collision-avoidance-waterproof-design\/","name":"Capteur de Recul Ultrasonique 48kHz | Faisceau Asym\u00e9trique pour Robotique","isPartOf":{"@id":"https:\/\/issrsensor.com\/#website"},"primaryImageOfPage":{"@id":"https:\/\/issrsensor.com\/products\/issr-48khz-ultrasonic-transceiver-for-car-reversing-collision-avoidance-waterproof-design\/#primaryimage"},"image":{"@id":"https:\/\/issrsensor.com\/products\/issr-48khz-ultrasonic-transceiver-for-car-reversing-collision-avoidance-waterproof-design\/#primaryimage"},"thumbnailUrl":"https:\/\/issrsensor.com\/wp-content\/uploads\/2025\/12\/48kHz-Low-Frequency-Ultrasonic-Ranging-and-Reversing-Collision-Avoidance-Transducer-ISU48-15.5TRAJ-01.png","datePublished":"2025-12-18T08:40:19+00:00","dateModified":"2026-05-09T08:16:30+00:00","description":"\u00c9metteur-r\u00e9cepteur ultrasonique 48 kHz de haute qualit\u00e9 con\u00e7u comme une sonde radar de recul \u00e9tanche pour l'\u00e9vitement des collisions automobiles, l'aide au recul des voitures, l'\u00e9vitement des obstacles par les v\u00e9hicules autoguid\u00e9s et la robotique.","breadcrumb":{"@id":"https:\/\/issrsensor.com\/products\/issr-48khz-ultrasonic-transceiver-for-car-reversing-collision-avoidance-waterproof-design\/#breadcrumb"},"inLanguage":"fr-FR","potentialAction":[{"@type":"ReadAction","target":["https:\/\/issrsensor.com\/products\/issr-48khz-ultrasonic-transceiver-for-car-reversing-collision-avoidance-waterproof-design\/"]}]},{"@type":"ImageObject","inLanguage":"fr-FR","@id":"https:\/\/issrsensor.com\/products\/issr-48khz-ultrasonic-transceiver-for-car-reversing-collision-avoidance-waterproof-design\/#primaryimage","url":"https:\/\/issrsensor.com\/wp-content\/uploads\/2025\/12\/48kHz-Low-Frequency-Ultrasonic-Ranging-and-Reversing-Collision-Avoidance-Transducer-ISU48-15.5TRAJ-01.png","contentUrl":"https:\/\/issrsensor.com\/wp-content\/uploads\/2025\/12\/48kHz-Low-Frequency-Ultrasonic-Ranging-and-Reversing-Collision-Avoidance-Transducer-ISU48-15.5TRAJ-01.png","width":800,"height":600,"caption":"48kHz Low-Frequency Ultrasonic Ranging and Reversing Collision Avoidance Transducer - ISU48-15.5TRAJ-01"},{"@type":"BreadcrumbList","@id":"https:\/\/issrsensor.com\/products\/issr-48khz-ultrasonic-transceiver-for-car-reversing-collision-avoidance-waterproof-design\/#breadcrumb","itemListElement":[{"@type":"ListItem","position":1,"name":"Home","item":"https:\/\/issrsensor.com\/"},{"@type":"ListItem","position":2,"name":"Products","item":"https:\/\/issrsensor.com\/shop-page\/"},{"@type":"ListItem","position":3,"name":"Ultrasonic Transducers","item":"https:\/\/issrsensor.com\/product-category\/ultrasonic-transducers\/"},{"@type":"ListItem","position":4,"name":"ISSRSensor 48kHz Ultrasonic Transceiver for Car Reversing Collision Avoidance &#8211; Waterproof Design"}]},{"@type":"WebSite","@id":"https:\/\/issrsensor.com\/#website","url":"https:\/\/issrsensor.com\/","name":"ISSR-Ultrasonic Sensor Transducer Microwave Radar Piezoelectric Ceramics Manufacturer","description":"Fabricant de capteurs \u00e0 ultrasons","publisher":{"@id":"https:\/\/issrsensor.com\/#organization"},"alternateName":"ISSR","potentialAction":[{"@type":"SearchAction","target":{"@type":"EntryPoint","urlTemplate":"https:\/\/issrsensor.com\/?s={search_term_string}"},"query-input":{"@type":"PropertyValueSpecification","valueRequired":true,"valueName":"search_term_string"}}],"inLanguage":"fr-FR"},{"@type":"Organization","@id":"https:\/\/issrsensor.com\/#organization","name":"ISSR-Ultrasonic Sensor Transducer Microwave Radar Piezoelectric Ceramic Manufacturer","alternateName":"ISSR","url":"https:\/\/issrsensor.com\/","logo":{"@type":"ImageObject","inLanguage":"fr-FR","@id":"https:\/\/issrsensor.com\/#\/schema\/logo\/image\/","url":"https:\/\/issrsensor.com\/wp-content\/uploads\/2025\/10\/cropped-icon.jpg","contentUrl":"https:\/\/issrsensor.com\/wp-content\/uploads\/2025\/10\/cropped-icon.jpg","width":512,"height":512,"caption":"ISSR-Ultrasonic Sensor Transducer Microwave Radar Piezoelectric Ceramic Manufacturer"},"image":{"@id":"https:\/\/issrsensor.com\/#\/schema\/logo\/image\/"},"sameAs":["https:\/\/www.facebook.com\/profile.php?id=61576721946113","https:\/\/x.com\/issrsensor","https:\/\/mastodon.social\/@issrsensor","https:\/\/www.youtube.com\/@issrsensor","https:\/\/www.pinterest.com\/issrsensor\/","https:\/\/www.tumblr.com\/issrsensor","https:\/\/medium.com\/@issrsensor","https:\/\/www.linkedin.com\/in\/issrsensor\/"],"description":"SAUNGYU est un fabricant OEM de premier plan de haut-parleurs de biblioth\u00e8que, de barres de son, de subwoofers, de haut-parleurs portables pour l'ext\u00e9rieur, de haut-parleurs pour le cin\u00e9ma h\u00f4telier et d'autres produits de haute qualit\u00e9 pour des marques r\u00e9put\u00e9es dans le monde entier.","legalName":"Shenzhen Saungyu Digital Technology Co., Ltd.","foundingDate":"2004-01-01","numberOfEmployees":{"@type":"QuantitativeValue","minValue":"51","maxValue":"200"}}]},"product_price_currency":"CNY","og_availability":"instock","product_availability":"instock","product_condition":"new"},"_links":{"self":[{"href":"https:\/\/issrsensor.com\/fr\/wp-json\/wp\/v2\/product\/6756","targetHints":{"allow":["GET"]}}],"collection":[{"href":"https:\/\/issrsensor.com\/fr\/wp-json\/wp\/v2\/product"}],"about":[{"href":"https:\/\/issrsensor.com\/fr\/wp-json\/wp\/v2\/types\/product"}],"wp:featuredmedia":[{"embeddable":true,"href":"https:\/\/issrsensor.com\/fr\/wp-json\/wp\/v2\/media\/6751"}],"wp:attachment":[{"href":"https:\/\/issrsensor.com\/fr\/wp-json\/wp\/v2\/media?parent=6756"}],"wp:term":[{"taxonomy":"product_brand","embeddable":true,"href":"https:\/\/issrsensor.com\/fr\/wp-json\/wp\/v2\/product_brand?post=6756"},{"taxonomy":"product_cat","embeddable":true,"href":"https:\/\/issrsensor.com\/fr\/wp-json\/wp\/v2\/product_cat?post=6756"},{"taxonomy":"product_tag","embeddable":true,"href":"https:\/\/issrsensor.com\/fr\/wp-json\/wp\/v2\/product_tag?post=6756"}],"curies":[{"name":"wp","href":"https:\/\/api.w.org\/{rel}","templated":true}]}}