{"id":6793,"date":"2025-12-22T17:18:31","date_gmt":"2025-12-22T09:18:31","guid":{"rendered":"https:\/\/issrsensor.com\/?post_type=product&#038;p=6793"},"modified":"2026-01-27T10:46:48","modified_gmt":"2026-01-27T02:46:48","slug":"issr-40khz-ultrasonic-reversing-radar-transducer-high-sensitivity-reliable-obstacle-detection","status":"publish","type":"product","link":"https:\/\/issrsensor.com\/fr\/products\/issr-40khz-ultrasonic-reversing-radar-transducer-high-sensitivity-reliable-obstacle-detection\/","title":{"rendered":"ISSR 40kHz Ultrasonic Reversing Radar Transducer | High Sensitivity &amp; Reliable Obstacle Detection"},"content":{"rendered":"","protected":false},"excerpt":{"rendered":"","protected":false},"featured_media":6785,"template":"","meta":{"_acf_changed":false},"product_brand":[],"product_cat":[66,22],"product_tag":[],"class_list":{"0":"post-6793","1":"product","2":"type-product","3":"status-publish","4":"has-post-thumbnail","6":"product_cat-low-frequency-ultrasonic-transducer","7":"product_cat-ultrasonic-transducers","9":"first","10":"instock","11":"featured","12":"shipping-taxable","13":"product-type-simple"},"acf":[],"yoast_head":"<!-- This site is optimized with the Yoast SEO Premium plugin v26.8 (Yoast SEO v26.8) - https:\/\/yoast.com\/product\/yoast-seo-premium-wordpress\/ -->\n<title>40kHz Ultrasonic Transducer Sensor | 110\u00b0 Wide Angle Probe for Robotics - ISSR<\/title>\n<meta name=\"description\" content=\"High-sensitivity 40kHz ultrasonic sensor component (transducer) with an asymmetric beam (110\u00b0 H \/ 50\u00b0 V). Waterproof aluminum probe ideal for DIY robot obstacle avoidance, reversing radars, and proximity detection systems\" \/>\n<meta name=\"robots\" content=\"index, follow, max-snippet:-1, max-image-preview:large, max-video-preview:-1\" \/>\n<link rel=\"canonical\" href=\"https:\/\/issrsensor.com\/fr\/products\/issr-40khz-ultrasonic-reversing-radar-transducer-high-sensitivity-reliable-obstacle-detection\/\" \/>\n<meta property=\"og:locale\" content=\"fr_FR\" \/>\n<meta property=\"og:type\" content=\"article\" \/>\n<meta property=\"og:title\" content=\"ISSR 40kHz Ultrasonic Reversing Radar Transducer | High Sensitivity &amp; Reliable Obstacle Detection\" \/>\n<meta property=\"og:description\" content=\"High-sensitivity 40kHz ultrasonic sensor component (transducer) with an asymmetric beam (110\u00b0 H \/ 50\u00b0 V). Waterproof aluminum probe ideal for DIY robot obstacle avoidance, reversing radars, and proximity detection systems\" \/>\n<meta property=\"og:url\" content=\"https:\/\/issrsensor.com\/fr\/products\/issr-40khz-ultrasonic-reversing-radar-transducer-high-sensitivity-reliable-obstacle-detection\/\" \/>\n<meta property=\"og:site_name\" content=\"ISSR\" \/>\n<meta property=\"article:publisher\" content=\"https:\/\/www.facebook.com\/profile.php?id=61576721946113\" \/>\n<meta property=\"article:modified_time\" content=\"2026-01-27T02:46:48+00:00\" \/>\n<meta property=\"og:image\" content=\"https:\/\/issrsensor.com\/wp-content\/uploads\/2025\/12\/40kHz-Ultrasonic-Reversing-Radar-Distance-Measurement-and-Obstacle-Avoidance-Transducer-ISU40-16TRBZ-01.png\" \/>\n\t<meta property=\"og:image:width\" content=\"800\" \/>\n\t<meta property=\"og:image:height\" content=\"600\" \/>\n\t<meta property=\"og:image:type\" content=\"image\/png\" \/>\n<meta name=\"twitter:card\" content=\"summary_large_image\" \/>\n<meta name=\"twitter:site\" content=\"@issrsensor\" \/>\n<meta name=\"twitter:label1\" content=\"Prix\" \/>\n\t<meta name=\"twitter:data1\" content=\"\" \/>\n\t<meta name=\"twitter:label2\" content=\"Disponibilit\u00e9\" \/>\n\t<meta name=\"twitter:data2\" content=\"En stock\" \/>\n<script type=\"application\/ld+json\" class=\"yoast-schema-graph\">{\"@context\":\"https:\/\/schema.org\",\"@graph\":[{\"@type\":\"WebPage\",\"@id\":\"https:\/\/issrsensor.com\/products\/issr-40khz-ultrasonic-reversing-radar-transducer-high-sensitivity-reliable-obstacle-detection\/\",\"url\":\"https:\/\/issrsensor.com\/products\/issr-40khz-ultrasonic-reversing-radar-transducer-high-sensitivity-reliable-obstacle-detection\/\",\"name\":\"40kHz Ultrasonic Transducer Sensor | 110\u00b0 Wide Angle Probe for Robotics - ISSR\",\"isPartOf\":{\"@id\":\"https:\/\/issrsensor.com\/#website\"},\"primaryImageOfPage\":{\"@id\":\"https:\/\/issrsensor.com\/products\/issr-40khz-ultrasonic-reversing-radar-transducer-high-sensitivity-reliable-obstacle-detection\/#primaryimage\"},\"image\":{\"@id\":\"https:\/\/issrsensor.com\/products\/issr-40khz-ultrasonic-reversing-radar-transducer-high-sensitivity-reliable-obstacle-detection\/#primaryimage\"},\"thumbnailUrl\":\"https:\/\/issrsensor.com\/wp-content\/uploads\/2025\/12\/40kHz-Ultrasonic-Reversing-Radar-Distance-Measurement-and-Obstacle-Avoidance-Transducer-ISU40-16TRBZ-01.png\",\"datePublished\":\"2025-12-22T09:18:31+00:00\",\"dateModified\":\"2026-01-27T02:46:48+00:00\",\"description\":\"High-sensitivity 40kHz ultrasonic sensor component (transducer) with an asymmetric beam (110\u00b0 H \/ 50\u00b0 V). Waterproof aluminum probe ideal for DIY robot obstacle avoidance, reversing radars, and proximity detection systems\",\"breadcrumb\":{\"@id\":\"https:\/\/issrsensor.com\/products\/issr-40khz-ultrasonic-reversing-radar-transducer-high-sensitivity-reliable-obstacle-detection\/#breadcrumb\"},\"inLanguage\":\"fr-FR\",\"potentialAction\":[{\"@type\":\"ReadAction\",\"target\":[\"https:\/\/issrsensor.com\/products\/issr-40khz-ultrasonic-reversing-radar-transducer-high-sensitivity-reliable-obstacle-detection\/\"]}]},{\"@type\":\"ImageObject\",\"inLanguage\":\"fr-FR\",\"@id\":\"https:\/\/issrsensor.com\/products\/issr-40khz-ultrasonic-reversing-radar-transducer-high-sensitivity-reliable-obstacle-detection\/#primaryimage\",\"url\":\"https:\/\/issrsensor.com\/wp-content\/uploads\/2025\/12\/40kHz-Ultrasonic-Reversing-Radar-Distance-Measurement-and-Obstacle-Avoidance-Transducer-ISU40-16TRBZ-01.png\",\"contentUrl\":\"https:\/\/issrsensor.com\/wp-content\/uploads\/2025\/12\/40kHz-Ultrasonic-Reversing-Radar-Distance-Measurement-and-Obstacle-Avoidance-Transducer-ISU40-16TRBZ-01.png\",\"width\":800,\"height\":600,\"caption\":\"40kHz Ultrasonic Reversing Radar Distance Measurement and Obstacle Avoidance Transducer - ISU40-16TRBZ-01\"},{\"@type\":\"BreadcrumbList\",\"@id\":\"https:\/\/issrsensor.com\/products\/issr-40khz-ultrasonic-reversing-radar-transducer-high-sensitivity-reliable-obstacle-detection\/#breadcrumb\",\"itemListElement\":[{\"@type\":\"ListItem\",\"position\":1,\"name\":\"Home\",\"item\":\"https:\/\/issrsensor.com\/\"},{\"@type\":\"ListItem\",\"position\":2,\"name\":\"Products\",\"item\":\"https:\/\/issrsensor.com\/shop-page\/\"},{\"@type\":\"ListItem\",\"position\":3,\"name\":\"Ultrasonic Transducers\",\"item\":\"https:\/\/issrsensor.com\/product-category\/ultrasonic-transducers\/\"},{\"@type\":\"ListItem\",\"position\":4,\"name\":\"ISSR 40kHz Ultrasonic Reversing Radar Transducer | High Sensitivity &#038; Reliable Obstacle Detection\"}]},{\"@type\":\"WebSite\",\"@id\":\"https:\/\/issrsensor.com\/#website\",\"url\":\"https:\/\/issrsensor.com\/\",\"name\":\"ISSR-Ultrasonic Sensor Transducer Microwave Radar Piezoelectric Ceramics Manufacturer\",\"description\":\"Ultrasonic Sensor Manufacturer\",\"publisher\":{\"@id\":\"https:\/\/issrsensor.com\/#organization\"},\"alternateName\":\"ISSR\",\"potentialAction\":[{\"@type\":\"SearchAction\",\"target\":{\"@type\":\"EntryPoint\",\"urlTemplate\":\"https:\/\/issrsensor.com\/?s={search_term_string}\"},\"query-input\":{\"@type\":\"PropertyValueSpecification\",\"valueRequired\":true,\"valueName\":\"search_term_string\"}}],\"inLanguage\":\"fr-FR\"},{\"@type\":\"Organization\",\"@id\":\"https:\/\/issrsensor.com\/#organization\",\"name\":\"ISSR-Ultrasonic Sensor Transducer Microwave Radar Piezoelectric Ceramic Manufacturer\",\"alternateName\":\"ISSR\",\"url\":\"https:\/\/issrsensor.com\/\",\"logo\":{\"@type\":\"ImageObject\",\"inLanguage\":\"fr-FR\",\"@id\":\"https:\/\/issrsensor.com\/#\/schema\/logo\/image\/\",\"url\":\"https:\/\/issrsensor.com\/wp-content\/uploads\/2025\/10\/cropped-icon.jpg\",\"contentUrl\":\"https:\/\/issrsensor.com\/wp-content\/uploads\/2025\/10\/cropped-icon.jpg\",\"width\":512,\"height\":512,\"caption\":\"ISSR-Ultrasonic Sensor Transducer Microwave Radar Piezoelectric Ceramic Manufacturer\"},\"image\":{\"@id\":\"https:\/\/issrsensor.com\/#\/schema\/logo\/image\/\"},\"sameAs\":[\"https:\/\/www.facebook.com\/profile.php?id=61576721946113\",\"https:\/\/x.com\/issrsensor\",\"https:\/\/mastodon.social\/@issrsensor\",\"https:\/\/www.youtube.com\/@issrsensor\",\"https:\/\/www.pinterest.com\/issrsensor\/\",\"https:\/\/www.tumblr.com\/issrsensor\",\"https:\/\/medium.com\/@issrsensor\",\"https:\/\/www.linkedin.com\/in\/issrsensor\/\"],\"description\":\"SAUNGYU is a leading OEM manufacture of high-quality Bookshelf Speakers, Soundbar Speakers, Subwoofers, Outdoor Portable Speakers, Hotel Cinema Speakers and more for esteemed brands across the world.\",\"legalName\":\"Shenzhen Saungyu Digital Technology Co., Ltd.\",\"foundingDate\":\"2004-01-01\",\"numberOfEmployees\":{\"@type\":\"QuantitativeValue\",\"minValue\":\"51\",\"maxValue\":\"200\"}}]}<\/script>\n<meta property=\"product:price:currency\" content=\"CNY\" \/>\n<meta property=\"og:availability\" content=\"instock\" \/>\n<meta property=\"product:availability\" content=\"instock\" \/>\n<meta property=\"product:condition\" content=\"new\" \/>\n<!-- \/ Yoast SEO Premium plugin. -->","yoast_head_json":{"title":"Transducteur Ultrasons 40kHz | Capteur Grand Angle 110\u00b0 pour Robots - ISSR","description":"Sonde ultrasonique \u00e9tanche (composant) pour radars de recul et \u00e9vitement d'obstacles. Faisceau large de 110\u00b0. Haute sensibilit\u00e9 pour l'int\u00e9gration OEM.","robots":{"index":"index","follow":"follow","max-snippet":"max-snippet:-1","max-image-preview":"max-image-preview:large","max-video-preview":"max-video-preview:-1"},"canonical":"https:\/\/issrsensor.com\/fr\/products\/issr-40khz-ultrasonic-reversing-radar-transducer-high-sensitivity-reliable-obstacle-detection\/","og_locale":"fr_FR","og_type":"article","og_title":"ISSR 40kHz Ultrasonic Reversing Radar Transducer | High Sensitivity & Reliable Obstacle Detection","og_description":"High-sensitivity 40kHz ultrasonic sensor component (transducer) with an asymmetric beam (110\u00b0 H \/ 50\u00b0 V). Waterproof aluminum probe ideal for DIY robot obstacle avoidance, reversing radars, and proximity detection systems","og_url":"https:\/\/issrsensor.com\/fr\/products\/issr-40khz-ultrasonic-reversing-radar-transducer-high-sensitivity-reliable-obstacle-detection\/","og_site_name":"ISSR","article_publisher":"https:\/\/www.facebook.com\/profile.php?id=61576721946113","article_modified_time":"2026-01-27T02:46:48+00:00","og_image":[{"width":800,"height":600,"url":"https:\/\/issrsensor.com\/wp-content\/uploads\/2025\/12\/40kHz-Ultrasonic-Reversing-Radar-Distance-Measurement-and-Obstacle-Avoidance-Transducer-ISU40-16TRBZ-01.png","type":"image\/png"}],"twitter_card":"summary_large_image","twitter_site":"@issrsensor","twitter_misc":{"Prix":"","Disponibilit\u00e9":"En stock"},"schema":{"@context":"https:\/\/schema.org","@graph":[{"@type":"WebPage","@id":"https:\/\/issrsensor.com\/products\/issr-40khz-ultrasonic-reversing-radar-transducer-high-sensitivity-reliable-obstacle-detection\/","url":"https:\/\/issrsensor.com\/products\/issr-40khz-ultrasonic-reversing-radar-transducer-high-sensitivity-reliable-obstacle-detection\/","name":"Transducteur Ultrasons 40kHz | Capteur Grand Angle 110\u00b0 pour Robots - ISSR","isPartOf":{"@id":"https:\/\/issrsensor.com\/#website"},"primaryImageOfPage":{"@id":"https:\/\/issrsensor.com\/products\/issr-40khz-ultrasonic-reversing-radar-transducer-high-sensitivity-reliable-obstacle-detection\/#primaryimage"},"image":{"@id":"https:\/\/issrsensor.com\/products\/issr-40khz-ultrasonic-reversing-radar-transducer-high-sensitivity-reliable-obstacle-detection\/#primaryimage"},"thumbnailUrl":"https:\/\/issrsensor.com\/wp-content\/uploads\/2025\/12\/40kHz-Ultrasonic-Reversing-Radar-Distance-Measurement-and-Obstacle-Avoidance-Transducer-ISU40-16TRBZ-01.png","datePublished":"2025-12-22T09:18:31+00:00","dateModified":"2026-01-27T02:46:48+00:00","description":"Sonde ultrasonique \u00e9tanche (composant) pour radars de recul et \u00e9vitement d'obstacles. Faisceau large de 110\u00b0. Haute sensibilit\u00e9 pour l'int\u00e9gration OEM.","breadcrumb":{"@id":"https:\/\/issrsensor.com\/products\/issr-40khz-ultrasonic-reversing-radar-transducer-high-sensitivity-reliable-obstacle-detection\/#breadcrumb"},"inLanguage":"fr-FR","potentialAction":[{"@type":"ReadAction","target":["https:\/\/issrsensor.com\/products\/issr-40khz-ultrasonic-reversing-radar-transducer-high-sensitivity-reliable-obstacle-detection\/"]}]},{"@type":"ImageObject","inLanguage":"fr-FR","@id":"https:\/\/issrsensor.com\/products\/issr-40khz-ultrasonic-reversing-radar-transducer-high-sensitivity-reliable-obstacle-detection\/#primaryimage","url":"https:\/\/issrsensor.com\/wp-content\/uploads\/2025\/12\/40kHz-Ultrasonic-Reversing-Radar-Distance-Measurement-and-Obstacle-Avoidance-Transducer-ISU40-16TRBZ-01.png","contentUrl":"https:\/\/issrsensor.com\/wp-content\/uploads\/2025\/12\/40kHz-Ultrasonic-Reversing-Radar-Distance-Measurement-and-Obstacle-Avoidance-Transducer-ISU40-16TRBZ-01.png","width":800,"height":600,"caption":"40kHz Ultrasonic Reversing Radar Distance Measurement and Obstacle Avoidance Transducer - ISU40-16TRBZ-01"},{"@type":"BreadcrumbList","@id":"https:\/\/issrsensor.com\/products\/issr-40khz-ultrasonic-reversing-radar-transducer-high-sensitivity-reliable-obstacle-detection\/#breadcrumb","itemListElement":[{"@type":"ListItem","position":1,"name":"Home","item":"https:\/\/issrsensor.com\/"},{"@type":"ListItem","position":2,"name":"Products","item":"https:\/\/issrsensor.com\/shop-page\/"},{"@type":"ListItem","position":3,"name":"Ultrasonic Transducers","item":"https:\/\/issrsensor.com\/product-category\/ultrasonic-transducers\/"},{"@type":"ListItem","position":4,"name":"ISSR 40kHz Ultrasonic Reversing Radar Transducer | High Sensitivity &#038; Reliable Obstacle Detection"}]},{"@type":"WebSite","@id":"https:\/\/issrsensor.com\/#website","url":"https:\/\/issrsensor.com\/","name":"ISSR-Ultrasonic Sensor Transducer Microwave Radar Piezoelectric Ceramics Manufacturer","description":"Fabricant de capteurs \u00e0 ultrasons","publisher":{"@id":"https:\/\/issrsensor.com\/#organization"},"alternateName":"ISSR","potentialAction":[{"@type":"SearchAction","target":{"@type":"EntryPoint","urlTemplate":"https:\/\/issrsensor.com\/?s={search_term_string}"},"query-input":{"@type":"PropertyValueSpecification","valueRequired":true,"valueName":"search_term_string"}}],"inLanguage":"fr-FR"},{"@type":"Organization","@id":"https:\/\/issrsensor.com\/#organization","name":"ISSR-Ultrasonic Sensor Transducer Microwave Radar Piezoelectric Ceramic Manufacturer","alternateName":"ISSR","url":"https:\/\/issrsensor.com\/","logo":{"@type":"ImageObject","inLanguage":"fr-FR","@id":"https:\/\/issrsensor.com\/#\/schema\/logo\/image\/","url":"https:\/\/issrsensor.com\/wp-content\/uploads\/2025\/10\/cropped-icon.jpg","contentUrl":"https:\/\/issrsensor.com\/wp-content\/uploads\/2025\/10\/cropped-icon.jpg","width":512,"height":512,"caption":"ISSR-Ultrasonic Sensor Transducer Microwave Radar Piezoelectric Ceramic Manufacturer"},"image":{"@id":"https:\/\/issrsensor.com\/#\/schema\/logo\/image\/"},"sameAs":["https:\/\/www.facebook.com\/profile.php?id=61576721946113","https:\/\/x.com\/issrsensor","https:\/\/mastodon.social\/@issrsensor","https:\/\/www.youtube.com\/@issrsensor","https:\/\/www.pinterest.com\/issrsensor\/","https:\/\/www.tumblr.com\/issrsensor","https:\/\/medium.com\/@issrsensor","https:\/\/www.linkedin.com\/in\/issrsensor\/"],"description":"SAUNGYU est un fabricant OEM de premier plan de haut-parleurs de biblioth\u00e8que, de barres de son, de subwoofers, de haut-parleurs portables pour l'ext\u00e9rieur, de haut-parleurs pour le cin\u00e9ma h\u00f4telier et d'autres produits de haute qualit\u00e9 pour des marques r\u00e9put\u00e9es dans le monde entier.","legalName":"Shenzhen Saungyu Digital Technology Co., Ltd.","foundingDate":"2004-01-01","numberOfEmployees":{"@type":"QuantitativeValue","minValue":"51","maxValue":"200"}}]},"product_price_currency":"CNY","og_availability":"instock","product_availability":"instock","product_condition":"new"},"_links":{"self":[{"href":"https:\/\/issrsensor.com\/fr\/wp-json\/wp\/v2\/product\/6793","targetHints":{"allow":["GET"]}}],"collection":[{"href":"https:\/\/issrsensor.com\/fr\/wp-json\/wp\/v2\/product"}],"about":[{"href":"https:\/\/issrsensor.com\/fr\/wp-json\/wp\/v2\/types\/product"}],"wp:featuredmedia":[{"embeddable":true,"href":"https:\/\/issrsensor.com\/fr\/wp-json\/wp\/v2\/media\/6785"}],"wp:attachment":[{"href":"https:\/\/issrsensor.com\/fr\/wp-json\/wp\/v2\/media?parent=6793"}],"wp:term":[{"taxonomy":"product_brand","embeddable":true,"href":"https:\/\/issrsensor.com\/fr\/wp-json\/wp\/v2\/product_brand?post=6793"},{"taxonomy":"product_cat","embeddable":true,"href":"https:\/\/issrsensor.com\/fr\/wp-json\/wp\/v2\/product_cat?post=6793"},{"taxonomy":"product_tag","embeddable":true,"href":"https:\/\/issrsensor.com\/fr\/wp-json\/wp\/v2\/product_tag?post=6793"}],"curies":[{"name":"wp","href":"https:\/\/api.w.org\/{rel}","templated":true}]}}