{"id":6277,"date":"2025-11-28T11:02:21","date_gmt":"2025-11-28T03:02:21","guid":{"rendered":"https:\/\/issrsensor.com\/?post_type=product&#038;p=6277"},"modified":"2026-03-18T15:15:58","modified_gmt":"2026-03-18T07:15:58","slug":"ultrasonic-web-guiding-sensor-160khz-isu160-2818traj-t1","status":"publish","type":"product","link":"https:\/\/issrsensor.com\/pt\/products\/ultrasonic-web-guiding-sensor-160khz-isu160-2818traj-t1\/","title":{"rendered":"Transdutor ISSR Ultrasonic Web Guiding Sensor 160kHz - Sonda retangular de dete\u00e7\u00e3o e corre\u00e7\u00e3o de arestas"},"content":{"rendered":"","protected":false},"excerpt":{"rendered":"","protected":false},"featured_media":6278,"template":"","meta":{"_acf_changed":false},"product_brand":[],"product_cat":[68,22],"product_tag":[],"class_list":{"0":"post-6277","1":"product","2":"type-product","3":"status-publish","4":"has-post-thumbnail","6":"product_cat-high-frequency-ultrasonic-transducer","7":"product_cat-ultrasonic-transducers","9":"first","10":"instock","11":"featured","12":"shipping-taxable","13":"product-type-simple"},"acf":[],"yoast_head":"<!-- This site is optimized with the Yoast SEO Premium plugin v26.8 (Yoast SEO v26.8) - https:\/\/yoast.com\/product\/yoast-seo-premium-wordpress\/ -->\n<title>Ultrasonic Web Guiding Sensor 160kHz | Rectangular Edge Detection<\/title>\n<meta name=\"description\" content=\"160kHz Ultrasonic Edge Sensor with Rectangular Face. Superior web guiding for transparent films &amp; battery electrode sheets. Wider detection range than circular probes.\" \/>\n<meta name=\"robots\" content=\"index, follow, max-snippet:-1, max-image-preview:large, max-video-preview:-1\" \/>\n<link rel=\"canonical\" href=\"https:\/\/issrsensor.com\/pt\/products\/ultrasonic-web-guiding-sensor-160khz-isu160-2818traj-t1\/\" \/>\n<meta property=\"og:locale\" content=\"pt_PT\" \/>\n<meta property=\"og:type\" content=\"article\" \/>\n<meta property=\"og:title\" content=\"ISSR Ultrasonic Web Guiding Sensor Transducer 160kHz - Rectangular Edge Detection &amp; Correction Probe\" \/>\n<meta property=\"og:description\" content=\"160kHz Ultrasonic Edge Sensor with Rectangular Face. Superior web guiding for transparent films &amp; battery electrode sheets. Wider detection range than circular probes.\" \/>\n<meta property=\"og:url\" content=\"https:\/\/issrsensor.com\/pt\/products\/ultrasonic-web-guiding-sensor-160khz-isu160-2818traj-t1\/\" \/>\n<meta property=\"og:site_name\" content=\"ISSR\" \/>\n<meta property=\"article:publisher\" content=\"https:\/\/www.facebook.com\/profile.php?id=61576721946113\" \/>\n<meta property=\"article:modified_time\" content=\"2026-03-18T07:15:58+00:00\" \/>\n<meta property=\"og:image\" content=\"https:\/\/issrsensor.com\/wp-content\/uploads\/2025\/11\/ISU160-2818TRAJ-T1-01-scaled.png\" \/>\n\t<meta property=\"og:image:width\" content=\"1920\" \/>\n\t<meta property=\"og:image:height\" content=\"1282\" \/>\n\t<meta property=\"og:image:type\" content=\"image\/png\" \/>\n<meta name=\"twitter:card\" content=\"summary_large_image\" \/>\n<meta name=\"twitter:site\" content=\"@issrsensor\" \/>\n<meta name=\"twitter:label1\" content=\"pre\u00e7o\" \/>\n\t<meta name=\"twitter:data1\" content=\"\" \/>\n\t<meta name=\"twitter:label2\" content=\"Disponibilidade\" \/>\n\t<meta name=\"twitter:data2\" content=\"Em stock\" \/>\n<script type=\"application\/ld+json\" class=\"yoast-schema-graph\">{\"@context\":\"https:\/\/schema.org\",\"@graph\":[{\"@type\":\"WebPage\",\"@id\":\"https:\/\/issrsensor.com\/products\/ultrasonic-web-guiding-sensor-160khz-isu160-2818traj-t1\/\",\"url\":\"https:\/\/issrsensor.com\/products\/ultrasonic-web-guiding-sensor-160khz-isu160-2818traj-t1\/\",\"name\":\"Ultrasonic Web Guiding Sensor 160kHz | Rectangular Edge Detection\",\"isPartOf\":{\"@id\":\"https:\/\/issrsensor.com\/#website\"},\"primaryImageOfPage\":{\"@id\":\"https:\/\/issrsensor.com\/products\/ultrasonic-web-guiding-sensor-160khz-isu160-2818traj-t1\/#primaryimage\"},\"image\":{\"@id\":\"https:\/\/issrsensor.com\/products\/ultrasonic-web-guiding-sensor-160khz-isu160-2818traj-t1\/#primaryimage\"},\"thumbnailUrl\":\"https:\/\/issrsensor.com\/wp-content\/uploads\/2025\/11\/ISU160-2818TRAJ-T1-01-scaled.png\",\"datePublished\":\"2025-11-28T03:02:21+00:00\",\"dateModified\":\"2026-03-18T07:15:58+00:00\",\"description\":\"160kHz Ultrasonic Edge Sensor with Rectangular Face. Superior web guiding for transparent films & battery electrode sheets. Wider detection range than circular probes.\",\"breadcrumb\":{\"@id\":\"https:\/\/issrsensor.com\/products\/ultrasonic-web-guiding-sensor-160khz-isu160-2818traj-t1\/#breadcrumb\"},\"inLanguage\":\"pt-PT\",\"potentialAction\":[{\"@type\":\"ReadAction\",\"target\":[\"https:\/\/issrsensor.com\/products\/ultrasonic-web-guiding-sensor-160khz-isu160-2818traj-t1\/\"]}]},{\"@type\":\"ImageObject\",\"inLanguage\":\"pt-PT\",\"@id\":\"https:\/\/issrsensor.com\/products\/ultrasonic-web-guiding-sensor-160khz-isu160-2818traj-t1\/#primaryimage\",\"url\":\"https:\/\/issrsensor.com\/wp-content\/uploads\/2025\/11\/ISU160-2818TRAJ-T1-01-scaled.png\",\"contentUrl\":\"https:\/\/issrsensor.com\/wp-content\/uploads\/2025\/11\/ISU160-2818TRAJ-T1-01-scaled.png\",\"width\":1920,\"height\":1282,\"caption\":\"ISU160-2818TRAJ-T1-01\"},{\"@type\":\"BreadcrumbList\",\"@id\":\"https:\/\/issrsensor.com\/products\/ultrasonic-web-guiding-sensor-160khz-isu160-2818traj-t1\/#breadcrumb\",\"itemListElement\":[{\"@type\":\"ListItem\",\"position\":1,\"name\":\"Home\",\"item\":\"https:\/\/issrsensor.com\/\"},{\"@type\":\"ListItem\",\"position\":2,\"name\":\"Products\",\"item\":\"https:\/\/issrsensor.com\/shop-page\/\"},{\"@type\":\"ListItem\",\"position\":3,\"name\":\"Ultrasonic Transducers\",\"item\":\"https:\/\/issrsensor.com\/product-category\/ultrasonic-transducers\/\"},{\"@type\":\"ListItem\",\"position\":4,\"name\":\"ISSR Ultrasonic Web Guiding Sensor Transducer 160kHz &#8211; Rectangular Edge Detection &#038; Correction Probe\"}]},{\"@type\":\"WebSite\",\"@id\":\"https:\/\/issrsensor.com\/#website\",\"url\":\"https:\/\/issrsensor.com\/\",\"name\":\"ISSR-Ultrasonic Sensor Transducer Microwave Radar Piezoelectric Ceramics Manufacturer\",\"description\":\"Ultrasonic Sensor Manufacturer\",\"publisher\":{\"@id\":\"https:\/\/issrsensor.com\/#organization\"},\"alternateName\":\"ISSR\",\"potentialAction\":[{\"@type\":\"SearchAction\",\"target\":{\"@type\":\"EntryPoint\",\"urlTemplate\":\"https:\/\/issrsensor.com\/?s={search_term_string}\"},\"query-input\":{\"@type\":\"PropertyValueSpecification\",\"valueRequired\":true,\"valueName\":\"search_term_string\"}}],\"inLanguage\":\"pt-PT\"},{\"@type\":\"Organization\",\"@id\":\"https:\/\/issrsensor.com\/#organization\",\"name\":\"ISSR-Ultrasonic Sensor Transducer Microwave Radar Piezoelectric Ceramic Manufacturer\",\"alternateName\":\"ISSR\",\"url\":\"https:\/\/issrsensor.com\/\",\"logo\":{\"@type\":\"ImageObject\",\"inLanguage\":\"pt-PT\",\"@id\":\"https:\/\/issrsensor.com\/#\/schema\/logo\/image\/\",\"url\":\"https:\/\/issrsensor.com\/wp-content\/uploads\/2025\/10\/cropped-icon.jpg\",\"contentUrl\":\"https:\/\/issrsensor.com\/wp-content\/uploads\/2025\/10\/cropped-icon.jpg\",\"width\":512,\"height\":512,\"caption\":\"ISSR-Ultrasonic Sensor Transducer Microwave Radar Piezoelectric Ceramic Manufacturer\"},\"image\":{\"@id\":\"https:\/\/issrsensor.com\/#\/schema\/logo\/image\/\"},\"sameAs\":[\"https:\/\/www.facebook.com\/profile.php?id=61576721946113\",\"https:\/\/x.com\/issrsensor\",\"https:\/\/mastodon.social\/@issrsensor\",\"https:\/\/www.youtube.com\/@issrsensor\",\"https:\/\/www.pinterest.com\/issrsensor\/\",\"https:\/\/www.tumblr.com\/issrsensor\",\"https:\/\/medium.com\/@issrsensor\",\"https:\/\/www.linkedin.com\/in\/issrsensor\/\"],\"description\":\"SAUNGYU is a leading OEM manufacture of high-quality Bookshelf Speakers, Soundbar Speakers, Subwoofers, Outdoor Portable Speakers, Hotel Cinema Speakers and more for esteemed brands across the world.\",\"legalName\":\"Shenzhen Saungyu Digital Technology Co., Ltd.\",\"foundingDate\":\"2004-01-01\",\"numberOfEmployees\":{\"@type\":\"QuantitativeValue\",\"minValue\":\"51\",\"maxValue\":\"200\"}}]}<\/script>\n<meta property=\"product:price:currency\" content=\"CNY\" \/>\n<meta property=\"og:availability\" content=\"instock\" \/>\n<meta property=\"product:availability\" content=\"instock\" \/>\n<meta property=\"product:condition\" content=\"new\" \/>\n<!-- \/ Yoast SEO Premium plugin. -->","yoast_head_json":{"title":"Sensor de Alinhamento de Borda 160kHz | Retangular | Web Guiding","description":"Sensor de borda ultrass\u00f4nico com face retangular. Alinhamento preciso para filmes transparentes e eletrodos de bateria. Mais est\u00e1vel que sondas circulares.","robots":{"index":"index","follow":"follow","max-snippet":"max-snippet:-1","max-image-preview":"max-image-preview:large","max-video-preview":"max-video-preview:-1"},"canonical":"https:\/\/issrsensor.com\/pt\/products\/ultrasonic-web-guiding-sensor-160khz-isu160-2818traj-t1\/","og_locale":"pt_PT","og_type":"article","og_title":"ISSR Ultrasonic Web Guiding Sensor Transducer 160kHz - Rectangular Edge Detection & Correction Probe","og_description":"160kHz Ultrasonic Edge Sensor with Rectangular Face. Superior web guiding for transparent films & battery electrode sheets. Wider detection range than circular probes.","og_url":"https:\/\/issrsensor.com\/pt\/products\/ultrasonic-web-guiding-sensor-160khz-isu160-2818traj-t1\/","og_site_name":"ISSR","article_publisher":"https:\/\/www.facebook.com\/profile.php?id=61576721946113","article_modified_time":"2026-03-18T07:15:58+00:00","og_image":[{"width":1920,"height":1282,"url":"https:\/\/issrsensor.com\/wp-content\/uploads\/2025\/11\/ISU160-2818TRAJ-T1-01-scaled.png","type":"image\/png"}],"twitter_card":"summary_large_image","twitter_site":"@issrsensor","twitter_misc":{"pre\u00e7o":"","Disponibilidade":"Em stock"},"schema":{"@context":"https:\/\/schema.org","@graph":[{"@type":"WebPage","@id":"https:\/\/issrsensor.com\/products\/ultrasonic-web-guiding-sensor-160khz-isu160-2818traj-t1\/","url":"https:\/\/issrsensor.com\/products\/ultrasonic-web-guiding-sensor-160khz-isu160-2818traj-t1\/","name":"Sensor de Alinhamento de Borda 160kHz | Retangular | Web Guiding","isPartOf":{"@id":"https:\/\/issrsensor.com\/#website"},"primaryImageOfPage":{"@id":"https:\/\/issrsensor.com\/products\/ultrasonic-web-guiding-sensor-160khz-isu160-2818traj-t1\/#primaryimage"},"image":{"@id":"https:\/\/issrsensor.com\/products\/ultrasonic-web-guiding-sensor-160khz-isu160-2818traj-t1\/#primaryimage"},"thumbnailUrl":"https:\/\/issrsensor.com\/wp-content\/uploads\/2025\/11\/ISU160-2818TRAJ-T1-01-scaled.png","datePublished":"2025-11-28T03:02:21+00:00","dateModified":"2026-03-18T07:15:58+00:00","description":"Sensor de borda ultrass\u00f4nico com face retangular. Alinhamento preciso para filmes transparentes e eletrodos de bateria. Mais est\u00e1vel que sondas circulares.","breadcrumb":{"@id":"https:\/\/issrsensor.com\/products\/ultrasonic-web-guiding-sensor-160khz-isu160-2818traj-t1\/#breadcrumb"},"inLanguage":"pt-PT","potentialAction":[{"@type":"ReadAction","target":["https:\/\/issrsensor.com\/products\/ultrasonic-web-guiding-sensor-160khz-isu160-2818traj-t1\/"]}]},{"@type":"ImageObject","inLanguage":"pt-PT","@id":"https:\/\/issrsensor.com\/products\/ultrasonic-web-guiding-sensor-160khz-isu160-2818traj-t1\/#primaryimage","url":"https:\/\/issrsensor.com\/wp-content\/uploads\/2025\/11\/ISU160-2818TRAJ-T1-01-scaled.png","contentUrl":"https:\/\/issrsensor.com\/wp-content\/uploads\/2025\/11\/ISU160-2818TRAJ-T1-01-scaled.png","width":1920,"height":1282,"caption":"ISU160-2818TRAJ-T1-01"},{"@type":"BreadcrumbList","@id":"https:\/\/issrsensor.com\/products\/ultrasonic-web-guiding-sensor-160khz-isu160-2818traj-t1\/#breadcrumb","itemListElement":[{"@type":"ListItem","position":1,"name":"Home","item":"https:\/\/issrsensor.com\/"},{"@type":"ListItem","position":2,"name":"Products","item":"https:\/\/issrsensor.com\/shop-page\/"},{"@type":"ListItem","position":3,"name":"Ultrasonic Transducers","item":"https:\/\/issrsensor.com\/product-category\/ultrasonic-transducers\/"},{"@type":"ListItem","position":4,"name":"ISSR Ultrasonic Web Guiding Sensor Transducer 160kHz &#8211; Rectangular Edge Detection &#038; Correction Probe"}]},{"@type":"WebSite","@id":"https:\/\/issrsensor.com\/#website","url":"https:\/\/issrsensor.com\/","name":"ISSR-Transdutor de Sensor Ultrass\u00f3nico Radar de Micro-ondas Cer\u00e2mica Piezoel\u00e9ctrica Fabricante","description":"Fabricante de sensores ultra-s\u00f3nicos","publisher":{"@id":"https:\/\/issrsensor.com\/#organization"},"alternateName":"ISSR","potentialAction":[{"@type":"SearchAction","target":{"@type":"EntryPoint","urlTemplate":"https:\/\/issrsensor.com\/?s={search_term_string}"},"query-input":{"@type":"PropertyValueSpecification","valueRequired":true,"valueName":"search_term_string"}}],"inLanguage":"pt-PT"},{"@type":"Organization","@id":"https:\/\/issrsensor.com\/#organization","name":"ISSR-Transdutor de Sensor Ultrass\u00f3nico Radar de Micro-ondas Cer\u00e2mica Piezoel\u00e9ctrica Fabricante","alternateName":"ISSR","url":"https:\/\/issrsensor.com\/","logo":{"@type":"ImageObject","inLanguage":"pt-PT","@id":"https:\/\/issrsensor.com\/#\/schema\/logo\/image\/","url":"https:\/\/issrsensor.com\/wp-content\/uploads\/2025\/10\/cropped-icon.jpg","contentUrl":"https:\/\/issrsensor.com\/wp-content\/uploads\/2025\/10\/cropped-icon.jpg","width":512,"height":512,"caption":"ISSR-Ultrasonic Sensor Transducer Microwave Radar Piezoelectric Ceramic Manufacturer"},"image":{"@id":"https:\/\/issrsensor.com\/#\/schema\/logo\/image\/"},"sameAs":["https:\/\/www.facebook.com\/profile.php?id=61576721946113","https:\/\/x.com\/issrsensor","https:\/\/mastodon.social\/@issrsensor","https:\/\/www.youtube.com\/@issrsensor","https:\/\/www.pinterest.com\/issrsensor\/","https:\/\/www.tumblr.com\/issrsensor","https:\/\/medium.com\/@issrsensor","https:\/\/www.linkedin.com\/in\/issrsensor\/"],"description":"A SAUNGYU \u00e9 um fabricante OEM l\u00edder de colunas de prateleira de alta qualidade, colunas Soundbar, subwoofers, colunas port\u00e1teis para exterior, colunas de cinema para hotel e muito mais para marcas conceituadas em todo o mundo.","legalName":"Shenzhen Saungyu Digital Technology Co., Ltd.","foundingDate":"2004-01-01","numberOfEmployees":{"@type":"QuantitativeValue","minValue":"51","maxValue":"200"}}]},"product_price_currency":"CNY","og_availability":"instock","product_availability":"instock","product_condition":"new"},"_links":{"self":[{"href":"https:\/\/issrsensor.com\/pt\/wp-json\/wp\/v2\/product\/6277","targetHints":{"allow":["GET"]}}],"collection":[{"href":"https:\/\/issrsensor.com\/pt\/wp-json\/wp\/v2\/product"}],"about":[{"href":"https:\/\/issrsensor.com\/pt\/wp-json\/wp\/v2\/types\/product"}],"wp:featuredmedia":[{"embeddable":true,"href":"https:\/\/issrsensor.com\/pt\/wp-json\/wp\/v2\/media\/6278"}],"wp:attachment":[{"href":"https:\/\/issrsensor.com\/pt\/wp-json\/wp\/v2\/media?parent=6277"}],"wp:term":[{"taxonomy":"product_brand","embeddable":true,"href":"https:\/\/issrsensor.com\/pt\/wp-json\/wp\/v2\/product_brand?post=6277"},{"taxonomy":"product_cat","embeddable":true,"href":"https:\/\/issrsensor.com\/pt\/wp-json\/wp\/v2\/product_cat?post=6277"},{"taxonomy":"product_tag","embeddable":true,"href":"https:\/\/issrsensor.com\/pt\/wp-json\/wp\/v2\/product_tag?post=6277"}],"curies":[{"name":"wp","href":"https:\/\/api.w.org\/{rel}","templated":true}]}}