{"id":6632,"date":"2025-12-11T17:41:49","date_gmt":"2025-12-11T09:41:49","guid":{"rendered":"https:\/\/issrsensor.com\/?post_type=product&#038;p=6632"},"modified":"2026-01-28T16:20:40","modified_gmt":"2026-01-28T08:20:40","slug":"issr-full-integrated-2m-ultrasonic-liquid-level-sensor","status":"publish","type":"product","link":"https:\/\/issrsensor.com\/pt\/products\/issr-full-integrated-2m-ultrasonic-liquid-level-sensor\/","title":{"rendered":"Sensor de n\u00edvel de l\u00edquido ultrass\u00f3nico 2M totalmente integrado ISSR"},"content":{"rendered":"","protected":false},"excerpt":{"rendered":"","protected":false},"featured_media":6624,"template":"","meta":{"_acf_changed":false},"product_brand":[],"product_cat":[60,15],"product_tag":[],"class_list":{"0":"post-6632","1":"product","2":"type-product","3":"status-publish","4":"has-post-thumbnail","6":"product_cat-ultrasonic-distance-sensors","7":"product_cat-ultrasonic-sensors","9":"first","10":"instock","11":"featured","12":"shipping-taxable","13":"product-type-simple"},"acf":[],"yoast_head":"<!-- This site is optimized with the Yoast SEO Premium plugin v26.8 (Yoast SEO v26.8) - https:\/\/yoast.com\/product\/yoast-seo-premium-wordpress\/ -->\n<title>2m Ultrasonic Level Sensor | 3-in-1: Analog, NPN\/PNP, TTL232<\/title>\n<meta name=\"description\" content=\"ISSR 2M Universal Sensor for Liquids &amp; Solids. Features 3-in-1 switchable output: Analog, NPN\/PNP &amp; TTL232. 100mm blind zone. Custom anti-corrosive probe.\" \/>\n<meta name=\"robots\" content=\"index, follow, max-snippet:-1, max-image-preview:large, max-video-preview:-1\" \/>\n<link rel=\"canonical\" href=\"https:\/\/issrsensor.com\/pt\/products\/issr-full-integrated-2m-ultrasonic-liquid-level-sensor\/\" \/>\n<meta property=\"og:locale\" content=\"pt_PT\" \/>\n<meta property=\"og:type\" content=\"article\" \/>\n<meta property=\"og:title\" content=\"ISSR Full-Integrated 2M Ultrasonic Liquid Level Sensor\" \/>\n<meta property=\"og:description\" content=\"ISSR 2M Universal Sensor for Liquids &amp; Solids. Features 3-in-1 switchable output: Analog, NPN\/PNP &amp; TTL232. 100mm blind zone. Custom anti-corrosive probe.\" \/>\n<meta property=\"og:url\" content=\"https:\/\/issrsensor.com\/pt\/products\/issr-full-integrated-2m-ultrasonic-liquid-level-sensor\/\" \/>\n<meta property=\"og:site_name\" content=\"ISSR\" \/>\n<meta property=\"article:publisher\" content=\"https:\/\/www.facebook.com\/profile.php?id=61576721946113\" \/>\n<meta property=\"article:modified_time\" content=\"2026-01-28T08:20:40+00:00\" \/>\n<meta property=\"og:image\" content=\"https:\/\/issrsensor.com\/wp-content\/uploads\/2025\/12\/2M-fully-integrated-ultrasonic-material-ranging-liquid-level-distance-sensor-ISUB2000-30GM85-01.png\" \/>\n\t<meta property=\"og:image:width\" content=\"800\" \/>\n\t<meta property=\"og:image:height\" content=\"600\" \/>\n\t<meta property=\"og:image:type\" content=\"image\/png\" \/>\n<meta name=\"twitter:card\" content=\"summary_large_image\" \/>\n<meta name=\"twitter:site\" content=\"@issrsensor\" \/>\n<meta name=\"twitter:label1\" content=\"pre\u00e7o\" \/>\n\t<meta name=\"twitter:data1\" content=\"\" \/>\n\t<meta name=\"twitter:label2\" content=\"Disponibilidade\" \/>\n\t<meta name=\"twitter:data2\" content=\"Em stock\" \/>\n<script type=\"application\/ld+json\" class=\"yoast-schema-graph\">{\"@context\":\"https:\/\/schema.org\",\"@graph\":[{\"@type\":\"WebPage\",\"@id\":\"https:\/\/issrsensor.com\/products\/issr-full-integrated-2m-ultrasonic-liquid-level-sensor\/\",\"url\":\"https:\/\/issrsensor.com\/products\/issr-full-integrated-2m-ultrasonic-liquid-level-sensor\/\",\"name\":\"2m Ultrasonic Level Sensor | 3-in-1: Analog, NPN\/PNP, TTL232\",\"isPartOf\":{\"@id\":\"https:\/\/issrsensor.com\/#website\"},\"primaryImageOfPage\":{\"@id\":\"https:\/\/issrsensor.com\/products\/issr-full-integrated-2m-ultrasonic-liquid-level-sensor\/#primaryimage\"},\"image\":{\"@id\":\"https:\/\/issrsensor.com\/products\/issr-full-integrated-2m-ultrasonic-liquid-level-sensor\/#primaryimage\"},\"thumbnailUrl\":\"https:\/\/issrsensor.com\/wp-content\/uploads\/2025\/12\/2M-fully-integrated-ultrasonic-material-ranging-liquid-level-distance-sensor-ISUB2000-30GM85-01.png\",\"datePublished\":\"2025-12-11T09:41:49+00:00\",\"dateModified\":\"2026-01-28T08:20:40+00:00\",\"description\":\"ISSR 2M Universal Sensor for Liquids & Solids. Features 3-in-1 switchable output: Analog, NPN\/PNP & TTL232. 100mm blind zone. Custom anti-corrosive probe.\",\"breadcrumb\":{\"@id\":\"https:\/\/issrsensor.com\/products\/issr-full-integrated-2m-ultrasonic-liquid-level-sensor\/#breadcrumb\"},\"inLanguage\":\"pt-PT\",\"potentialAction\":[{\"@type\":\"ReadAction\",\"target\":[\"https:\/\/issrsensor.com\/products\/issr-full-integrated-2m-ultrasonic-liquid-level-sensor\/\"]}]},{\"@type\":\"ImageObject\",\"inLanguage\":\"pt-PT\",\"@id\":\"https:\/\/issrsensor.com\/products\/issr-full-integrated-2m-ultrasonic-liquid-level-sensor\/#primaryimage\",\"url\":\"https:\/\/issrsensor.com\/wp-content\/uploads\/2025\/12\/2M-fully-integrated-ultrasonic-material-ranging-liquid-level-distance-sensor-ISUB2000-30GM85-01.png\",\"contentUrl\":\"https:\/\/issrsensor.com\/wp-content\/uploads\/2025\/12\/2M-fully-integrated-ultrasonic-material-ranging-liquid-level-distance-sensor-ISUB2000-30GM85-01.png\",\"width\":800,\"height\":600,\"caption\":\"2M fully integrated ultrasonic material ranging liquid level distance sensor-ISUB2000-30GM85-01\"},{\"@type\":\"BreadcrumbList\",\"@id\":\"https:\/\/issrsensor.com\/products\/issr-full-integrated-2m-ultrasonic-liquid-level-sensor\/#breadcrumb\",\"itemListElement\":[{\"@type\":\"ListItem\",\"position\":1,\"name\":\"Home\",\"item\":\"https:\/\/issrsensor.com\/\"},{\"@type\":\"ListItem\",\"position\":2,\"name\":\"Products\",\"item\":\"https:\/\/issrsensor.com\/shop-page\/\"},{\"@type\":\"ListItem\",\"position\":3,\"name\":\"Ultrasonic Sensors\",\"item\":\"https:\/\/issrsensor.com\/product-category\/ultrasonic-sensors\/\"},{\"@type\":\"ListItem\",\"position\":4,\"name\":\"ISSR Full-Integrated 2M Ultrasonic Liquid Level Sensor\"}]},{\"@type\":\"WebSite\",\"@id\":\"https:\/\/issrsensor.com\/#website\",\"url\":\"https:\/\/issrsensor.com\/\",\"name\":\"ISSR-Ultrasonic Sensor Transducer Microwave Radar Piezoelectric Ceramics Manufacturer\",\"description\":\"Ultrasonic Sensor Manufacturer\",\"publisher\":{\"@id\":\"https:\/\/issrsensor.com\/#organization\"},\"alternateName\":\"ISSR\",\"potentialAction\":[{\"@type\":\"SearchAction\",\"target\":{\"@type\":\"EntryPoint\",\"urlTemplate\":\"https:\/\/issrsensor.com\/?s={search_term_string}\"},\"query-input\":{\"@type\":\"PropertyValueSpecification\",\"valueRequired\":true,\"valueName\":\"search_term_string\"}}],\"inLanguage\":\"pt-PT\"},{\"@type\":\"Organization\",\"@id\":\"https:\/\/issrsensor.com\/#organization\",\"name\":\"ISSR-Ultrasonic Sensor Transducer Microwave Radar Piezoelectric Ceramic Manufacturer\",\"alternateName\":\"ISSR\",\"url\":\"https:\/\/issrsensor.com\/\",\"logo\":{\"@type\":\"ImageObject\",\"inLanguage\":\"pt-PT\",\"@id\":\"https:\/\/issrsensor.com\/#\/schema\/logo\/image\/\",\"url\":\"https:\/\/issrsensor.com\/wp-content\/uploads\/2025\/10\/cropped-icon.jpg\",\"contentUrl\":\"https:\/\/issrsensor.com\/wp-content\/uploads\/2025\/10\/cropped-icon.jpg\",\"width\":512,\"height\":512,\"caption\":\"ISSR-Ultrasonic Sensor Transducer Microwave Radar Piezoelectric Ceramic Manufacturer\"},\"image\":{\"@id\":\"https:\/\/issrsensor.com\/#\/schema\/logo\/image\/\"},\"sameAs\":[\"https:\/\/www.facebook.com\/profile.php?id=61576721946113\",\"https:\/\/x.com\/issrsensor\",\"https:\/\/mastodon.social\/@issrsensor\",\"https:\/\/www.youtube.com\/@issrsensor\",\"https:\/\/www.pinterest.com\/issrsensor\/\",\"https:\/\/www.tumblr.com\/issrsensor\",\"https:\/\/medium.com\/@issrsensor\",\"https:\/\/www.linkedin.com\/in\/issrsensor\/\"],\"description\":\"SAUNGYU is a leading OEM manufacture of high-quality Bookshelf Speakers, Soundbar Speakers, Subwoofers, Outdoor Portable Speakers, Hotel Cinema Speakers and more for esteemed brands across the world.\",\"legalName\":\"Shenzhen Saungyu Digital Technology Co., Ltd.\",\"foundingDate\":\"2004-01-01\",\"numberOfEmployees\":{\"@type\":\"QuantitativeValue\",\"minValue\":\"51\",\"maxValue\":\"200\"}}]}<\/script>\n<meta property=\"product:price:currency\" content=\"CNY\" \/>\n<meta property=\"og:availability\" content=\"instock\" \/>\n<meta property=\"product:availability\" content=\"instock\" \/>\n<meta property=\"product:condition\" content=\"new\" \/>\n<!-- \/ Yoast SEO Premium plugin. -->","yoast_head_json":{"title":"Sensor de N\u00edvel Ultrass\u00f4nico 2m | 3-em-1: Anal\u00f3gico, NPN\/PNP, TTL232","description":"Sensor universal (ISSR 2M) para l\u00edqudos e s\u00f3lidos. Sa\u00edda 3-em-1: Anal\u00f3gica, NPN\/PNP e TTL232. Zona morta 100mm. Sonda anticorrosiva dispon\u00edvel.","robots":{"index":"index","follow":"follow","max-snippet":"max-snippet:-1","max-image-preview":"max-image-preview:large","max-video-preview":"max-video-preview:-1"},"canonical":"https:\/\/issrsensor.com\/pt\/products\/issr-full-integrated-2m-ultrasonic-liquid-level-sensor\/","og_locale":"pt_PT","og_type":"article","og_title":"ISSR Full-Integrated 2M Ultrasonic Liquid Level Sensor","og_description":"ISSR 2M Universal Sensor for Liquids & Solids. Features 3-in-1 switchable output: Analog, NPN\/PNP & TTL232. 100mm blind zone. Custom anti-corrosive probe.","og_url":"https:\/\/issrsensor.com\/pt\/products\/issr-full-integrated-2m-ultrasonic-liquid-level-sensor\/","og_site_name":"ISSR","article_publisher":"https:\/\/www.facebook.com\/profile.php?id=61576721946113","article_modified_time":"2026-01-28T08:20:40+00:00","og_image":[{"width":800,"height":600,"url":"https:\/\/issrsensor.com\/wp-content\/uploads\/2025\/12\/2M-fully-integrated-ultrasonic-material-ranging-liquid-level-distance-sensor-ISUB2000-30GM85-01.png","type":"image\/png"}],"twitter_card":"summary_large_image","twitter_site":"@issrsensor","twitter_misc":{"pre\u00e7o":"","Disponibilidade":"Em stock"},"schema":{"@context":"https:\/\/schema.org","@graph":[{"@type":"WebPage","@id":"https:\/\/issrsensor.com\/products\/issr-full-integrated-2m-ultrasonic-liquid-level-sensor\/","url":"https:\/\/issrsensor.com\/products\/issr-full-integrated-2m-ultrasonic-liquid-level-sensor\/","name":"Sensor de N\u00edvel Ultrass\u00f4nico 2m | 3-em-1: Anal\u00f3gico, NPN\/PNP, TTL232","isPartOf":{"@id":"https:\/\/issrsensor.com\/#website"},"primaryImageOfPage":{"@id":"https:\/\/issrsensor.com\/products\/issr-full-integrated-2m-ultrasonic-liquid-level-sensor\/#primaryimage"},"image":{"@id":"https:\/\/issrsensor.com\/products\/issr-full-integrated-2m-ultrasonic-liquid-level-sensor\/#primaryimage"},"thumbnailUrl":"https:\/\/issrsensor.com\/wp-content\/uploads\/2025\/12\/2M-fully-integrated-ultrasonic-material-ranging-liquid-level-distance-sensor-ISUB2000-30GM85-01.png","datePublished":"2025-12-11T09:41:49+00:00","dateModified":"2026-01-28T08:20:40+00:00","description":"Sensor universal (ISSR 2M) para l\u00edqudos e s\u00f3lidos. Sa\u00edda 3-em-1: Anal\u00f3gica, NPN\/PNP e TTL232. Zona morta 100mm. Sonda anticorrosiva dispon\u00edvel.","breadcrumb":{"@id":"https:\/\/issrsensor.com\/products\/issr-full-integrated-2m-ultrasonic-liquid-level-sensor\/#breadcrumb"},"inLanguage":"pt-PT","potentialAction":[{"@type":"ReadAction","target":["https:\/\/issrsensor.com\/products\/issr-full-integrated-2m-ultrasonic-liquid-level-sensor\/"]}]},{"@type":"ImageObject","inLanguage":"pt-PT","@id":"https:\/\/issrsensor.com\/products\/issr-full-integrated-2m-ultrasonic-liquid-level-sensor\/#primaryimage","url":"https:\/\/issrsensor.com\/wp-content\/uploads\/2025\/12\/2M-fully-integrated-ultrasonic-material-ranging-liquid-level-distance-sensor-ISUB2000-30GM85-01.png","contentUrl":"https:\/\/issrsensor.com\/wp-content\/uploads\/2025\/12\/2M-fully-integrated-ultrasonic-material-ranging-liquid-level-distance-sensor-ISUB2000-30GM85-01.png","width":800,"height":600,"caption":"2M fully integrated ultrasonic material ranging liquid level distance sensor-ISUB2000-30GM85-01"},{"@type":"BreadcrumbList","@id":"https:\/\/issrsensor.com\/products\/issr-full-integrated-2m-ultrasonic-liquid-level-sensor\/#breadcrumb","itemListElement":[{"@type":"ListItem","position":1,"name":"Home","item":"https:\/\/issrsensor.com\/"},{"@type":"ListItem","position":2,"name":"Products","item":"https:\/\/issrsensor.com\/shop-page\/"},{"@type":"ListItem","position":3,"name":"Ultrasonic Sensors","item":"https:\/\/issrsensor.com\/product-category\/ultrasonic-sensors\/"},{"@type":"ListItem","position":4,"name":"ISSR Full-Integrated 2M Ultrasonic Liquid Level Sensor"}]},{"@type":"WebSite","@id":"https:\/\/issrsensor.com\/#website","url":"https:\/\/issrsensor.com\/","name":"ISSR-Transdutor de Sensor Ultrass\u00f3nico Radar de Micro-ondas Cer\u00e2mica Piezoel\u00e9ctrica Fabricante","description":"Fabricante de sensores ultra-s\u00f3nicos","publisher":{"@id":"https:\/\/issrsensor.com\/#organization"},"alternateName":"ISSR","potentialAction":[{"@type":"SearchAction","target":{"@type":"EntryPoint","urlTemplate":"https:\/\/issrsensor.com\/?s={search_term_string}"},"query-input":{"@type":"PropertyValueSpecification","valueRequired":true,"valueName":"search_term_string"}}],"inLanguage":"pt-PT"},{"@type":"Organization","@id":"https:\/\/issrsensor.com\/#organization","name":"ISSR-Transdutor de Sensor Ultrass\u00f3nico Radar de Micro-ondas Cer\u00e2mica Piezoel\u00e9ctrica Fabricante","alternateName":"ISSR","url":"https:\/\/issrsensor.com\/","logo":{"@type":"ImageObject","inLanguage":"pt-PT","@id":"https:\/\/issrsensor.com\/#\/schema\/logo\/image\/","url":"https:\/\/issrsensor.com\/wp-content\/uploads\/2025\/10\/cropped-icon.jpg","contentUrl":"https:\/\/issrsensor.com\/wp-content\/uploads\/2025\/10\/cropped-icon.jpg","width":512,"height":512,"caption":"ISSR-Ultrasonic Sensor Transducer Microwave Radar Piezoelectric Ceramic Manufacturer"},"image":{"@id":"https:\/\/issrsensor.com\/#\/schema\/logo\/image\/"},"sameAs":["https:\/\/www.facebook.com\/profile.php?id=61576721946113","https:\/\/x.com\/issrsensor","https:\/\/mastodon.social\/@issrsensor","https:\/\/www.youtube.com\/@issrsensor","https:\/\/www.pinterest.com\/issrsensor\/","https:\/\/www.tumblr.com\/issrsensor","https:\/\/medium.com\/@issrsensor","https:\/\/www.linkedin.com\/in\/issrsensor\/"],"description":"A SAUNGYU \u00e9 um fabricante OEM l\u00edder de colunas de prateleira de alta qualidade, colunas Soundbar, subwoofers, colunas port\u00e1teis para exterior, colunas de cinema para hotel e muito mais para marcas conceituadas em todo o mundo.","legalName":"Shenzhen Saungyu Digital Technology Co., Ltd.","foundingDate":"2004-01-01","numberOfEmployees":{"@type":"QuantitativeValue","minValue":"51","maxValue":"200"}}]},"product_price_currency":"CNY","og_availability":"instock","product_availability":"instock","product_condition":"new"},"_links":{"self":[{"href":"https:\/\/issrsensor.com\/pt\/wp-json\/wp\/v2\/product\/6632","targetHints":{"allow":["GET"]}}],"collection":[{"href":"https:\/\/issrsensor.com\/pt\/wp-json\/wp\/v2\/product"}],"about":[{"href":"https:\/\/issrsensor.com\/pt\/wp-json\/wp\/v2\/types\/product"}],"wp:featuredmedia":[{"embeddable":true,"href":"https:\/\/issrsensor.com\/pt\/wp-json\/wp\/v2\/media\/6624"}],"wp:attachment":[{"href":"https:\/\/issrsensor.com\/pt\/wp-json\/wp\/v2\/media?parent=6632"}],"wp:term":[{"taxonomy":"product_brand","embeddable":true,"href":"https:\/\/issrsensor.com\/pt\/wp-json\/wp\/v2\/product_brand?post=6632"},{"taxonomy":"product_cat","embeddable":true,"href":"https:\/\/issrsensor.com\/pt\/wp-json\/wp\/v2\/product_cat?post=6632"},{"taxonomy":"product_tag","embeddable":true,"href":"https:\/\/issrsensor.com\/pt\/wp-json\/wp\/v2\/product_tag?post=6632"}],"curies":[{"name":"wp","href":"https:\/\/api.w.org\/{rel}","templated":true}]}}