{"id":6637,"date":"2025-12-12T11:17:25","date_gmt":"2025-12-12T03:17:25","guid":{"rendered":"https:\/\/issrsensor.com\/?post_type=product&#038;p=6637"},"modified":"2026-04-16T16:57:59","modified_gmt":"2026-04-16T08:57:59","slug":"issr-4m-all-in-one-ultrasonic-level-distance-sensor-switch-analog-digital-output","status":"publish","type":"product","link":"https:\/\/issrsensor.com\/pt\/products\/issr-4m-all-in-one-ultrasonic-level-distance-sensor-switch-analog-digital-output\/","title":{"rendered":"ISSR 4M Sensor de Dist\u00e2ncia Ultrass\u00f3nico de N\u00edvel Tudo-em-Um Interruptor\/Sa\u00edda Anal\u00f3gica\/Digital"},"content":{"rendered":"","protected":false},"excerpt":{"rendered":"","protected":false},"featured_media":6646,"template":"","meta":{"_acf_changed":false},"product_brand":[],"product_cat":[60,15],"product_tag":[],"class_list":{"0":"post-6637","1":"product","2":"type-product","3":"status-publish","4":"has-post-thumbnail","6":"product_cat-ultrasonic-distance-sensors","7":"product_cat-ultrasonic-sensors","9":"first","10":"instock","11":"featured","12":"shipping-taxable","13":"product-type-simple"},"acf":[],"yoast_head":"<!-- This site is optimized with the Yoast SEO Premium plugin v26.8 (Yoast SEO v26.8) - https:\/\/yoast.com\/product\/yoast-seo-premium-wordpress\/ -->\n<title>4m Ultrasonic Level Sensor | Liquid, Tank &amp; River Monitor M30<\/title>\n<meta name=\"description\" content=\"Versatile M30 ultrasonic sensor (ISUB4000) for liquids, chemical tanks, and river levels. Features 4m range, IP67 metal housing, secure wire teach-in, and reliable NPN output.\" \/>\n<meta name=\"robots\" content=\"index, follow, max-snippet:-1, max-image-preview:large, max-video-preview:-1\" \/>\n<link rel=\"canonical\" href=\"https:\/\/issrsensor.com\/pt\/products\/issr-4m-all-in-one-ultrasonic-level-distance-sensor-switch-analog-digital-output\/\" \/>\n<meta property=\"og:locale\" content=\"pt_PT\" \/>\n<meta property=\"og:type\" content=\"article\" \/>\n<meta property=\"og:title\" content=\"ISSR 4M All-in-One Ultrasonic Level Distance Sensor Switch\/Analog\/Digital Output\" \/>\n<meta property=\"og:description\" content=\"Versatile M30 ultrasonic sensor (ISUB4000) for liquids, chemical tanks, and river levels. Features 4m range, IP67 metal housing, secure wire teach-in, and reliable NPN output.\" \/>\n<meta property=\"og:url\" content=\"https:\/\/issrsensor.com\/pt\/products\/issr-4m-all-in-one-ultrasonic-level-distance-sensor-switch-analog-digital-output\/\" \/>\n<meta property=\"og:site_name\" content=\"ISSR\" \/>\n<meta property=\"article:publisher\" content=\"https:\/\/www.facebook.com\/profile.php?id=61576721946113\" \/>\n<meta property=\"article:modified_time\" content=\"2026-04-16T08:57:59+00:00\" \/>\n<meta property=\"og:image\" content=\"https:\/\/issrsensor.com\/wp-content\/uploads\/2025\/12\/4M-fully-integrated-ultrasonic-material-ranging-liquid-level-distance-sensor-ISUB4000-30GM85-01.png\" \/>\n\t<meta property=\"og:image:width\" content=\"800\" \/>\n\t<meta property=\"og:image:height\" content=\"600\" \/>\n\t<meta property=\"og:image:type\" content=\"image\/png\" \/>\n<meta name=\"twitter:card\" content=\"summary_large_image\" \/>\n<meta name=\"twitter:site\" content=\"@issrsensor\" \/>\n<meta name=\"twitter:label1\" content=\"pre\u00e7o\" \/>\n\t<meta name=\"twitter:data1\" content=\"\" \/>\n\t<meta name=\"twitter:label2\" content=\"Disponibilidade\" \/>\n\t<meta name=\"twitter:data2\" content=\"Em stock\" \/>\n<script type=\"application\/ld+json\" class=\"yoast-schema-graph\">{\"@context\":\"https:\/\/schema.org\",\"@graph\":[{\"@type\":\"WebPage\",\"@id\":\"https:\/\/issrsensor.com\/products\/issr-4m-all-in-one-ultrasonic-level-distance-sensor-switch-analog-digital-output\/\",\"url\":\"https:\/\/issrsensor.com\/products\/issr-4m-all-in-one-ultrasonic-level-distance-sensor-switch-analog-digital-output\/\",\"name\":\"4m Ultrasonic Level Sensor | Liquid, Tank & River Monitor M30\",\"isPartOf\":{\"@id\":\"https:\/\/issrsensor.com\/#website\"},\"primaryImageOfPage\":{\"@id\":\"https:\/\/issrsensor.com\/products\/issr-4m-all-in-one-ultrasonic-level-distance-sensor-switch-analog-digital-output\/#primaryimage\"},\"image\":{\"@id\":\"https:\/\/issrsensor.com\/products\/issr-4m-all-in-one-ultrasonic-level-distance-sensor-switch-analog-digital-output\/#primaryimage\"},\"thumbnailUrl\":\"https:\/\/issrsensor.com\/wp-content\/uploads\/2025\/12\/4M-fully-integrated-ultrasonic-material-ranging-liquid-level-distance-sensor-ISUB4000-30GM85-01.png\",\"datePublished\":\"2025-12-12T03:17:25+00:00\",\"dateModified\":\"2026-04-16T08:57:59+00:00\",\"description\":\"Versatile M30 ultrasonic sensor (ISUB4000) for liquids, chemical tanks, and river levels. Features 4m range, IP67 metal housing, secure wire teach-in, and reliable NPN output.\",\"breadcrumb\":{\"@id\":\"https:\/\/issrsensor.com\/products\/issr-4m-all-in-one-ultrasonic-level-distance-sensor-switch-analog-digital-output\/#breadcrumb\"},\"inLanguage\":\"pt-PT\",\"potentialAction\":[{\"@type\":\"ReadAction\",\"target\":[\"https:\/\/issrsensor.com\/products\/issr-4m-all-in-one-ultrasonic-level-distance-sensor-switch-analog-digital-output\/\"]}]},{\"@type\":\"ImageObject\",\"inLanguage\":\"pt-PT\",\"@id\":\"https:\/\/issrsensor.com\/products\/issr-4m-all-in-one-ultrasonic-level-distance-sensor-switch-analog-digital-output\/#primaryimage\",\"url\":\"https:\/\/issrsensor.com\/wp-content\/uploads\/2025\/12\/4M-fully-integrated-ultrasonic-material-ranging-liquid-level-distance-sensor-ISUB4000-30GM85-01.png\",\"contentUrl\":\"https:\/\/issrsensor.com\/wp-content\/uploads\/2025\/12\/4M-fully-integrated-ultrasonic-material-ranging-liquid-level-distance-sensor-ISUB4000-30GM85-01.png\",\"width\":800,\"height\":600,\"caption\":\"4M fully integrated ultrasonic material ranging liquid level distance sensor-ISUB4000-30GM85-01\"},{\"@type\":\"BreadcrumbList\",\"@id\":\"https:\/\/issrsensor.com\/products\/issr-4m-all-in-one-ultrasonic-level-distance-sensor-switch-analog-digital-output\/#breadcrumb\",\"itemListElement\":[{\"@type\":\"ListItem\",\"position\":1,\"name\":\"Home\",\"item\":\"https:\/\/issrsensor.com\/\"},{\"@type\":\"ListItem\",\"position\":2,\"name\":\"Products\",\"item\":\"https:\/\/issrsensor.com\/shop-page\/\"},{\"@type\":\"ListItem\",\"position\":3,\"name\":\"Ultrasonic Sensors\",\"item\":\"https:\/\/issrsensor.com\/product-category\/ultrasonic-sensors\/\"},{\"@type\":\"ListItem\",\"position\":4,\"name\":\"ISSR 4M All-in-One Ultrasonic Level Distance Sensor Switch\/Analog\/Digital Output\"}]},{\"@type\":\"WebSite\",\"@id\":\"https:\/\/issrsensor.com\/#website\",\"url\":\"https:\/\/issrsensor.com\/\",\"name\":\"ISSR-Ultrasonic Sensor Transducer Microwave Radar Piezoelectric Ceramics Manufacturer\",\"description\":\"Ultrasonic Sensor Manufacturer\",\"publisher\":{\"@id\":\"https:\/\/issrsensor.com\/#organization\"},\"alternateName\":\"ISSR\",\"potentialAction\":[{\"@type\":\"SearchAction\",\"target\":{\"@type\":\"EntryPoint\",\"urlTemplate\":\"https:\/\/issrsensor.com\/?s={search_term_string}\"},\"query-input\":{\"@type\":\"PropertyValueSpecification\",\"valueRequired\":true,\"valueName\":\"search_term_string\"}}],\"inLanguage\":\"pt-PT\"},{\"@type\":\"Organization\",\"@id\":\"https:\/\/issrsensor.com\/#organization\",\"name\":\"ISSR-Ultrasonic Sensor Transducer Microwave Radar Piezoelectric Ceramic Manufacturer\",\"alternateName\":\"ISSR\",\"url\":\"https:\/\/issrsensor.com\/\",\"logo\":{\"@type\":\"ImageObject\",\"inLanguage\":\"pt-PT\",\"@id\":\"https:\/\/issrsensor.com\/#\/schema\/logo\/image\/\",\"url\":\"https:\/\/issrsensor.com\/wp-content\/uploads\/2025\/10\/cropped-icon.jpg\",\"contentUrl\":\"https:\/\/issrsensor.com\/wp-content\/uploads\/2025\/10\/cropped-icon.jpg\",\"width\":512,\"height\":512,\"caption\":\"ISSR-Ultrasonic Sensor Transducer Microwave Radar Piezoelectric Ceramic Manufacturer\"},\"image\":{\"@id\":\"https:\/\/issrsensor.com\/#\/schema\/logo\/image\/\"},\"sameAs\":[\"https:\/\/www.facebook.com\/profile.php?id=61576721946113\",\"https:\/\/x.com\/issrsensor\",\"https:\/\/mastodon.social\/@issrsensor\",\"https:\/\/www.youtube.com\/@issrsensor\",\"https:\/\/www.pinterest.com\/issrsensor\/\",\"https:\/\/www.tumblr.com\/issrsensor\",\"https:\/\/medium.com\/@issrsensor\",\"https:\/\/www.linkedin.com\/in\/issrsensor\/\"],\"description\":\"SAUNGYU is a leading OEM manufacture of high-quality Bookshelf Speakers, Soundbar Speakers, Subwoofers, Outdoor Portable Speakers, Hotel Cinema Speakers and more for esteemed brands across the world.\",\"legalName\":\"Shenzhen Saungyu Digital Technology Co., Ltd.\",\"foundingDate\":\"2004-01-01\",\"numberOfEmployees\":{\"@type\":\"QuantitativeValue\",\"minValue\":\"51\",\"maxValue\":\"200\"}}]}<\/script>\n<meta property=\"product:price:currency\" content=\"CNY\" \/>\n<meta property=\"og:availability\" content=\"instock\" \/>\n<meta property=\"product:availability\" content=\"instock\" \/>\n<meta property=\"product:condition\" content=\"new\" \/>\n<!-- \/ Yoast SEO Premium plugin. -->","yoast_head_json":{"title":"Sensor de N\u00edvel Ultrass\u00f4nico 4m | Tanques e Rios M30 NPN","description":"Sensor M30 vers\u00e1til (ISUB4000) para l\u00edquidos, tanques industriais e n\u00edvel de rios. Alcance 4m, IP67, ajuste seguro via fio (Wire Teach). Sa\u00edda NPN confi\u00e1vel.","robots":{"index":"index","follow":"follow","max-snippet":"max-snippet:-1","max-image-preview":"max-image-preview:large","max-video-preview":"max-video-preview:-1"},"canonical":"https:\/\/issrsensor.com\/pt\/products\/issr-4m-all-in-one-ultrasonic-level-distance-sensor-switch-analog-digital-output\/","og_locale":"pt_PT","og_type":"article","og_title":"ISSR 4M All-in-One Ultrasonic Level Distance Sensor Switch\/Analog\/Digital Output","og_description":"Versatile M30 ultrasonic sensor (ISUB4000) for liquids, chemical tanks, and river levels. Features 4m range, IP67 metal housing, secure wire teach-in, and reliable NPN output.","og_url":"https:\/\/issrsensor.com\/pt\/products\/issr-4m-all-in-one-ultrasonic-level-distance-sensor-switch-analog-digital-output\/","og_site_name":"ISSR","article_publisher":"https:\/\/www.facebook.com\/profile.php?id=61576721946113","article_modified_time":"2026-04-16T08:57:59+00:00","og_image":[{"width":800,"height":600,"url":"https:\/\/issrsensor.com\/wp-content\/uploads\/2025\/12\/4M-fully-integrated-ultrasonic-material-ranging-liquid-level-distance-sensor-ISUB4000-30GM85-01.png","type":"image\/png"}],"twitter_card":"summary_large_image","twitter_site":"@issrsensor","twitter_misc":{"pre\u00e7o":"","Disponibilidade":"Em stock"},"schema":{"@context":"https:\/\/schema.org","@graph":[{"@type":"WebPage","@id":"https:\/\/issrsensor.com\/products\/issr-4m-all-in-one-ultrasonic-level-distance-sensor-switch-analog-digital-output\/","url":"https:\/\/issrsensor.com\/products\/issr-4m-all-in-one-ultrasonic-level-distance-sensor-switch-analog-digital-output\/","name":"Sensor de N\u00edvel Ultrass\u00f4nico 4m | Tanques e Rios M30 NPN","isPartOf":{"@id":"https:\/\/issrsensor.com\/#website"},"primaryImageOfPage":{"@id":"https:\/\/issrsensor.com\/products\/issr-4m-all-in-one-ultrasonic-level-distance-sensor-switch-analog-digital-output\/#primaryimage"},"image":{"@id":"https:\/\/issrsensor.com\/products\/issr-4m-all-in-one-ultrasonic-level-distance-sensor-switch-analog-digital-output\/#primaryimage"},"thumbnailUrl":"https:\/\/issrsensor.com\/wp-content\/uploads\/2025\/12\/4M-fully-integrated-ultrasonic-material-ranging-liquid-level-distance-sensor-ISUB4000-30GM85-01.png","datePublished":"2025-12-12T03:17:25+00:00","dateModified":"2026-04-16T08:57:59+00:00","description":"Sensor M30 vers\u00e1til (ISUB4000) para l\u00edquidos, tanques industriais e n\u00edvel de rios. Alcance 4m, IP67, ajuste seguro via fio (Wire Teach). Sa\u00edda NPN confi\u00e1vel.","breadcrumb":{"@id":"https:\/\/issrsensor.com\/products\/issr-4m-all-in-one-ultrasonic-level-distance-sensor-switch-analog-digital-output\/#breadcrumb"},"inLanguage":"pt-PT","potentialAction":[{"@type":"ReadAction","target":["https:\/\/issrsensor.com\/products\/issr-4m-all-in-one-ultrasonic-level-distance-sensor-switch-analog-digital-output\/"]}]},{"@type":"ImageObject","inLanguage":"pt-PT","@id":"https:\/\/issrsensor.com\/products\/issr-4m-all-in-one-ultrasonic-level-distance-sensor-switch-analog-digital-output\/#primaryimage","url":"https:\/\/issrsensor.com\/wp-content\/uploads\/2025\/12\/4M-fully-integrated-ultrasonic-material-ranging-liquid-level-distance-sensor-ISUB4000-30GM85-01.png","contentUrl":"https:\/\/issrsensor.com\/wp-content\/uploads\/2025\/12\/4M-fully-integrated-ultrasonic-material-ranging-liquid-level-distance-sensor-ISUB4000-30GM85-01.png","width":800,"height":600,"caption":"4M fully integrated ultrasonic material ranging liquid level distance sensor-ISUB4000-30GM85-01"},{"@type":"BreadcrumbList","@id":"https:\/\/issrsensor.com\/products\/issr-4m-all-in-one-ultrasonic-level-distance-sensor-switch-analog-digital-output\/#breadcrumb","itemListElement":[{"@type":"ListItem","position":1,"name":"Home","item":"https:\/\/issrsensor.com\/"},{"@type":"ListItem","position":2,"name":"Products","item":"https:\/\/issrsensor.com\/shop-page\/"},{"@type":"ListItem","position":3,"name":"Ultrasonic Sensors","item":"https:\/\/issrsensor.com\/product-category\/ultrasonic-sensors\/"},{"@type":"ListItem","position":4,"name":"ISSR 4M All-in-One Ultrasonic Level Distance Sensor Switch\/Analog\/Digital Output"}]},{"@type":"WebSite","@id":"https:\/\/issrsensor.com\/#website","url":"https:\/\/issrsensor.com\/","name":"ISSR-Transdutor de Sensor Ultrass\u00f3nico Radar de Micro-ondas Cer\u00e2mica Piezoel\u00e9ctrica Fabricante","description":"Fabricante de sensores ultra-s\u00f3nicos","publisher":{"@id":"https:\/\/issrsensor.com\/#organization"},"alternateName":"ISSR","potentialAction":[{"@type":"SearchAction","target":{"@type":"EntryPoint","urlTemplate":"https:\/\/issrsensor.com\/?s={search_term_string}"},"query-input":{"@type":"PropertyValueSpecification","valueRequired":true,"valueName":"search_term_string"}}],"inLanguage":"pt-PT"},{"@type":"Organization","@id":"https:\/\/issrsensor.com\/#organization","name":"ISSR-Transdutor de Sensor Ultrass\u00f3nico Radar de Micro-ondas Cer\u00e2mica Piezoel\u00e9ctrica Fabricante","alternateName":"ISSR","url":"https:\/\/issrsensor.com\/","logo":{"@type":"ImageObject","inLanguage":"pt-PT","@id":"https:\/\/issrsensor.com\/#\/schema\/logo\/image\/","url":"https:\/\/issrsensor.com\/wp-content\/uploads\/2025\/10\/cropped-icon.jpg","contentUrl":"https:\/\/issrsensor.com\/wp-content\/uploads\/2025\/10\/cropped-icon.jpg","width":512,"height":512,"caption":"ISSR-Ultrasonic Sensor Transducer Microwave Radar Piezoelectric Ceramic Manufacturer"},"image":{"@id":"https:\/\/issrsensor.com\/#\/schema\/logo\/image\/"},"sameAs":["https:\/\/www.facebook.com\/profile.php?id=61576721946113","https:\/\/x.com\/issrsensor","https:\/\/mastodon.social\/@issrsensor","https:\/\/www.youtube.com\/@issrsensor","https:\/\/www.pinterest.com\/issrsensor\/","https:\/\/www.tumblr.com\/issrsensor","https:\/\/medium.com\/@issrsensor","https:\/\/www.linkedin.com\/in\/issrsensor\/"],"description":"A SAUNGYU \u00e9 um fabricante OEM l\u00edder de colunas de prateleira de alta qualidade, colunas Soundbar, subwoofers, colunas port\u00e1teis para exterior, colunas de cinema para hotel e muito mais para marcas conceituadas em todo o mundo.","legalName":"Shenzhen Saungyu Digital Technology Co., Ltd.","foundingDate":"2004-01-01","numberOfEmployees":{"@type":"QuantitativeValue","minValue":"51","maxValue":"200"}}]},"product_price_currency":"CNY","og_availability":"instock","product_availability":"instock","product_condition":"new"},"_links":{"self":[{"href":"https:\/\/issrsensor.com\/pt\/wp-json\/wp\/v2\/product\/6637","targetHints":{"allow":["GET"]}}],"collection":[{"href":"https:\/\/issrsensor.com\/pt\/wp-json\/wp\/v2\/product"}],"about":[{"href":"https:\/\/issrsensor.com\/pt\/wp-json\/wp\/v2\/types\/product"}],"wp:featuredmedia":[{"embeddable":true,"href":"https:\/\/issrsensor.com\/pt\/wp-json\/wp\/v2\/media\/6646"}],"wp:attachment":[{"href":"https:\/\/issrsensor.com\/pt\/wp-json\/wp\/v2\/media?parent=6637"}],"wp:term":[{"taxonomy":"product_brand","embeddable":true,"href":"https:\/\/issrsensor.com\/pt\/wp-json\/wp\/v2\/product_brand?post=6637"},{"taxonomy":"product_cat","embeddable":true,"href":"https:\/\/issrsensor.com\/pt\/wp-json\/wp\/v2\/product_cat?post=6637"},{"taxonomy":"product_tag","embeddable":true,"href":"https:\/\/issrsensor.com\/pt\/wp-json\/wp\/v2\/product_tag?post=6637"}],"curies":[{"name":"wp","href":"https:\/\/api.w.org\/{rel}","templated":true}]}}